{"id":11758,"date":"2018-04-19T17:07:47","date_gmt":"2018-04-19T17:07:47","guid":{"rendered":"http:\/\/hlrnet.com\/sites\/alt164\/?page_id=11758"},"modified":"2026-03-20T19:22:22","modified_gmt":"2026-03-20T19:22:22","slug":"el-espanol-de-los-negocios","status":"publish","type":"page","link":"https:\/\/hlrnet.com\/sites\/alt164\/el-espanol-de-los-negocios\/","title":{"rendered":"El espa\u00f1ol de los negocios"},"content":{"rendered":"<ul>\n<li><strong>Informaciones <\/strong>\n<ul>\n<li><a href=\"https:\/\/www.abc.es\/economia\/\" target=\"_blank\" rel=\"noopener noreferrer\">ABC: econom\u00eda<\/a><\/li>\n<li><a href=\"https:\/\/www.bancaynegocios.com\/\">Banca y Negocios<\/a><\/li>\n<li><a href=\"https:\/\/www.bde.es\/\">Banco de Espa\u00f1a<\/a><\/li>\n<li><a href=\"https:\/\/www.elblogsalmon.com\/\">El blog salm\u00f3n<\/a><\/li>\n<li><a href=\"https:\/\/www.bolsa.es\/\">La bolsa<\/a><\/li>\n<li><a href=\"https:\/\/www.elconfidencial.com\/mercados\/\">Cotizalia<\/a><\/li>\n<li><a href=\"https:\/\/www.df.cl\/\">El Diario Financiero<\/a> (CL)<\/li>\n<li><a href=\"https:\/\/economipedia.com\/\">Economiapedia<\/a><\/li>\n<li><a href=\"https:\/\/www.eleconomista.es\/\">elEconomista<\/a><\/li>\n<li><a href=\"https:\/\/www.einforma.com\/\">einforma<\/a><\/li>\n<li><a href=\"https:\/\/www.estrategia.net\/\">Estrategia.net<\/a>: revista de informaci\u00f3n empresarial del Pa\u00eds Vasco<\/li>\n<li><a href=\"https:\/\/www.expansion.com\/\">Expansi\u00f3n.com<\/a><\/li>\n<li><a href=\"https:\/\/financialred.com\/\">Financial Red<\/a>: Bolsa, Econom\u00eda y Finanzas<\/li>\n<li><a href=\"https:\/\/www.finanzas.com\/\">Finanzas.com<\/a><\/li>\n<li><a href=\"https:\/\/forbesmagazine.es\/\">Forbes<\/a><\/li>\n<li><a href=\"https:\/\/www.negocios.com\/\">La gaceta de los negocios<\/a><\/li>\n<li><a href=\"https:\/\/www.gestiopolis.com\/\" target=\"_blank\" rel=\"noopener noreferrer\">GestioPolis<\/a><\/li>\n<li><a href=\"https:\/\/www.lainformacion.com\/economia-negocios-y-finanzas\/\">La Informaci\u00f3n<\/a><\/li>\n<li><a href=\"https:\/\/www.intereconomia.com\/\">Intereconom\u00eda<\/a><\/li>\n<li><a href=\"https:\/\/www.invertia.com\/\">Invertia<\/a><\/li>\n<li><a href=\"https:\/\/www.madrimasd.org\/\" target=\"_blank\" rel=\"noopener noreferrer\">Madri+d<\/a><\/li>\n<li><a href=\"https:\/\/www.oroyfinanzas.com\/\">Oro y Finanzas<\/a><\/li>\n<li><a href=\"https:\/\/elpais.com\/economia\/\">El Pa\u00eds Econom\u00eda<\/a><\/li>\n<li><a href=\"https:\/\/www.rankia.com\/\">Rankia<\/a><\/li>\n<li><a href=\"https:\/\/es.finance.yahoo.com\/\">Yahoo Espa\u00f1a<\/a><\/li>\n<li><a href=\"https:\/\/www.wikieconomia.net\/\">Wikieconomia<\/a><\/li>\n<\/ul>\n<\/li>\n<li><strong>Temas y actividades<\/strong>\n<ul>\n<li><a href=\"https:\/\/autocontrol.es\/\">Autocontrol<\/a>: Asociaci\u00f3n para la Autoregulaci\u00f3n de la Comunciaci\u00f3n Comercial<\/li>\n<li><a href=\"https:\/\/www.ceoe.es\/\">CEOE &#8211; Confederaci\u00f3n Espa\u00f1ola de Organizaciones Empresariales<\/a><\/li>\n<li><a href=\"https:\/\/www.cce.org.mx\/\" target=\"_blank\" rel=\"noopener noreferrer\">Consejo Coordinador Empresarial<\/a> (MX)<\/li>\n<li><a href=\"https:\/\/www.facua.org\/\">FACUA &#8211; Consumidores en Acci\u00f3n<\/a><\/li>\n<li><a href=\"https:\/\/www.cursosfemxa.es\/\">Grupo Fexma<\/a><\/li>\n<li><a href=\"https:\/\/www.hispacoop.es\/\">Hispacoop<\/a>: Confederaci\u00f3n espa\u00f1ola de cooperativas de consumidores y usuarios<\/li>\n<li><a href=\"https:\/\/ideas.coop\/\">Ideas.coop<\/a>: comercio justo<\/li>\n<li><a href=\"https:\/\/www.ifema.es\/\">IFEMA: Feria de Madrid<\/a><\/li>\n<li><a href=\"https:\/\/www.ine.es\/\">INE &#8211; Instituto Nacional de Estad\u00edstica<\/a><\/li>\n<li><a href=\"https:\/\/www.infoindustrias.com\/\" target=\"_blank\" rel=\"noopener noreferrer\">InfoIndustrias<\/a><\/li>\n<li><a href=\"https:\/\/www.ocu.org\/\">OCU Organizaci\u00f3n de Consumidores y Usuarios<\/a><\/li>\n<li><a href=\"https:\/\/www.promonegocios.net\/\">Promonegocios<\/a>: portal de mercadotecnia<\/li>\n<li>Correspondencia\n<ul>\n<li><a href=\"https:\/\/es.catholic.net\/empresarioscatolicos\/863\/2998\/articulo.php?id=38138\">Catholic.net: correspondencia comercial<\/a><\/li>\n<li><a href=\"https:\/\/www.monografias.com\/trabajos11\/corres\/corres.shtml\">Monograf\u00edas: correspondencia<\/a><\/li>\n<li><a href=\"https:\/\/html.rincondelvago.com\/la-correspondencia-comercial.html\">Rinc\u00f3n del vago: la correspondencia comercial<\/a><\/li>\n<\/ul>\n<\/li>\n<\/ul>\n<\/li>\n<li><strong>Diccionarios <\/strong>\n<ul>\n<li><a href=\"https:\/\/www.cites.org\/eng\/resources\/terms\/terms_esp.shtml\">English-Spanish lexicon of terms common in CITES documents<\/a><\/li>\n<li><a href=\"https:\/\/www.spanish-translator-services.com\/espanol\/diccionarios\/contable-espanol-ingles\" target=\"_blank\" rel=\"noopener noreferrer\">Diccionario contable espa\u00f1ol-ingl\u00e9s<\/a><\/li>\n<li><a href=\"https:\/\/dti.ua.es\/es\/recursos\/diccionarios-y-glosarios.html\">Universidad de Alicante: listas de glosarios<\/a><\/li>\n<\/ul>\n<\/li>\n<li><strong>Ejercicios<\/strong>\n<ul>\n<li><a href=\"https:\/\/www.businessspanish.com\/\">Business Spanish.com<\/a><\/li>\n<\/ul>\n<\/li>\n<li><strong>C\u00e1maras de Comercio<\/strong>\n<ul>\n<li><a href=\"https:\/\/e-camara.com\/\">C\u00e1mara Oficial de Comercio de Espa\u00f1a en B\u00e9lgica y Luxemburgo<\/a><\/li>\n<li>\u00a0Espa\u00f1a\n<ul>\n<li><a href=\"https:\/\/www.camaralicante.com\/\">Alicante<\/a><\/li>\n<li><a href=\"https:\/\/www.camarabilbao.com\/\">Bilbao<\/a><\/li>\n<li><a href=\"https:\/\/www.camaraburgos.com\/\">Burgos<\/a><\/li>\n<li><a href=\"https:\/\/www.camaracantabria.com\/\">Cantabria<\/a><\/li>\n<li><a href=\"https:\/\/www.camaracs.es\/\">Castell\u00f3n<\/a><\/li>\n<li><a href=\"https:\/\/www.camaramadrid.es\/\">Madrid<\/a><\/li>\n<li><a href=\"https:\/\/www.camaravalencia.com\/\">Valencia<\/a><\/li>\n<li><a href=\"https:\/\/www.camarazaragoza.com\/\">Zaragoza<\/a><\/li>\n<\/ul>\n<\/li>\n<li>Am\u00e9rica\n<ul>\n<li><a href=\"https:\/\/www.cac.com.ar\/\">Argentina<\/a><\/li>\n<li><a href=\"https:\/\/www.ccc.org.co\/\">Cali<\/a><\/li>\n<li><a href=\"https:\/\/www.ccmexico.com.mx\/\">Ciudad de M\u00e9xico<\/a><\/li>\n<li><a href=\"https:\/\/www.ccs.cl\/\">Santiago de Chile<\/a><\/li>\n<li><a href=\"https:\/\/www.cncs.com.uy\/\">Uruguay<\/a><\/li>\n<\/ul>\n<\/li>\n<\/ul>\n<\/li>\n<li>Consumidores\n<ul>\n<li><a href=\"https:\/\/www.consuclub.com\/\">ConsuClub<\/a><\/li>\n<li><a href=\"https:\/\/miqueja.es\/\">MiQueja<\/a><\/li>\n<\/ul>\n<\/li>\n<li>M\u00e1rketing\n<ul>\n<li><a href=\"https:\/\/www.40defiebre.com\/\">40 de fiebre<\/a><\/li>\n<\/ul>\n<\/li>\n<li><strong>Varios<\/strong>\n<ul>\n<li><a href=\"http:\/\/www.aelfe.org\/\">AELFE<\/a> &#8211; Asociaci\u00f3n europea de lenguas para fines espec\u00edficos<\/li>\n<li><a href=\"https:\/\/aecconsultoras.com\/\">AEC &#8211; Asociaci\u00f3n espa\u00f1ola de empresas de consultor\u00eda<\/a><\/li>\n<li><a href=\"https:\/\/www.apd.es\/\">Asociaci\u00f3n para el Progreso de la Direcci\u00f3n<\/a><\/li>\n<li><a href=\"https:\/\/www.cnmv.es\/\">CNMV &#8211; Comisi\u00f3n Nacional del Mercado de Valores<\/a><\/li>\n<li><a href=\"https:\/\/www.esade.edu\/\">ESADE Business School<\/a><\/li>\n<li><a href=\"https:\/\/www.icex.es\/\">ICEX: Instituto Espa\u00f1ol de Comercio Exterior<\/a><\/li>\n<li><a href=\"https:\/\/www.paginasamarillas.es\/\">PaginasAmarillas<\/a><\/li>\n<li><a href=\"https:\/\/www.plantillasmil.com\/\">Plantillas mil<\/a>: plantillas y modelos<\/li>\n<li><a href=\"https:\/\/www.reaf.es\/\">Registro de Economistas y Asesores Fiscales<\/a><\/li>\n<li><a href=\"https:\/\/www.siem.gob.mx\/\" target=\"_blank\" rel=\"noopener noreferrer\">Sistema de Informaci\u00f3n Empresarial Mexicano<\/a><\/li>\n<li><a href=\"https:\/\/www.uventas.com\/\">Universidad de las Ventas<\/a><\/li>\n<\/ul>\n<\/li>\n<\/ul>\n","protected":false},"excerpt":{"rendered":"<p>Informaciones ABC: econom\u00eda Banca y Negocios Banco de Espa\u00f1a El blog salm\u00f3n La bolsa Cotizalia El Diario Financiero (CL) Economiapedia elEconomista einforma <a href=\"http:\/\/Estrategia.net\" class=\"autohyperlink\">Estrategia.net<\/a>: revista de informaci\u00f3n empresarial del Pa\u00eds Vasco Expansi\u00f3n.com Financial Red: Bolsa, Econom\u00eda y Finanzas <a href=\"http:\/\/Finanzas.com\" class=\"autohyperlink\">Finanzas.com<\/a> Forbes La gaceta de los negocios GestioPolis La Informaci\u00f3n Intereconom\u00eda Invertia Madri+d<\/p>\n","protected":false},"author":1,"featured_media":0,"parent":0,"menu_order":0,"comment_status":"closed","ping_status":"closed","template":"","meta":{"iawp_total_views":6,"footnotes":"","_wp_rev_ctl_limit":""},"class_list":["post-11758","page","type-page","status-publish","hentry"],"publishpress_future_action":{"enabled":false,"date":"2026-05-07 16:47:10","action":"change-status","newStatus":"draft","terms":[],"taxonomy":"","extraData":[]},"publishpress_future_workflow_manual_trigger":{"enabledWorkflows":[]},"_links":{"self":[{"href":"https:\/\/hlrnet.com\/sites\/alt164\/wp-json\/wp\/v2\/pages\/11758","targetHints":{"allow":["GET"]}}],"collection":[{"href":"https:\/\/hlrnet.com\/sites\/alt164\/wp-json\/wp\/v2\/pages"}],"about":[{"href":"https:\/\/hlrnet.com\/sites\/alt164\/wp-json\/wp\/v2\/types\/page"}],"author":[{"embeddable":true,"href":"https:\/\/hlrnet.com\/sites\/alt164\/wp-json\/wp\/v2\/users\/1"}],"replies":[{"embeddable":true,"href":"https:\/\/hlrnet.com\/sites\/alt164\/wp-json\/wp\/v2\/comments?post=11758"}],"version-history":[{"count":5,"href":"https:\/\/hlrnet.com\/sites\/alt164\/wp-json\/wp\/v2\/pages\/11758\/revisions"}],"predecessor-version":[{"id":27781,"href":"https:\/\/hlrnet.com\/sites\/alt164\/wp-json\/wp\/v2\/pages\/11758\/revisions\/27781"}],"wp:attachment":[{"href":"https:\/\/hlrnet.com\/sites\/alt164\/wp-json\/wp\/v2\/media?parent=11758"}],"curies":[{"name":"wp","href":"https:\/\/api.w.org\/{rel}","templated":true}]}}