{"id":11754,"date":"2018-04-19T17:07:07","date_gmt":"2018-04-19T17:07:07","guid":{"rendered":"http:\/\/hlrnet.com\/sites\/alt164\/?page_id=11754"},"modified":"2023-01-09T20:15:23","modified_gmt":"2023-01-09T20:15:23","slug":"bolivia","status":"publish","type":"page","link":"https:\/\/hlrnet.com\/sites\/alt164\/bolivia\/","title":{"rendered":"Bolivia"},"content":{"rendered":"<ul>\n<li>Buscar: <a href=\"https:\/\/www.bolivian.com\/\" target=\"_blank\" rel=\"noopener\">Bolivian.com<\/a> (\u00edndice boliviano)<\/li>\n<li>Prensa: <a href=\"https:\/\/www.eldiario.net\/\" target=\"_blank\" rel=\"noopener\">El Diario<\/a>, <a href=\"https:\/\/www.la-razon.com\/\" target=\"_blank\" rel=\"noopener\">La Raz\u00f3n<\/a>, <a href=\"https:\/\/www.lostiempos.com\/\" target=\"_blank\" rel=\"noopener\">Los Tiempos<\/a>\n<ul>\n<li>La lista de <a href=\"https:\/\/kiosko.net\/bo\/\">Kiosko<\/a><\/li>\n<\/ul>\n<\/li>\n<li><a href=\"https:\/\/www.andes.org\/\" target=\"_blank\" rel=\"noopener\">Andes.org &#8211; cultura de los Andes<\/a><\/li>\n<li><a href=\"https:\/\/www.bolivianet.com\/\" target=\"_blank\" rel=\"noopener\">Bolivianet<\/a><\/li>\n<li><a href=\"https:\/\/www.boliviaweb.com\/\" target=\"_blank\" rel=\"noopener\">Boliviaweb<\/a><\/li>\n<li><a href=\"https:\/\/www.cedib.org\/\" target=\"_blank\" rel=\"noopener\">CEDIB: Centro de Documentaci\u00f3n e Informaci\u00f3n Bolivia<\/a><\/li>\n<li><a href=\"https:\/\/www.bolivian.com\/cocina\/index.html\" target=\"_blank\" rel=\"noopener\">Cocina boliviana<\/a><\/li>\n<li><a href=\"https:\/\/www.bolivian.com\/arqueologia\/index.html\" target=\"_blank\" rel=\"noopener\">Museo Nacional de Arqueolog\u00eda<\/a><\/li>\n<li><a href=\"https:\/\/www.who.int\/data\/gho\/data\/countries\/country-details\/GHO\/bolivia-(plurinational-state-of)?countryProfileId=66fb879b-e64d-4d6d-8da2-b851f17b7f6a\">OMS<\/a><\/li>\n<li><a href=\"https:\/\/www.bolivianet.com\/turismo\/\" target=\"_blank\" rel=\"noopener\">Turismo Bolivia<\/a><\/li>\n<li>Lenguas\n<ul>\n<li><a href=\"https:\/\/es.wikipedia.org\/wiki\/Lenguas_de_Bolivia\">Lenguas de Bolivia<\/a> &#8211; Wikipedia, la enciclopedia libre<\/li>\n<li><a href=\"https:\/\/www.mundodeportivo.com\/uncomo\/educacion\/articulo\/cuales-son-las-lenguas-oficiales-en-bolivia-44820.html\">Cu\u00e1les son las lenguas oficiales en Bolivia &#8211; Mundo deportivo<\/a><\/li>\n<li><a href=\"https:\/\/www.familysearch.org\/es\/wiki\/Idiomas_de_Bolivia\">Idiomas de Bolivia<\/a> &#8211; FamilySearch Wiki<\/li>\n<\/ul>\n<\/li>\n<\/ul>\n<span class=\"last-modified-timestamp\">Ene 9, 2023 @ 8:15 pm<\/span>\n","protected":false},"excerpt":{"rendered":"<p>Buscar: <a href=\"http:\/\/Bolivian.com\" class=\"autohyperlink\">Bolivian.com<\/a> (\u00edndice boliviano) Prensa: El Diario, La Raz\u00f3n, Los Tiempos La lista de Kiosko <a href=\"http:\/\/Andes.org\" class=\"autohyperlink\">Andes.org<\/a> &#8211; cultura de los Andes Bolivianet Boliviaweb CEDIB: Centro de Documentaci\u00f3n e Informaci\u00f3n Bolivia Cocina boliviana Museo Nacional de Arqueolog\u00eda OMS Turismo Bolivia Lenguas Lenguas de Bolivia &#8211; Wikipedia, la enciclopedia libre Cu\u00e1les son<\/p>\n","protected":false},"author":1,"featured_media":0,"parent":0,"menu_order":0,"comment_status":"closed","ping_status":"closed","template":"","meta":{"iawp_total_views":1,"footnotes":"","_wp_rev_ctl_limit":""},"class_list":["post-11754","page","type-page","status-publish","hentry"],"publishpress_future_action":{"enabled":false,"date":"2026-05-04 05:37:12","action":"change-status","newStatus":"draft","terms":[],"taxonomy":"","extraData":[]},"publishpress_future_workflow_manual_trigger":{"enabledWorkflows":[]},"_links":{"self":[{"href":"https:\/\/hlrnet.com\/sites\/alt164\/wp-json\/wp\/v2\/pages\/11754","targetHints":{"allow":["GET"]}}],"collection":[{"href":"https:\/\/hlrnet.com\/sites\/alt164\/wp-json\/wp\/v2\/pages"}],"about":[{"href":"https:\/\/hlrnet.com\/sites\/alt164\/wp-json\/wp\/v2\/types\/page"}],"author":[{"embeddable":true,"href":"https:\/\/hlrnet.com\/sites\/alt164\/wp-json\/wp\/v2\/users\/1"}],"replies":[{"embeddable":true,"href":"https:\/\/hlrnet.com\/sites\/alt164\/wp-json\/wp\/v2\/comments?post=11754"}],"version-history":[{"count":0,"href":"https:\/\/hlrnet.com\/sites\/alt164\/wp-json\/wp\/v2\/pages\/11754\/revisions"}],"wp:attachment":[{"href":"https:\/\/hlrnet.com\/sites\/alt164\/wp-json\/wp\/v2\/media?parent=11754"}],"curies":[{"name":"wp","href":"https:\/\/api.w.org\/{rel}","templated":true}]}}