{"id":11752,"date":"2018-04-19T17:06:54","date_gmt":"2018-04-19T17:06:54","guid":{"rendered":"http:\/\/hlrnet.com\/sites\/alt164\/?page_id=11752"},"modified":"2026-04-16T11:52:44","modified_gmt":"2026-04-16T11:52:44","slug":"chile","status":"publish","type":"page","link":"https:\/\/hlrnet.com\/sites\/alt164\/chile\/","title":{"rendered":"Chile"},"content":{"rendered":"<ul>\n<li>Buscar: <a href=\"https:\/\/www.antena.cl\/\" target=\"_blank\" rel=\"noopener noreferrer\">Antena<\/a>, <a href=\"https:\/\/www.gochile.cl\/\" target=\"_blank\" rel=\"noopener noreferrer\">Go Chile<\/a>, <a href=\"https:\/\/www.terra.cl\/\" target=\"_blank\" rel=\"noopener noreferrer\">Terra Chile<\/a><\/li>\n<li>Prensa: <a href=\"https:\/\/www.chilevision.cl\/\">Chilevision<\/a>, <a href=\"https:\/\/www.df.cl\/\" target=\"_blank\" rel=\"noopener noreferrer\">El Diario<\/a><a href=\"https:\/\/www.df.cl\/\" target=\"_blank\" rel=\"noopener noreferrer\"> financiero<\/a>, <a href=\"https:\/\/www.emol.com\/\">Emol<\/a>, <a href=\"https:\/\/www.soychile.cl\/\">Soy Chile<\/a>, <a href=\"https:\/\/www.elsur.cl\/\" target=\"_blank\" rel=\"noopener noreferrer\">El Sur<\/a>\n<ul>\n<li>Las listas de <a href=\"https:\/\/kiosko.net\/cl\/\">Kiosko<\/a><\/li>\n<\/ul>\n<\/li>\n<li>Estad\u00edsticas: <a href=\"https:\/\/www.ine.cl\/\" target=\"_blank\" rel=\"noopener noreferrer\">Instituto Nacional de Estad\u00edsticas<\/a><\/li>\n<li><a href=\"http:\/\/www.nuevoanden.com\/\" target=\"_blank\" rel=\"noopener noreferrer\">And\u00e9n Chile<\/a><\/li>\n<li><a href=\"https:\/\/www.antena.cl\/\" target=\"_blank\" rel=\"noopener noreferrer\">Antena<\/a> &#8211; buscador<\/li>\n<li>Autoridades\n<ul>\n<li><a href=\"https:\/\/www.dt.gob.cl\/\">Direcci\u00f3n del Trabajo<\/a><\/li>\n<li><a href=\"https:\/\/www.fne.gob.cl\/\">Fiscal\u00eda Nacional Econom\u00f3mica<\/a><\/li>\n<li><a href=\"https:\/\/www.gob.cl\/\">Gobierno de Chile<\/a><\/li>\n<li><a href=\"https:\/\/www.injuv.gob.cl\/\">Instituto Nacional de la juventud<\/a><\/li>\n<\/ul>\n<\/li>\n<li><a href=\"https:\/\/www.bancobice.cl\/\" target=\"_blank\" rel=\"noopener noreferrer\">Banco BICE<\/a><\/li>\n<li><a href=\"https:\/\/chacabuco.cl\/tiempo\/\" target=\"_blank\" rel=\"noopener noreferrer\">Chacabuco<\/a>: el tiempo<\/li>\n<li><a href=\"https:\/\/chilelindo.com\/\" target=\"_blank\" rel=\"noopener noreferrer\">ChileLindo<\/a><\/li>\n<li>El espa\u00f1ol chileno\n<ul>\n<li><a href=\"https:\/\/codiech.ucm.cl\/\">Corpus Diacr\u00f3nico del Espa\u00f1ol de Chile (CoDiECh)<\/a><\/li>\n<li><a href=\"https:\/\/www.ecured.cu\/Espa%C3%B1ol_Chileno\">Espa\u00f1ol Chileno &#8211; EcuRed<\/a><\/li>\n<li><a href=\"https:\/\/es.wikipedia.org\/wiki\/Espa%C3%B1ol_chileno\">Espa\u00f1ol chileno &#8211; Wikipedia, la enciclopedia libre<\/a><\/li>\n<li><a href=\"https:\/\/www.youtube.com\/watch?v=YYCZbj2SnLE\">ESPA\u00d1OL DE LATINOAM\u00c9RICA &#8211; Viaje por Chile &#8211; YouTube<\/a><\/li>\n<li><a href=\"https:\/\/intriper.com\/manual-para-entender-el-castellano-chileno\/\">Manual para entender el espa\u00f1ol de un chileno &#8211; Intriper<\/a><\/li>\n<\/ul>\n<\/li>\n<li>Lenguas\n<ul>\n<li><a href=\"https:\/\/www.familysearch.org\/es\/wiki\/Idiomas_de_Chile\">Idiomas de Chile<\/a> &#8211; FamilySearch Wiki<\/li>\n<li><a href=\"https:\/\/es.wikipedia.org\/wiki\/Lenguas_de_Chile\">Lenguas de Chile<\/a> &#8211; Wikipedia, la enciclopedia libre<\/li>\n<li><a href=\"https:\/\/www.pueblosoriginarios.gob.cl\/lenguas-indigenas-en-chile\">Lenguas ind\u00edgenas en Chile<\/a> | Subdirecci\u00f3n Nacional de Pueblos Originarios<\/li>\n<\/ul>\n<\/li>\n<li><a href=\"https:\/\/escaner.cl\/\" target=\"_blank\" rel=\"noopener noreferrer\">Esc\u00e1ner cultural &#8211; revista virtual<\/a><\/li>\n<li><a href=\"https:\/\/www.gochile.cl\/\" target=\"_blank\" rel=\"noopener noreferrer\">Go Chile<\/a><\/li>\n<li><a href=\"https:\/\/www.terra.cl\/\" target=\"_blank\" rel=\"noopener noreferrer\">Terra Chile<\/a><\/li>\n<li><a href=\"https:\/\/www.unab.cl\/\">Universidad Andr\u00e9s Bello<\/a><\/li>\n<li><a href=\"https:\/\/www.uchile.cl\/\" target=\"_blank\" rel=\"noopener noreferrer\">Universidad de Chile<\/a><\/li>\n<li><a href=\"https:\/\/www.usach.cl\/\" target=\"_blank\" rel=\"noopener noreferrer\">Universidad de Santiago de Chile<\/a><\/li>\n<\/ul>\n<span class=\"last-modified-timestamp\">Abr 16, 2026 @ 11:52 am<\/span>\n","protected":false},"excerpt":{"rendered":"<p>Buscar: Antena, Go Chile, Terra Chile Prensa: Chilevision, El Diario financiero, Emol, Soy Chile, El Sur Las listas de Kiosko Estad\u00edsticas: Instituto Nacional de Estad\u00edsticas And\u00e9n Chile Antena &#8211; buscador Autoridades Direcci\u00f3n del Trabajo Fiscal\u00eda Nacional Econom\u00f3mica Gobierno de Chile Instituto Nacional de la juventud Banco BICE Chacabuco: el tiempo<\/p>\n","protected":false},"author":1,"featured_media":0,"parent":0,"menu_order":0,"comment_status":"closed","ping_status":"closed","template":"","meta":{"iawp_total_views":3,"footnotes":"","_wp_rev_ctl_limit":""},"class_list":["post-11752","page","type-page","status-publish","hentry"],"publishpress_future_action":{"enabled":false,"date":"2026-05-07 15:30:14","action":"change-status","newStatus":"draft","terms":[],"taxonomy":"","extraData":[]},"publishpress_future_workflow_manual_trigger":{"enabledWorkflows":[]},"_links":{"self":[{"href":"https:\/\/hlrnet.com\/sites\/alt164\/wp-json\/wp\/v2\/pages\/11752","targetHints":{"allow":["GET"]}}],"collection":[{"href":"https:\/\/hlrnet.com\/sites\/alt164\/wp-json\/wp\/v2\/pages"}],"about":[{"href":"https:\/\/hlrnet.com\/sites\/alt164\/wp-json\/wp\/v2\/types\/page"}],"author":[{"embeddable":true,"href":"https:\/\/hlrnet.com\/sites\/alt164\/wp-json\/wp\/v2\/users\/1"}],"replies":[{"embeddable":true,"href":"https:\/\/hlrnet.com\/sites\/alt164\/wp-json\/wp\/v2\/comments?post=11752"}],"version-history":[{"count":4,"href":"https:\/\/hlrnet.com\/sites\/alt164\/wp-json\/wp\/v2\/pages\/11752\/revisions"}],"predecessor-version":[{"id":27882,"href":"https:\/\/hlrnet.com\/sites\/alt164\/wp-json\/wp\/v2\/pages\/11752\/revisions\/27882"}],"wp:attachment":[{"href":"https:\/\/hlrnet.com\/sites\/alt164\/wp-json\/wp\/v2\/media?parent=11752"}],"curies":[{"name":"wp","href":"https:\/\/api.w.org\/{rel}","templated":true}]}}