{"id":11748,"date":"2018-04-19T17:06:19","date_gmt":"2018-04-19T17:06:19","guid":{"rendered":"http:\/\/hlrnet.com\/sites\/alt164\/?page_id=11748"},"modified":"2023-01-09T20:29:45","modified_gmt":"2023-01-09T20:29:45","slug":"costa-rica","status":"publish","type":"page","link":"https:\/\/hlrnet.com\/sites\/alt164\/costa-rica\/","title":{"rendered":"Costa Rica"},"content":{"rendered":"<ul>\n<li>Buscar: <a href=\"https:\/\/www.google.co.cr\/\">Google Costa Rica<\/a>, <a href=\"https:\/\/www.guiascostarica.com\/\">Gu\u00edas Costa Rica<\/a><\/li>\n<li>Prensa: <a href=\"https:\/\/www.diarioextra.com\/\">Extra<\/a>, <a href=\"https:\/\/www.elheraldo.net\/\">El Heraldo<\/a>\n<ul>\n<li>La lista de <a href=\"https:\/\/kiosko.net\/cr\/\">Kiosko<\/a><\/li>\n<\/ul>\n<\/li>\n<li>Estad\u00edsticas: <a href=\"https:\/\/www.infoweb.co.cr\/costa_rica\/estadisticas.html\" target=\"_parent\" rel=\"noopener noreferrer\">Infoweb<\/a><\/li>\n<li><a href=\"https:\/\/www.100x35.com\/\">100&#215;35<\/a>: enlaces de Puerto Rico\n<ul>\n<li><a href=\"https:\/\/www.100x35.com\/Entre\/fiestas\/\">Calendario de fiestas patronales y festivales en Puerto Rico<\/a><\/li>\n<\/ul>\n<\/li>\n<li><a href=\"https:\/\/www.conozcacostarica.com\/\">Conozca Costa Rica<\/a><\/li>\n<li><a href=\"https:\/\/www.hotels.co.cr\/\" target=\"_blank\" rel=\"noopener noreferrer\">Hotels<\/a><\/li>\n<li><a href=\"https:\/\/www.infoweb.co.cr\/turismo\/\" target=\"_blank\" rel=\"noopener noreferrer\">Infoweb de Costa Rica<\/a><\/li>\n<li><a href=\"https:\/\/www.imn.ac.cr\/\">Instituto Meteorol\u00f3gico Nacional<\/a><\/li>\n<li><a href=\"https:\/\/www.minae.go.cr\/\" target=\"_blank\" rel=\"noopener noreferrer\">Ministerio de Ambiente y Energ\u00eda<\/a><\/li>\n<li><a href=\"https:\/\/www.mep.go.cr\/\">Ministerio de Educaci\u00f3n P\u00fablica<\/a><\/li>\n<li><a href=\"https:\/\/www.monumental.co.cr\/\" target=\"_blank\" rel=\"noopener noreferrer\">Monumental<\/a> (radio)<\/li>\n<li><a href=\"https:\/\/www.puntarenas.com\/\" target=\"_blank\" rel=\"noopener noreferrer\">Puntarenas<\/a> (sitio de la ciudad)<\/li>\n<li><a href=\"https:\/\/www.ucr.ac.cr\/\">Universidad de Costa Rica<\/a><\/li>\n<li><a href=\"https:\/\/www.ulatina.ac.cr\/\" target=\"_blank\" rel=\"noopener noreferrer\">Universidad Latina<\/a><\/li>\n<li><a href=\"https:\/\/www.una.ac.cr\/\" target=\"_blank\" rel=\"noopener noreferrer\">Universidad Nacional<\/a><\/li>\n<li><a href=\"https:\/\/www.visitcostarica.com\/es\">Visit Costa Rica<\/a><\/li>\n<li>Lenguas\n<ul>\n<li><a href=\"https:\/\/es.wikipedia.org\/wiki\/Lenguas_de_Costa_Rica\">Lenguas de Costa Rica<\/a> &#8211; Wikipedia, la enciclopedia libre<\/li>\n<li>\ud83c\udde8\ud83c\uddf7 <a href=\"https:\/\/queidioma.com\/hablan-en-costa-rica\/\">Idioma de Costa Rica<\/a> \u25b7 Lenguas oficiales de los costarricenses<\/li>\n<li>Idiomas en Costa Rica<\/li>\n<li><a href=\"https:\/\/ticopedia.fandom.com\/wiki\/Lenguas_de_Costa_Rica\">Lenguas de Costa Rica<\/a> | Ticopedia | Fandom<\/li>\n<li><a href=\"https:\/\/semanariouniversidad.com\/opinion\/las-lenguas-maternales-y-oficiales-organismos-vivos\/\">Las lenguas maternales y oficiales: organismos vivos<\/a> \u2022 Semanario Universidad<\/li>\n<\/ul>\n<\/li>\n<\/ul>\n<span class=\"last-modified-timestamp\">Ene 9, 2023 @ 8:29 pm<\/span>\n","protected":false},"excerpt":{"rendered":"<p>Buscar: Google Costa Rica, Gu\u00edas Costa Rica Prensa: Extra, El Heraldo La lista de Kiosko Estad\u00edsticas: Infoweb 100&#215;35: enlaces de Puerto Rico Calendario de fiestas patronales y festivales en Puerto Rico Conozca Costa Rica Hotels Infoweb de Costa Rica Instituto Meteorol\u00f3gico Nacional Ministerio de Ambiente y Energ\u00eda Ministerio de Educaci\u00f3n<\/p>\n","protected":false},"author":1,"featured_media":0,"parent":0,"menu_order":0,"comment_status":"closed","ping_status":"closed","template":"","meta":{"iawp_total_views":0,"footnotes":"","_wp_rev_ctl_limit":""},"class_list":["post-11748","page","type-page","status-publish","hentry"],"publishpress_future_action":{"enabled":false,"date":"2026-05-04 01:01:21","action":"change-status","newStatus":"draft","terms":[],"taxonomy":"","extraData":[]},"publishpress_future_workflow_manual_trigger":{"enabledWorkflows":[]},"_links":{"self":[{"href":"https:\/\/hlrnet.com\/sites\/alt164\/wp-json\/wp\/v2\/pages\/11748","targetHints":{"allow":["GET"]}}],"collection":[{"href":"https:\/\/hlrnet.com\/sites\/alt164\/wp-json\/wp\/v2\/pages"}],"about":[{"href":"https:\/\/hlrnet.com\/sites\/alt164\/wp-json\/wp\/v2\/types\/page"}],"author":[{"embeddable":true,"href":"https:\/\/hlrnet.com\/sites\/alt164\/wp-json\/wp\/v2\/users\/1"}],"replies":[{"embeddable":true,"href":"https:\/\/hlrnet.com\/sites\/alt164\/wp-json\/wp\/v2\/comments?post=11748"}],"version-history":[{"count":0,"href":"https:\/\/hlrnet.com\/sites\/alt164\/wp-json\/wp\/v2\/pages\/11748\/revisions"}],"wp:attachment":[{"href":"https:\/\/hlrnet.com\/sites\/alt164\/wp-json\/wp\/v2\/media?parent=11748"}],"curies":[{"name":"wp","href":"https:\/\/api.w.org\/{rel}","templated":true}]}}