{"id":11744,"date":"2018-04-19T17:05:44","date_gmt":"2018-04-19T17:05:44","guid":{"rendered":"http:\/\/hlrnet.com\/sites\/alt164\/?page_id=11744"},"modified":"2024-12-24T13:27:30","modified_gmt":"2024-12-24T13:27:30","slug":"republica-dominicana","status":"publish","type":"page","link":"https:\/\/hlrnet.com\/sites\/alt164\/republica-dominicana\/","title":{"rendered":"Rep\u00fablica dominicana"},"content":{"rendered":"<ul>\n<li>Prensa: <a href=\"https:\/\/www.elcaribe.com.do\/\">El Caribe<\/a>, <a href=\"https:\/\/www.eldia.com.do\/\">El D\u00eda<\/a>, <a href=\"https:\/\/www.diariolibre.com\/\">Diario libre<\/a>, <a href=\"https:\/\/www.hoy.com.do\/\">Hoy digital<\/a>, <a href=\"https:\/\/www.elnacional.com.do\/\">El Nacional<\/a><\/li>\n<li><a href=\"https:\/\/www.bancentral.gov.do\/\" target=\"_blank\" rel=\"noopener\">Banco Central<\/a><\/li>\n<li><a href=\"https:\/\/www.dominicanaonline.org\/\">Dominicana Online<\/a><\/li>\n<li><a href=\"https:\/\/fundeu.do\/\">Fund\u00e9u Guzm\u00e1n Ariza<\/a><\/li>\n<li><a href=\"https:\/\/www.intec.edu.do\/\" target=\"_blank\" rel=\"noopener\">Universidad Tecnol\u00f3gica Dominicana<\/a><\/li>\n<li><a href=\"https:\/\/www.utesa.edu\/\" target=\"_blank\" rel=\"noopener\">Universidad Tecnol\u00f3gica de Santiago<\/a><\/li>\n<li><a href=\"https:\/\/www.unphu.edu.do\/\" target=\"_blank\" rel=\"noopener\">Universidad Nacional Pedro Henr\u00edquez Ure\u00f1a<\/a><\/li>\n<li>Lenguas\n<ul>\n<li><a href=\"https:\/\/www.familysearch.org\/es\/wiki\/Idiomas_de_la_Rep%C3%BAblica_Dominicana\">Idiomas de la Rep\u00fablica Dominicana<\/a> &#8211; FamilySearch Wiki<\/li>\n<li><a href=\"https:\/\/www.visitarepublicadominicana.org\/idioma-en-republica-dominicana\">Idioma en Rep\u00fablica Dominicana<\/a><\/li>\n<li><a href=\"https:\/\/queidioma.com\/hablan-en-republica-dominicana\/\">Idioma de Rep\u00fablica Dominicana<\/a> \u25b7 Lenguas oficiales de dominicanos<\/li>\n<li><a href=\"https:\/\/www.studycountry.com\/es\/guia-paises\/DO-language.htm\">Los idiomas de Rep\u00fablica Dominicana<\/a><\/li>\n<\/ul>\n<\/li>\n<\/ul>\n<span class=\"last-modified-timestamp\">Dic 24, 2024 @ 1:27 pm<\/span>\n","protected":false},"excerpt":{"rendered":"<p>Prensa: El Caribe, El D\u00eda, Diario libre, Hoy digital, El Nacional Banco Central Dominicana Online Fund\u00e9u Guzm\u00e1n Ariza Universidad Tecnol\u00f3gica Dominicana Universidad Tecnol\u00f3gica de Santiago Universidad Nacional Pedro Henr\u00edquez Ure\u00f1a Lenguas Idiomas de la Rep\u00fablica Dominicana &#8211; FamilySearch Wiki Idioma en Rep\u00fablica Dominicana Idioma de Rep\u00fablica Dominicana \u25b7 Lenguas oficiales<\/p>\n","protected":false},"author":1,"featured_media":0,"parent":0,"menu_order":0,"comment_status":"closed","ping_status":"closed","template":"","meta":{"iawp_total_views":0,"footnotes":"","_wp_rev_ctl_limit":""},"class_list":["post-11744","page","type-page","status-publish","hentry"],"publishpress_future_action":{"enabled":false,"date":"2026-05-03 23:32:45","action":"change-status","newStatus":"draft","terms":[],"taxonomy":"","extraData":[]},"publishpress_future_workflow_manual_trigger":{"enabledWorkflows":[]},"_links":{"self":[{"href":"https:\/\/hlrnet.com\/sites\/alt164\/wp-json\/wp\/v2\/pages\/11744","targetHints":{"allow":["GET"]}}],"collection":[{"href":"https:\/\/hlrnet.com\/sites\/alt164\/wp-json\/wp\/v2\/pages"}],"about":[{"href":"https:\/\/hlrnet.com\/sites\/alt164\/wp-json\/wp\/v2\/types\/page"}],"author":[{"embeddable":true,"href":"https:\/\/hlrnet.com\/sites\/alt164\/wp-json\/wp\/v2\/users\/1"}],"replies":[{"embeddable":true,"href":"https:\/\/hlrnet.com\/sites\/alt164\/wp-json\/wp\/v2\/comments?post=11744"}],"version-history":[{"count":4,"href":"https:\/\/hlrnet.com\/sites\/alt164\/wp-json\/wp\/v2\/pages\/11744\/revisions"}],"predecessor-version":[{"id":26046,"href":"https:\/\/hlrnet.com\/sites\/alt164\/wp-json\/wp\/v2\/pages\/11744\/revisions\/26046"}],"wp:attachment":[{"href":"https:\/\/hlrnet.com\/sites\/alt164\/wp-json\/wp\/v2\/media?parent=11744"}],"curies":[{"name":"wp","href":"https:\/\/api.w.org\/{rel}","templated":true}]}}