{"id":11740,"date":"2018-04-19T17:05:06","date_gmt":"2018-04-19T17:05:06","guid":{"rendered":"http:\/\/hlrnet.com\/sites\/alt164\/?page_id=11740"},"modified":"2026-02-14T20:05:40","modified_gmt":"2026-02-14T20:05:40","slug":"guatemala","status":"publish","type":"page","link":"https:\/\/hlrnet.com\/sites\/alt164\/guatemala\/","title":{"rendered":"Guatemala"},"content":{"rendered":"<ul>\n<li>Prensa: <a href=\"https:\/\/www.prensalibre.com\/\" target=\"_blank\" rel=\"noopener\">Prensa libre<\/a>\n<ul>\n<li>La lista de <a href=\"https:\/\/kiosko.net\/gt\/\">Kiosko<\/a><\/li>\n<\/ul>\n<\/li>\n<li>Autoridades\n<ul>\n<li><a href=\"https:\/\/www.banguat.gob.gt\/\">Banco de Guatemala<\/a><\/li>\n<li><a href=\"https:\/\/www.congreso.gob.gt\/\">Congreso de la Rep\u00fablica<\/a><\/li>\n<li><a href=\"https:\/\/www.mineduc.gob.gt\/\">Ministerio de Educaci\u00f3n<\/a><\/li>\n<li><a href=\"https:\/\/www.minex.gob.gt\/\">Ministerio de Relaciones Exteriores<\/a><\/li>\n<\/ul>\n<\/li>\n<li><a href=\"http:\/\/www.iglesiacatolica.org.gt\/\" target=\"_blank\" rel=\"noopener\">Conferencia episcopal de Guatemala<\/a><\/li>\n<li><a href=\"https:\/\/www.congreso.gob.gt\/\" target=\"_blank\" rel=\"noopener\">Congreso de la Rep\u00fablica de Guatemala<\/a><\/li>\n<li><a href=\"https:\/\/www.guatemala.com\/\" target=\"_blank\" rel=\"noopener\">Guatemala.com<\/a>: travel guide<\/li>\n<li><a href=\"https:\/\/www.guatemalaontheweb.com\/\" target=\"_blank\" rel=\"noopener\">Guatemala on the web<\/a><\/li>\n<li><a href=\"https:\/\/www.atitlan.com\/\" target=\"_blank\" rel=\"noopener\">Lake Atitl\u00e1n<\/a> (en ingl\u00e9s)<\/li>\n<li>Lenguas\n<ul>\n<li><a href=\"https:\/\/es.wikipedia.org\/wiki\/Lenguas_de_Guatemala\">Lenguas de Guatemala &#8211; Wikipedia, la enciclopedia libre<\/a><\/li>\n<li><a href=\"https:\/\/aprende.guatemala.com\/cultura-guatemalteca\/general\/cuantos-idiomas-tiene-guatemala\/\">Cu\u00e1ntos idiomas tiene Guatemala | Aprende Guatemala.com<\/a><\/li>\n<li><a href=\"https:\/\/www.congreso.gob.gt\/noticias_congreso\/6187\/2021\/4#gsc.tab=0\">IDIOMAS MAYAS, XINCA Y GAR\u00cdFUNA, RIQUEZA HIST\u00d3RICA QUE SE TRANSMITE DE GENERACI\u00d3N EN GENERACI\u00d3N<\/a><\/li>\n<\/ul>\n<\/li>\n<li><a href=\"https:\/\/www.maya-art-books.org\/\" target=\"_blank\" rel=\"noopener\">Maya art and books<\/a><\/li>\n<li>M\u00e1s sobre los maya:\n<ul>\n<li><a href=\"https:\/\/www.mayanmajix.com\/\" target=\"_blank\" rel=\"noopener\">Mayan Majix<\/a><\/li>\n<\/ul>\n<\/li>\n<li><a href=\"https:\/\/www.usac.edu.gt\/\" target=\"_blank\" rel=\"noopener\">Universidad de San Carlos<\/a><\/li>\n<li><a href=\"https:\/\/www.ufm.edu\/\" target=\"_blank\" rel=\"noopener\">Universidad Francisco Marroqu\u00edn<\/a><\/li>\n<li><a href=\"https:\/\/www.url.edu.gt\/\" target=\"_blank\" rel=\"noopener\">Universidad Rafael Land\u00edvar<\/a><\/li>\n<\/ul>\n<span class=\"last-modified-timestamp\">Feb 14, 2026 @ 8:05 pm<\/span>\n","protected":false},"excerpt":{"rendered":"<p>Prensa: Prensa libre La lista de Kiosko Autoridades Banco de Guatemala Congreso de la Rep\u00fablica Ministerio de Educaci\u00f3n Ministerio de Relaciones Exteriores Conferencia episcopal de Guatemala Congreso de la Rep\u00fablica de Guatemala <a href=\"http:\/\/Guatemala.com\" class=\"autohyperlink\">Guatemala.com<\/a>: travel guide Guatemala on the web Lake Atitl\u00e1n (en ingl\u00e9s) Lenguas Lenguas de Guatemala &#8211; Wikipedia, la<\/p>\n","protected":false},"author":1,"featured_media":0,"parent":0,"menu_order":0,"comment_status":"closed","ping_status":"closed","template":"","meta":{"iawp_total_views":4,"footnotes":"","_wp_rev_ctl_limit":""},"class_list":["post-11740","page","type-page","status-publish","hentry"],"publishpress_future_action":{"enabled":false,"date":"2026-05-04 04:19:53","action":"change-status","newStatus":"draft","terms":[],"taxonomy":"","extraData":[]},"publishpress_future_workflow_manual_trigger":{"enabledWorkflows":[]},"_links":{"self":[{"href":"https:\/\/hlrnet.com\/sites\/alt164\/wp-json\/wp\/v2\/pages\/11740","targetHints":{"allow":["GET"]}}],"collection":[{"href":"https:\/\/hlrnet.com\/sites\/alt164\/wp-json\/wp\/v2\/pages"}],"about":[{"href":"https:\/\/hlrnet.com\/sites\/alt164\/wp-json\/wp\/v2\/types\/page"}],"author":[{"embeddable":true,"href":"https:\/\/hlrnet.com\/sites\/alt164\/wp-json\/wp\/v2\/users\/1"}],"replies":[{"embeddable":true,"href":"https:\/\/hlrnet.com\/sites\/alt164\/wp-json\/wp\/v2\/comments?post=11740"}],"version-history":[{"count":4,"href":"https:\/\/hlrnet.com\/sites\/alt164\/wp-json\/wp\/v2\/pages\/11740\/revisions"}],"predecessor-version":[{"id":27582,"href":"https:\/\/hlrnet.com\/sites\/alt164\/wp-json\/wp\/v2\/pages\/11740\/revisions\/27582"}],"wp:attachment":[{"href":"https:\/\/hlrnet.com\/sites\/alt164\/wp-json\/wp\/v2\/media?parent=11740"}],"curies":[{"name":"wp","href":"https:\/\/api.w.org\/{rel}","templated":true}]}}