{"id":11738,"date":"2018-04-19T17:04:50","date_gmt":"2018-04-19T17:04:50","guid":{"rendered":"http:\/\/hlrnet.com\/sites\/alt164\/?page_id=11738"},"modified":"2023-12-27T18:44:56","modified_gmt":"2023-12-27T18:44:56","slug":"honduras","status":"publish","type":"page","link":"https:\/\/hlrnet.com\/sites\/alt164\/honduras\/","title":{"rendered":"Honduras"},"content":{"rendered":"<ul>\n<li>Prensa: <a href=\"https:\/\/www.tiempo.hn\/\" target=\"_blank\" rel=\"noopener noreferrer\">Tiempo digital<\/a>, <a href=\"https:\/\/www.proceso.hn\/\">Proceso Digital<\/a>, <a href=\"https:\/\/www.latribuna.hn\/\">La Tribuna<\/a>\n<ul>\n<li>La lista de <a href=\"https:\/\/kiosko.net\/hn\/\">Kiosko<\/a><\/li>\n<\/ul>\n<\/li>\n<li>Autoridades\n<ul>\n<li><a href=\"https:\/\/www.se.gob.hn\/\">Secretar\u00eda de Educaci\u00f3n<\/a><\/li>\n<li><a href=\"https:\/\/www.sefin.gob.hn\/\">Secretar\u00eda de Finanzas<\/a><\/li>\n<\/ul>\n<\/li>\n<li>Lenguas\n<ul>\n<li><a href=\"https:\/\/es.wikipedia.org\/wiki\/Lenguas_de_Honduras\">Lenguas de Honduras<\/a> &#8211; Wikipedia, la enciclopedia libre<\/li>\n<li><a href=\"https:\/\/ayudaenaccion.org\/proyectos\/articulos\/lenguas-indigenas-honduras\/\">Lenguas ind\u00edgenas en Honduras<\/a> | Ayuda en Acci\u00f3n<\/li>\n<li><a href=\"https:\/\/www.familysearch.org\/es\/wiki\/Idiomas_de_Honduras\">Idiomas de Honduras &#8211; FamilySearch Wiki<\/a><\/li>\n<li><a href=\"https:\/\/www.espaciohonduras.net\/idiomas-y-lenguas-de-honduras\">Idiomas o Lenguas de Honduras<\/a><\/li>\n<li><a href=\"https:\/\/www.honduras.com\/aprende\/cultura\/los-idiomas-y-dialectos-en-honduras\/\">Los idiomas y dialectos en Honduras<\/a><\/li>\n<li><a href=\"https:\/\/lenguasdehonduras.hn\/\">Lenguas de Honduras &#8211; Chort\u00ed Gar\u00edfuna Miskito Pech Tawahka Tolup\u00e1n<\/a><\/li>\n<\/ul>\n<\/li>\n<li><a href=\"https:\/\/www.hondurasinfo.hn\/\" target=\"_blank\" rel=\"noopener noreferrer\">Honduras Info<\/a>: sitio oficial<\/li>\n<li><a href=\"https:\/\/www.unah.edu.hn\/\">UNAH<\/a><\/li>\n<li><a href=\"https:\/\/www.uth.hn\/\">Universidad Technol\u00f3gica de Honduras<\/a><\/li>\n<\/ul>\n<span class=\"last-modified-timestamp\">Dic 27, 2023 @ 6:44 pm<\/span>\n","protected":false},"excerpt":{"rendered":"<p>Prensa: Tiempo digital, Proceso Digital, La Tribuna La lista de Kiosko Autoridades Secretar\u00eda de Educaci\u00f3n Secretar\u00eda de Finanzas Lenguas Lenguas de Honduras &#8211; Wikipedia, la enciclopedia libre Lenguas ind\u00edgenas en Honduras | Ayuda en Acci\u00f3n Idiomas de Honduras &#8211; FamilySearch Wiki Idiomas o Lenguas de Honduras Los idiomas y dialectos<\/p>\n","protected":false},"author":1,"featured_media":0,"parent":0,"menu_order":0,"comment_status":"closed","ping_status":"closed","template":"","meta":{"iawp_total_views":2,"footnotes":"","_wp_rev_ctl_limit":""},"class_list":["post-11738","page","type-page","status-publish","hentry"],"publishpress_future_action":{"enabled":false,"date":"2026-05-04 05:37:26","action":"change-status","newStatus":"draft","terms":[],"taxonomy":"","extraData":[]},"publishpress_future_workflow_manual_trigger":{"enabledWorkflows":[]},"_links":{"self":[{"href":"https:\/\/hlrnet.com\/sites\/alt164\/wp-json\/wp\/v2\/pages\/11738","targetHints":{"allow":["GET"]}}],"collection":[{"href":"https:\/\/hlrnet.com\/sites\/alt164\/wp-json\/wp\/v2\/pages"}],"about":[{"href":"https:\/\/hlrnet.com\/sites\/alt164\/wp-json\/wp\/v2\/types\/page"}],"author":[{"embeddable":true,"href":"https:\/\/hlrnet.com\/sites\/alt164\/wp-json\/wp\/v2\/users\/1"}],"replies":[{"embeddable":true,"href":"https:\/\/hlrnet.com\/sites\/alt164\/wp-json\/wp\/v2\/comments?post=11738"}],"version-history":[{"count":0,"href":"https:\/\/hlrnet.com\/sites\/alt164\/wp-json\/wp\/v2\/pages\/11738\/revisions"}],"wp:attachment":[{"href":"https:\/\/hlrnet.com\/sites\/alt164\/wp-json\/wp\/v2\/media?parent=11738"}],"curies":[{"name":"wp","href":"https:\/\/api.w.org\/{rel}","templated":true}]}}