{"id":11736,"date":"2018-04-19T17:04:33","date_gmt":"2018-04-19T17:04:33","guid":{"rendered":"http:\/\/hlrnet.com\/sites\/alt164\/?page_id=11736"},"modified":"2026-02-14T20:06:21","modified_gmt":"2026-02-14T20:06:21","slug":"mexico","status":"publish","type":"page","link":"https:\/\/hlrnet.com\/sites\/alt164\/mexico\/","title":{"rendered":"M\u00e9xico"},"content":{"rendered":"<ul>\n<li>Buscar: <a href=\"https:\/\/www.google.com.mx\/\">Google<\/a>, <a href=\"https:\/\/mx.yahoo.com\/\" target=\"_blank\" rel=\"noopener noreferrer\">Yahoo! M\u00e9xico<\/a><\/li>\n<li>Prensa: <a href=\"https:\/\/www.diario.com.mx\/\" target=\"_blank\" rel=\"noopener noreferrer\">Diario digital<\/a>, <a href=\"https:\/\/www.yucatan.com.mx\/\" target=\"_blank\" rel=\"noopener noreferrer\">Diario de Yucat\u00e1n<\/a>, <a href=\"https:\/\/www.jornada.unam.mx\/\">La Jornada<\/a>, <a href=\"https:\/\/www.elnorte.com\/\" target=\"_blank\" rel=\"noopener noreferrer\">El Norte<\/a>, <a href=\"https:\/\/www.milenio.com\/\">Milenio<\/a>, <a href=\"https:\/\/www.mural.com\/\" target=\"_blank\" rel=\"noopener noreferrer\">Mural<\/a>, <a href=\"https:\/\/www.eluniversal.com.mx\/\">El Universal<\/a>, <a href=\"https:\/\/www.prensaescrita.com\/america\/mexico.php\">Prensa escrita<\/a>\n<ul>\n<li>La lista de <a href=\"https:\/\/kiosko.net\/pe\/\">Kiosko<\/a><\/li>\n<\/ul>\n<\/li>\n<li>Estad\u00edsticas: <a href=\"https:\/\/www.inegi.org.mx\/\" target=\"_blank\" rel=\"noopener noreferrer\">INEGI &#8211; Instituto Nacional de Estad\u00edstica, Geograf\u00eda e Inform\u00e1tica<\/a><\/li>\n<li><a href=\"https:\/\/www.academia.org.mx\/\" target=\"_blank\" rel=\"noopener noreferrer\">Academia mexicana de la lengua<\/a><\/li>\n<li>Autoridades\n<ul>\n<li><a href=\"https:\/\/www.conafor.gob.mx\/\">Comisi\u00f3n nacional Forestal<\/a><\/li>\n<li><a href=\"https:\/\/presidencia.gob.mx\/\">Gobierno Federal<\/a><\/li>\n<li><a href=\"https:\/\/www.presidencia.gob.mx\/\" target=\"_blank\" rel=\"noopener noreferrer\">Presidencia<\/a><\/li>\n<li><a href=\"https:\/\/www.sic.gob.mx\/\">Sistema de Informaci\u00f3n Cultural<\/a><\/li>\n<\/ul>\n<\/li>\n<li><a href=\"http:\/\/www.azteca21.com\/\" target=\"_blank\" rel=\"noopener noreferrer\">Azteca21<\/a><\/li>\n<li><a href=\"https:\/\/www.banamex.com\/\" target=\"_blank\" rel=\"noopener noreferrer\">Banamex, el primero portal financiero y comercial de Mexico<\/a><\/li>\n<li><a href=\"https:\/\/www.banxico.org.mx\/\">Banco de M\u00e9xico<\/a><\/li>\n<li><a href=\"https:\/\/www.colmex.mx\/\" target=\"_blank\" rel=\"noopener noreferrer\">Colegio de M\u00e9xico<\/a><\/li>\n<li><a href=\"https:\/\/www.conaculta.gob.mx\/\" target=\"_blank\" rel=\"noopener noreferrer\">Conaculta &#8211; Consejo Nacional para la Cultura y las Artes<\/a><\/li>\n<li><a href=\"https:\/\/www.chiapas.com.mx\/\" target=\"_blank\" rel=\"noopener noreferrer\">Chiapas<\/a><\/li>\n<li><a href=\"https:\/\/vlex.com.mx\/jurisdictions\/MX\" target=\"_blank\" rel=\"noopener noreferrer\">Derecho Org M\u00e9xico<\/a> &#8211; portal jur\u00eddico de referencia<\/li>\n<li>Lenguas\n<ul>\n<li><a href=\"https:\/\/www.historiadelasinfonia.es\/naciones\/la-sinfonia-en-mexico\/generalidades\/las-lenguas-de-mexico\/\">LAS LENGUAS DE MEXICO<\/a> \u2013 HISTORIA DE LA SINFONIA<\/li>\n<li><a href=\"https:\/\/es.wikipedia.org\/wiki\/Lenguas_de_M%C3%A9xico\">Lenguas de M\u00e9xico<\/a> &#8211; Wikipedia, la enciclopedia libre<\/li>\n<li><a href=\"https:\/\/www.gob.mx\/cultura\/articulos\/lenguas-indigenas?idiom=es\">\u00bfSab\u00edas que en M\u00e9xico hay 68 lenguas ind\u00edgenas, adem\u00e1s del espa\u00f1ol? | Secretar\u00eda de Cultura | Gobierno<\/a> | gob.mx<\/li>\n<li><a href=\"https:\/\/es.tomedes.com\/blog-de-traduccion\/lenguas-que-se-hablan-en-mexico\">Lenguas que se hablan en M\u00e9xico<\/a><\/li>\n<\/ul>\n<\/li>\n<li><a href=\"https:\/\/www.mexicodesconocido.com.mx\/\">Mexico Desconocido<\/a><\/li>\n<li><a href=\"https:\/\/www.mexonline.com\/\" target=\"_blank\" rel=\"noopener noreferrer\">Mexico Online<\/a><\/li>\n<li><a href=\"https:\/\/www.shcp.gob.mx\/\" target=\"_blank\" rel=\"noopener noreferrer\">Secretar\u00eda de Hacienda y Cr\u00e9dito P\u00fablico de M\u00e9xico<\/a><\/li>\n<li>Sociedad\n<ul>\n<li><a href=\"https:\/\/realidadnovelada.com\/\">Realidad novelada<\/a><\/li>\n<\/ul>\n<\/li>\n<li>TV\n<ul>\n<li><a href=\"https:\/\/www.azteca.com\/\">Azteca<\/a><\/li>\n<\/ul>\n<\/li>\n<li><a href=\"https:\/\/www.universia.net.mx\/\">Universia<\/a>: red de universidades<\/li>\n<li><a href=\"https:\/\/www.uan.edu.mx\/\" target=\"_blank\" rel=\"noopener noreferrer\">Universidad Aut\u00f3noma de Nayarit<\/a><\/li>\n<li><a href=\"https:\/\/www.udg.mx\/\" target=\"_blank\" rel=\"noopener noreferrer\">Universidad de Guadalajara<\/a><\/li>\n<\/ul>\n<span class=\"last-modified-timestamp\">Feb 14, 2026 @ 8:06 pm<\/span>\n<div class=\"notranslate\" style=\"all: initial;\"><\/div>\n","protected":false},"excerpt":{"rendered":"<p>Buscar: Google, Yahoo! M\u00e9xico Prensa: Diario digital, Diario de Yucat\u00e1n, La Jornada, El Norte, Milenio, Mural, El Universal, Prensa escrita La lista de Kiosko Estad\u00edsticas: INEGI &#8211; Instituto Nacional de Estad\u00edstica, Geograf\u00eda e Inform\u00e1tica Academia mexicana de la lengua Autoridades Comisi\u00f3n nacional Forestal Gobierno Federal Presidencia Sistema de Informaci\u00f3n Cultural<\/p>\n","protected":false},"author":1,"featured_media":0,"parent":0,"menu_order":0,"comment_status":"closed","ping_status":"closed","template":"","meta":{"iawp_total_views":4,"footnotes":"","_wp_rev_ctl_limit":""},"class_list":["post-11736","page","type-page","status-publish","hentry"],"publishpress_future_action":{"enabled":false,"date":"2026-05-07 15:36:54","action":"change-status","newStatus":"draft","terms":[],"taxonomy":"","extraData":[]},"publishpress_future_workflow_manual_trigger":{"enabledWorkflows":[]},"_links":{"self":[{"href":"https:\/\/hlrnet.com\/sites\/alt164\/wp-json\/wp\/v2\/pages\/11736","targetHints":{"allow":["GET"]}}],"collection":[{"href":"https:\/\/hlrnet.com\/sites\/alt164\/wp-json\/wp\/v2\/pages"}],"about":[{"href":"https:\/\/hlrnet.com\/sites\/alt164\/wp-json\/wp\/v2\/types\/page"}],"author":[{"embeddable":true,"href":"https:\/\/hlrnet.com\/sites\/alt164\/wp-json\/wp\/v2\/users\/1"}],"replies":[{"embeddable":true,"href":"https:\/\/hlrnet.com\/sites\/alt164\/wp-json\/wp\/v2\/comments?post=11736"}],"version-history":[{"count":5,"href":"https:\/\/hlrnet.com\/sites\/alt164\/wp-json\/wp\/v2\/pages\/11736\/revisions"}],"predecessor-version":[{"id":27583,"href":"https:\/\/hlrnet.com\/sites\/alt164\/wp-json\/wp\/v2\/pages\/11736\/revisions\/27583"}],"wp:attachment":[{"href":"https:\/\/hlrnet.com\/sites\/alt164\/wp-json\/wp\/v2\/media?parent=11736"}],"curies":[{"name":"wp","href":"https:\/\/api.w.org\/{rel}","templated":true}]}}