{"id":11734,"date":"2018-04-19T17:04:18","date_gmt":"2018-04-19T17:04:18","guid":{"rendered":"http:\/\/hlrnet.com\/sites\/alt164\/?page_id=11734"},"modified":"2023-12-27T18:45:27","modified_gmt":"2023-12-27T18:45:27","slug":"nicaragua","status":"publish","type":"page","link":"https:\/\/hlrnet.com\/sites\/alt164\/nicaragua\/","title":{"rendered":"Nicaragua"},"content":{"rendered":"<ul>\n<li>Prensa: <a href=\"https:\/\/www.bolsadenoticias.com.ni\/\">Bolsa de Noticias<\/a>, <a href=\"https:\/\/www.lajornadanet.com\/\">La Jornada<\/a>, <a href=\"https:\/\/www.laprensa.com.ni\/\" target=\"_blank\" rel=\"noopener noreferrer\">La Prensa<\/a><\/li>\n<li>La lista de <a href=\"https:\/\/kiosko.net\/do\/\">Kiosko<\/a><\/li>\n<li>Autoridades\n<ul>\n<li><a href=\"https:\/\/www.bcn.gob.ni\/\">Banco Central de Nicaragua<\/a><\/li>\n<li><a href=\"https:\/\/www.bolsanic.com\/\">Bolsa de valores de Nicaragua<\/a><\/li>\n<li><a href=\"https:\/\/consuladodenicaragua.com\/\">Consulados de Nicaragua<\/a><\/li>\n<li><a href=\"https:\/\/www.dgi.gob.ni\/\">Direcci\u00f3n General de Ingresos<\/a><\/li>\n<li><a href=\"https:\/\/www.lagaceta.gob.ni\/\">La Gaceta, diario oficial<\/a><\/li>\n<li><a href=\"https:\/\/www.ineter.gob.ni\/\">Instituto Nicarag\u00fcense de Estudios Territoriales<\/a><\/li>\n<li><a href=\"https:\/\/www.intur.gob.ni\/\" target=\"_blank\" rel=\"noopener noreferrer\">Instituto Nicarag\u00fcense de Turismo<\/a><\/li>\n<li><a href=\"https:\/\/www.mem.gob.ni\/\">Ministerio de Energ\u00eda y Minas<\/a><\/li>\n<li><a href=\"https:\/\/www.mific.gob.ni\/\">Ministerio de Fomento, Industria y Comercio<\/a><\/li>\n<\/ul>\n<\/li>\n<li><a href=\"https:\/\/www.fenifut.org.ni\/\">Federaci\u00f3n Nicarag\u00fcense de F\u00fatbol<\/a><\/li>\n<li><a href=\"https:\/\/www.radionicaragua.com.ni\/\">Radio Nicaragua<\/a><\/li>\n<li><a href=\"https:\/\/www.unan.edu.ni\/\">Universidad Nacional Aut\u00f3noma de Nicaragua<\/a><\/li>\n<li><a href=\"https:\/\/unp.edu.ni\/\">Universidad Polit\u00e9cnica de Nicaragua<\/a><\/li>\n<\/ul>\n<span class=\"last-modified-timestamp\">Dic 27, 2023 @ 6:45 pm<\/span>\n","protected":false},"excerpt":{"rendered":"<p>Prensa: Bolsa de Noticias, La Jornada, La Prensa La lista de Kiosko Autoridades Banco Central de Nicaragua Bolsa de valores de Nicaragua Consulados de Nicaragua Direcci\u00f3n General de Ingresos La Gaceta, diario oficial Instituto Nicarag\u00fcense de Estudios Territoriales Instituto Nicarag\u00fcense de Turismo Ministerio de Energ\u00eda y Minas Ministerio de Fomento,<\/p>\n","protected":false},"author":1,"featured_media":0,"parent":0,"menu_order":0,"comment_status":"closed","ping_status":"closed","template":"","meta":{"iawp_total_views":1,"footnotes":"","_wp_rev_ctl_limit":""},"class_list":["post-11734","page","type-page","status-publish","hentry"],"publishpress_future_action":{"enabled":false,"date":"2026-05-08 08:34:04","action":"change-status","newStatus":"draft","terms":[],"taxonomy":"","extraData":[]},"publishpress_future_workflow_manual_trigger":{"enabledWorkflows":[]},"_links":{"self":[{"href":"https:\/\/hlrnet.com\/sites\/alt164\/wp-json\/wp\/v2\/pages\/11734","targetHints":{"allow":["GET"]}}],"collection":[{"href":"https:\/\/hlrnet.com\/sites\/alt164\/wp-json\/wp\/v2\/pages"}],"about":[{"href":"https:\/\/hlrnet.com\/sites\/alt164\/wp-json\/wp\/v2\/types\/page"}],"author":[{"embeddable":true,"href":"https:\/\/hlrnet.com\/sites\/alt164\/wp-json\/wp\/v2\/users\/1"}],"replies":[{"embeddable":true,"href":"https:\/\/hlrnet.com\/sites\/alt164\/wp-json\/wp\/v2\/comments?post=11734"}],"version-history":[{"count":0,"href":"https:\/\/hlrnet.com\/sites\/alt164\/wp-json\/wp\/v2\/pages\/11734\/revisions"}],"wp:attachment":[{"href":"https:\/\/hlrnet.com\/sites\/alt164\/wp-json\/wp\/v2\/media?parent=11734"}],"curies":[{"name":"wp","href":"https:\/\/api.w.org\/{rel}","templated":true}]}}