{"id":11732,"date":"2018-04-19T17:04:04","date_gmt":"2018-04-19T17:04:04","guid":{"rendered":"http:\/\/hlrnet.com\/sites\/alt164\/?page_id=11732"},"modified":"2024-12-24T13:26:48","modified_gmt":"2024-12-24T13:26:48","slug":"panama","status":"publish","type":"page","link":"https:\/\/hlrnet.com\/sites\/alt164\/panama\/","title":{"rendered":"Panam\u00e1"},"content":{"rendered":"<ul>\n<li>Prensa: <a href=\"https:\/\/www.diaadia.com.pa\/\" target=\"_blank\" rel=\"noopener\">D\u00eda a d\u00eda<\/a>, <a href=\"https:\/\/www.prensa.com\/\">Prensa.com<\/a>\n<ul>\n<li>La lista de <a href=\"https:\/\/kiosko.net\/pa\/\">Kiosko<\/a><\/li>\n<\/ul>\n<\/li>\n<li>Autoridades\n<ul>\n<li><a href=\"https:\/\/www.atp.gob.pa\/\">Autoridad de Turismo de Panam\u00e1<\/a><\/li>\n<li><a href=\"https:\/\/www.gacetaoficial.gob.pa\/\">Gaceta Oficial<\/a><\/li>\n<li><a href=\"https:\/\/www.mides.gob.pa\/\">Ministerio de Desarrollo Social<\/a><\/li>\n<li><a href=\"https:\/\/www.minsa.gob.pa\/\">Ministerio de Salud<\/a><\/li>\n<li><a href=\"https:\/\/www.organojudicial.gob.pa\/\">\u00d3rgano Judicial<\/a><\/li>\n<li><a href=\"https:\/\/vlex.com.pa\/\">vLex<\/a><\/li>\n<\/ul>\n<\/li>\n<li><a href=\"https:\/\/www.pancanal.com\/\" target=\"_blank\" rel=\"noopener\">Canal de Panam\u00e1<\/a><\/li>\n<li><a href=\"https:\/\/www.capital.com.pa\/\">Capital Financiero Panam\u00e1<\/a><\/li>\n<li><a href=\"https:\/\/www.radiopanama.com.pa\/\">Radio Panam\u00e1<\/a><\/li>\n<li><a href=\"https:\/\/www.telemetro.com\/\" target=\"_blank\" rel=\"noopener\">Telemetro (TV)<\/a><\/li>\n<li><a href=\"https:\/\/www.utp.ac.pa\/\" target=\"_blank\" rel=\"noopener\">Universidad Tecnol\u00f3gica de Panam\u00e1<\/a><\/li>\n<li>Lenguas\n<ul>\n<li><a href=\"https:\/\/es.wikipedia.org\/wiki\/Lenguas_de_Panam%C3%A1\">Lenguas de Panam\u00e1<\/a> &#8211; Wikipedia, la enciclopedia libre<\/li>\n<li><a href=\"https:\/\/www.familysearch.org\/es\/wiki\/Idiomas_de_Panam%C3%A1\">Idiomas de Panam\u00e1<\/a> &#8211; FamilySearch Wiki<\/li>\n<li><a href=\"https:\/\/queidioma.com\/hablan-en-panama\/\">Idioma de Panam\u00e1<\/a> \u25b7 Lenguas oficiales de paname\u00f1os<\/li>\n<\/ul>\n<\/li>\n<\/ul>\n<span class=\"last-modified-timestamp\">Dic 24, 2024 @ 1:26 pm<\/span>\n","protected":false},"excerpt":{"rendered":"<p>Prensa: D\u00eda a d\u00eda, <a href=\"http:\/\/Prensa.com\" class=\"autohyperlink\">Prensa.com<\/a> La lista de Kiosko Autoridades Autoridad de Turismo de Panam\u00e1 Gaceta Oficial Ministerio de Desarrollo Social Ministerio de Salud \u00d3rgano Judicial vLex Canal de Panam\u00e1 Capital Financiero Panam\u00e1 Radio Panam\u00e1 Telemetro (TV) Universidad Tecnol\u00f3gica de Panam\u00e1 Lenguas Lenguas de Panam\u00e1 &#8211; Wikipedia, la enciclopedia libre<\/p>\n","protected":false},"author":1,"featured_media":0,"parent":0,"menu_order":0,"comment_status":"closed","ping_status":"closed","template":"","meta":{"iawp_total_views":1,"footnotes":"","_wp_rev_ctl_limit":""},"class_list":["post-11732","page","type-page","status-publish","hentry"],"publishpress_future_action":{"enabled":false,"date":"2026-05-04 06:45:59","action":"change-status","newStatus":"draft","terms":[],"taxonomy":"","extraData":[]},"publishpress_future_workflow_manual_trigger":{"enabledWorkflows":[]},"_links":{"self":[{"href":"https:\/\/hlrnet.com\/sites\/alt164\/wp-json\/wp\/v2\/pages\/11732","targetHints":{"allow":["GET"]}}],"collection":[{"href":"https:\/\/hlrnet.com\/sites\/alt164\/wp-json\/wp\/v2\/pages"}],"about":[{"href":"https:\/\/hlrnet.com\/sites\/alt164\/wp-json\/wp\/v2\/types\/page"}],"author":[{"embeddable":true,"href":"https:\/\/hlrnet.com\/sites\/alt164\/wp-json\/wp\/v2\/users\/1"}],"replies":[{"embeddable":true,"href":"https:\/\/hlrnet.com\/sites\/alt164\/wp-json\/wp\/v2\/comments?post=11732"}],"version-history":[{"count":4,"href":"https:\/\/hlrnet.com\/sites\/alt164\/wp-json\/wp\/v2\/pages\/11732\/revisions"}],"predecessor-version":[{"id":26042,"href":"https:\/\/hlrnet.com\/sites\/alt164\/wp-json\/wp\/v2\/pages\/11732\/revisions\/26042"}],"wp:attachment":[{"href":"https:\/\/hlrnet.com\/sites\/alt164\/wp-json\/wp\/v2\/media?parent=11732"}],"curies":[{"name":"wp","href":"https:\/\/api.w.org\/{rel}","templated":true}]}}