{"id":11730,"date":"2018-04-19T17:03:44","date_gmt":"2018-04-19T17:03:44","guid":{"rendered":"http:\/\/hlrnet.com\/sites\/alt164\/?page_id=11730"},"modified":"2024-04-26T06:57:04","modified_gmt":"2024-04-26T06:57:04","slug":"peru","status":"publish","type":"page","link":"https:\/\/hlrnet.com\/sites\/alt164\/peru\/","title":{"rendered":"Per\u00fa"},"content":{"rendered":"<ul>\n<li>Buscar: <a href=\"https:\/\/www.accesoperu.com\/\" target=\"_blank\" rel=\"noopener\">AccesoPer\u00fa<\/a><\/li>\n<li>Prensa: <a href=\"https:\/\/diariocorreo.pe\/\" target=\"_blank\" rel=\"noopener\">Diario Correo<\/a>, <a href=\"https:\/\/www.editoraperu.com.pe\/\">El Peruano<\/a>, <a href=\"https:\/\/peru21.pe\/\">Per\u00fa21<\/a>, <a href=\"https:\/\/www.prensaescrita.com\/america\/peru.php\">Prensa escrita<\/a>\n<ul>\n<li>La lista de <a href=\"https:\/\/kiosko.net\/pe\/\">Kiosko<\/a><\/li>\n<\/ul>\n<\/li>\n<li>Estad\u00edsticas: <a href=\"https:\/\/www.inei.gob.pe\/\" target=\"_blank\" rel=\"noopener\">INEI &#8211; Instituto nacional de estad\u00edstica e informaci\u00f3n<\/a><\/li>\n<li><a href=\"https:\/\/www.accesoperu.com\/\" target=\"_blank\" rel=\"noopener\">AccesoPer\u00fa<\/a> (buscador)<\/li>\n<li><a href=\"https:\/\/www.andes.org\/\" target=\"_blank\" rel=\"noopener\">Andes.org &#8211; cultura de los Andes<\/a><\/li>\n<li><a href=\"https:\/\/www.diarioinca.com\/\">DiarioInca<\/a>: literatura peruana<\/li>\n<li><a href=\"https:\/\/www.inei.gob.pe\/\" target=\"_blank\" rel=\"noopener\">Instituto Nacional de Estad\u00edstica e Informaci\u00f3n<\/a><\/li>\n<li><a href=\"https:\/\/www.peru-explorer.com\/manu.htm\" target=\"_blank\" rel=\"noopener\">Manu National Park<\/a><\/li>\n<li>Autoridades\n<ul>\n<li><a href=\"https:\/\/www.bcrp.gob.pe\/\">Banco Central<\/a><\/li>\n<li><a href=\"https:\/\/www.congreso.gob.pe\/\">Congreso<\/a><\/li>\n<li><a href=\"https:\/\/www.inei.gob.pe\/\">INEI<\/a><\/li>\n<li><a href=\"https:\/\/www.minam.gob.pe\/\">Ministerio del Ambiente<\/a><\/li>\n<\/ul>\n<\/li>\n<li><a href=\"https:\/\/netjoven.pe\/\">NetJoven<\/a><\/li>\n<li><a href=\"https:\/\/www.peru.com\/\" target=\"_blank\" rel=\"noopener\">Peru.com<\/a><\/li>\n<li><a href=\"https:\/\/www.peru-explorer.com\/\" target=\"_blank\" rel=\"noopener\">Peru Explorer<\/a><\/li>\n<li><a href=\"https:\/\/adonde.com\/peruhoy\/\" target=\"_blank\" rel=\"noopener\">Per\u00fa hoy<\/a><\/li>\n<li><a href=\"https:\/\/www.universidadperu.com\/\">Universidad Per\u00fa<\/a><\/li>\n<li>Lenguas\n<ul>\n<li><a href=\"https:\/\/www.ngenespanol.com\/dato-dia\/cuales-son-los-tres-idiomas-oficiales-de-peru\/\">\u00bfCu\u00e1les son los tres idiomas oficiales de Per\u00fa? \u00a1Con\u00f3celos!<\/a><\/li>\n<li><a href=\"https:\/\/es.wikipedia.org\/wiki\/Lenguas_del_Per%C3%BA\">Lenguas del Per\u00fa<\/a> &#8211; Wikipedia, la enciclopedia libre<\/li>\n<li><a href=\"https:\/\/www.donquijote.org\/es\/cultura-peruana\/tradiciones\/espanol-peru\/\">Lenguas Peruanas: Quechua, Aymara y Espa\u00f1ol<\/a> | don Quijote<\/li>\n<\/ul>\n<\/li>\n<\/ul>\n<span class=\"last-modified-timestamp\">Abr 26, 2024 @ 6:57 am<\/span>\n","protected":false},"excerpt":{"rendered":"<p>Buscar: AccesoPer\u00fa Prensa: Diario Correo, El Peruano, Per\u00fa21, Prensa escrita La lista de Kiosko Estad\u00edsticas: INEI &#8211; Instituto nacional de estad\u00edstica e informaci\u00f3n AccesoPer\u00fa (buscador) <a href=\"http:\/\/Andes.org\" class=\"autohyperlink\">Andes.org<\/a> &#8211; cultura de los Andes DiarioInca: literatura peruana Instituto Nacional de Estad\u00edstica e Informaci\u00f3n Manu National Park Autoridades Banco Central Congreso INEI Ministerio del<\/p>\n","protected":false},"author":1,"featured_media":0,"parent":0,"menu_order":0,"comment_status":"closed","ping_status":"closed","template":"","meta":{"iawp_total_views":5,"footnotes":"","_wp_rev_ctl_limit":""},"class_list":["post-11730","page","type-page","status-publish","hentry"],"publishpress_future_action":{"enabled":false,"date":"2026-05-07 17:06:54","action":"change-status","newStatus":"draft","terms":[],"taxonomy":"","extraData":[]},"publishpress_future_workflow_manual_trigger":{"enabledWorkflows":[]},"_links":{"self":[{"href":"https:\/\/hlrnet.com\/sites\/alt164\/wp-json\/wp\/v2\/pages\/11730","targetHints":{"allow":["GET"]}}],"collection":[{"href":"https:\/\/hlrnet.com\/sites\/alt164\/wp-json\/wp\/v2\/pages"}],"about":[{"href":"https:\/\/hlrnet.com\/sites\/alt164\/wp-json\/wp\/v2\/types\/page"}],"author":[{"embeddable":true,"href":"https:\/\/hlrnet.com\/sites\/alt164\/wp-json\/wp\/v2\/users\/1"}],"replies":[{"embeddable":true,"href":"https:\/\/hlrnet.com\/sites\/alt164\/wp-json\/wp\/v2\/comments?post=11730"}],"version-history":[{"count":5,"href":"https:\/\/hlrnet.com\/sites\/alt164\/wp-json\/wp\/v2\/pages\/11730\/revisions"}],"predecessor-version":[{"id":24787,"href":"https:\/\/hlrnet.com\/sites\/alt164\/wp-json\/wp\/v2\/pages\/11730\/revisions\/24787"}],"wp:attachment":[{"href":"https:\/\/hlrnet.com\/sites\/alt164\/wp-json\/wp\/v2\/media?parent=11730"}],"curies":[{"name":"wp","href":"https:\/\/api.w.org\/{rel}","templated":true}]}}