{"id":11728,"date":"2018-04-19T17:03:28","date_gmt":"2018-04-19T17:03:28","guid":{"rendered":"http:\/\/hlrnet.com\/sites\/alt164\/?page_id=11728"},"modified":"2024-09-09T19:52:27","modified_gmt":"2024-09-09T19:52:27","slug":"puerto-rico","status":"publish","type":"page","link":"https:\/\/hlrnet.com\/sites\/alt164\/puerto-rico\/","title":{"rendered":"Puerto Rico"},"content":{"rendered":"<ul>\n<li>Prensa: <a href=\"https:\/\/www.elnuevodia.com\/\" target=\"_blank\" rel=\"noopener noreferrer\">Nuevo D\u00eda<\/a>, <a href=\"https:\/\/www.prweb.com\/\" target=\"_blank\" rel=\"noopener noreferrer\">PRWeb Press Release Service<\/a><\/li>\n<li>La lista de <a href=\"https:\/\/kiosko.net\/pr\/\">Kiosko<\/a><\/li>\n<li>Autoridades\n<ul>\n<li><a href=\"https:\/\/www.ocpr.gov.pr\/\">Oficina del Contralor<\/a><\/li>\n<\/ul>\n<\/li>\n<li><a href=\"https:\/\/welcome.topuertorico.org\/exploring.shtml\" target=\"_blank\" rel=\"noopener noreferrer\">Explore Puerto Rico<\/a><\/li>\n<li><a href=\"https:\/\/www.endi.com\/\" target=\"_blank\" rel=\"noopener noreferrer\">El Nuevo D\u00eda Interactivo<\/a><\/li>\n<li><a href=\"https:\/\/www.preb.com\/\" target=\"_blank\" rel=\"noopener noreferrer\">Puerto Rico en breve<\/a><\/li>\n<li><a href=\"https:\/\/www.inter.edu\/\" target=\"_blank\" rel=\"noopener noreferrer\">Universidad Interamericana<\/a><\/li>\n<li>Lenguas\n<ul>\n<li><a href=\"https:\/\/tesoro.pr\/busqueda\">Tesoro lexicogr\u00e1fico de Puerto Rico<\/a><\/li>\n<li><a href=\"https:\/\/es.wikipedia.org\/wiki\/Lenguas_de_Puerto_Rico\">Lenguas de Puerto Rico<\/a> &#8211; Wikipedia, la enciclopedia libre<\/li>\n<li><a href=\"https:\/\/queidioma.com\/hablan-en-puerto-rico\/\">Idioma de Puerto Rico<\/a> \u25b7 Lenguas oficiales de los portorrique\u00f1os<\/li>\n<li><a href=\"https:\/\/www.123viajando.com\/puerto-rico\/que-idiomas-se-hablan\/\">\u00bfQu\u00e9 idiomas se hablan en Puerto Rico?<\/a><\/li>\n<\/ul>\n<\/li>\n<\/ul>\n<span class=\"last-modified-timestamp\">Sep 9, 2024 @ 7:52 pm<\/span>\n<p>&nbsp;<\/p>\n","protected":false},"excerpt":{"rendered":"<p>Prensa: Nuevo D\u00eda, PRWeb Press Release Service La lista de Kiosko Autoridades Oficina del Contralor Explore Puerto Rico El Nuevo D\u00eda Interactivo Puerto Rico en breve Universidad Interamericana Lenguas Tesoro lexicogr\u00e1fico de Puerto Rico Lenguas de Puerto Rico &#8211; Wikipedia, la enciclopedia libre Idioma de Puerto Rico \u25b7 Lenguas oficiales<\/p>\n","protected":false},"author":1,"featured_media":0,"parent":0,"menu_order":0,"comment_status":"closed","ping_status":"closed","template":"","meta":{"iawp_total_views":0,"footnotes":"","_wp_rev_ctl_limit":""},"class_list":["post-11728","page","type-page","status-publish","hentry"],"publishpress_future_action":{"enabled":false,"date":"2026-05-04 02:41:24","action":"change-status","newStatus":"draft","terms":[],"taxonomy":"","extraData":[]},"publishpress_future_workflow_manual_trigger":{"enabledWorkflows":[]},"_links":{"self":[{"href":"https:\/\/hlrnet.com\/sites\/alt164\/wp-json\/wp\/v2\/pages\/11728","targetHints":{"allow":["GET"]}}],"collection":[{"href":"https:\/\/hlrnet.com\/sites\/alt164\/wp-json\/wp\/v2\/pages"}],"about":[{"href":"https:\/\/hlrnet.com\/sites\/alt164\/wp-json\/wp\/v2\/types\/page"}],"author":[{"embeddable":true,"href":"https:\/\/hlrnet.com\/sites\/alt164\/wp-json\/wp\/v2\/users\/1"}],"replies":[{"embeddable":true,"href":"https:\/\/hlrnet.com\/sites\/alt164\/wp-json\/wp\/v2\/comments?post=11728"}],"version-history":[{"count":4,"href":"https:\/\/hlrnet.com\/sites\/alt164\/wp-json\/wp\/v2\/pages\/11728\/revisions"}],"predecessor-version":[{"id":25427,"href":"https:\/\/hlrnet.com\/sites\/alt164\/wp-json\/wp\/v2\/pages\/11728\/revisions\/25427"}],"wp:attachment":[{"href":"https:\/\/hlrnet.com\/sites\/alt164\/wp-json\/wp\/v2\/media?parent=11728"}],"curies":[{"name":"wp","href":"https:\/\/api.w.org\/{rel}","templated":true}]}}