{"id":11726,"date":"2018-04-19T17:03:10","date_gmt":"2018-04-19T17:03:10","guid":{"rendered":"http:\/\/hlrnet.com\/sites\/alt164\/?page_id=11726"},"modified":"2023-01-10T08:13:21","modified_gmt":"2023-01-10T08:13:21","slug":"paraguay","status":"publish","type":"page","link":"https:\/\/hlrnet.com\/sites\/alt164\/paraguay\/","title":{"rendered":"Paraguay"},"content":{"rendered":"<ul>\n<li>Prensa: la lista de <a href=\"https:\/\/kiosko.net\/py\/\">Kiosko<\/a>\n<ul>\n<li><a href=\"https:\/\/www.critica.com.pa\/\">Cr\u00edtica<\/a><\/li>\n<\/ul>\n<\/li>\n<li><a href=\"https:\/\/www.amp.gob.pa\/\">Autoridad Mar\u00edtima de Panam\u00e1<\/a><\/li>\n<li><a href=\"https:\/\/www.infonet.com.py\/\" target=\"_blank\" rel=\"noopener\">Infonet<\/a><\/li>\n<li><a href=\"https:\/\/www.mici.gob.pa\/\">Ministerio de Comercio<\/a><\/li>\n<li><a href=\"https:\/\/www.paraguay.com\/\" target=\"_blank\" rel=\"noopener\">Paraguay.com<\/a> (en ingl\u00e9s)<\/li>\n<li><a href=\"https:\/\/www.procuraduria-admon.gob.pa\/\">Procuradur\u00eda de la Administraci\u00f3n Ministerio P\u00fablico<\/a><\/li>\n<li><a href=\"https:\/\/www.columbia.edu.py\/\" target=\"_blank\" rel=\"noopener\">Universidad Colombia del Paraguay<\/a><\/li>\n<li><a href=\"https:\/\/upanama.up.ac.pa\/\">Universidad de Panam\u00e1<\/a><\/li>\n<li><a href=\"https:\/\/www.una.py\/\" target=\"_blank\" rel=\"noopener\">Universidad Nacional de Asunci\u00f3n<\/a><\/li>\n<li><a href=\"https:\/\/www.unp.edu.py\/\">Universidad Nacional del Pilar<\/a><\/li>\n<li>Lenguas\n<ul>\n<li><a href=\"https:\/\/es.wikipedia.org\/wiki\/Lenguas_de_Paraguay\">Lenguas de Paraguay<\/a> &#8211; Wikipedia, la enciclopedia libre<\/li>\n<li><a href=\"https:\/\/ayudaenaccion.org\/proyectos\/articulos\/lenguas-indigenas-paraguay\/\">Lenguas ind\u00edgenas en Paraguay<\/a> | Ayuda en Acci\u00f3n<\/li>\n<li><a href=\"https:\/\/queidioma.com\/hablan-en-paraguay\/\">Idioma de Paraguay<\/a> \u25b7 Lenguas oficiales de paraguayos<\/li>\n<\/ul>\n<\/li>\n<\/ul>\n<span class=\"last-modified-timestamp\">Ene 10, 2023 @ 8:13 am<\/span>\n","protected":false},"excerpt":{"rendered":"<p>Prensa: la lista de Kiosko Cr\u00edtica Autoridad Mar\u00edtima de Panam\u00e1 Infonet Ministerio de Comercio <a href=\"http:\/\/Paraguay.com\" class=\"autohyperlink\">Paraguay.com<\/a> (en ingl\u00e9s) Procuradur\u00eda de la Administraci\u00f3n Ministerio P\u00fablico Universidad Colombia del Paraguay Universidad de Panam\u00e1 Universidad Nacional de Asunci\u00f3n Universidad Nacional del Pilar Lenguas Lenguas de Paraguay &#8211; Wikipedia, la enciclopedia libre Lenguas ind\u00edgenas en<\/p>\n","protected":false},"author":1,"featured_media":0,"parent":0,"menu_order":0,"comment_status":"closed","ping_status":"closed","template":"","meta":{"iawp_total_views":2,"footnotes":"","_wp_rev_ctl_limit":""},"class_list":["post-11726","page","type-page","status-publish","hentry"],"publishpress_future_action":{"enabled":false,"date":"2026-05-06 12:23:25","action":"change-status","newStatus":"draft","terms":[],"taxonomy":"","extraData":[]},"publishpress_future_workflow_manual_trigger":{"enabledWorkflows":[]},"_links":{"self":[{"href":"https:\/\/hlrnet.com\/sites\/alt164\/wp-json\/wp\/v2\/pages\/11726","targetHints":{"allow":["GET"]}}],"collection":[{"href":"https:\/\/hlrnet.com\/sites\/alt164\/wp-json\/wp\/v2\/pages"}],"about":[{"href":"https:\/\/hlrnet.com\/sites\/alt164\/wp-json\/wp\/v2\/types\/page"}],"author":[{"embeddable":true,"href":"https:\/\/hlrnet.com\/sites\/alt164\/wp-json\/wp\/v2\/users\/1"}],"replies":[{"embeddable":true,"href":"https:\/\/hlrnet.com\/sites\/alt164\/wp-json\/wp\/v2\/comments?post=11726"}],"version-history":[{"count":0,"href":"https:\/\/hlrnet.com\/sites\/alt164\/wp-json\/wp\/v2\/pages\/11726\/revisions"}],"wp:attachment":[{"href":"https:\/\/hlrnet.com\/sites\/alt164\/wp-json\/wp\/v2\/media?parent=11726"}],"curies":[{"name":"wp","href":"https:\/\/api.w.org\/{rel}","templated":true}]}}