{"id":11724,"date":"2018-04-19T17:02:55","date_gmt":"2018-04-19T17:02:55","guid":{"rendered":"http:\/\/hlrnet.com\/sites\/alt164\/?page_id=11724"},"modified":"2026-02-14T20:07:19","modified_gmt":"2026-02-14T20:07:19","slug":"la-actualidad-y-la-prensa-en-linea","status":"publish","type":"page","link":"https:\/\/hlrnet.com\/sites\/alt164\/la-actualidad-y-la-prensa-en-linea\/","title":{"rendered":"La actualidad y la prensa en l\u00ednea"},"content":{"rendered":"<ul>\n<li>Revistas en l\u00ednea \/ Sitios\n<ul>\n<li><a href=\"https:\/\/ansalatina.com\/\">Agencia Ansa<\/a><\/li>\n<li><a href=\"https:\/\/www.andalucesdiario.es\/\">Andaluces diario<\/a><\/li>\n<li><a href=\"https:\/\/www.elconfidencial.com\/\">El Confidencial<\/a><\/li>\n<li><a href=\"https:\/\/www.eldebate.com\/\">El Debate<\/a><\/li>\n<li><a href=\"https:\/\/www.diariocritico.com\/\">Diario cr\u00edtico<\/a><\/li>\n<li><a href=\"https:\/\/www.diarioinformacion.com\/\">Diario Informaci\u00f3n<\/a><\/li>\n<li><a href=\"https:\/\/www.diezminutos.es\/\">Diez minutos<\/a>: revista del coraz\u00f3n<\/li>\n<li><a href=\"https:\/\/www.eldiario.es\/\">eldiario.es<\/a>: &#8216;periodismo a pesar de todo&#8217;<\/li>\n<li><a href=\"https:\/\/www.elplural.com\/\" target=\"_blank\" rel=\"noopener noreferrer\">elplural<\/a>: peri\u00f3dico digital progresista<\/li>\n<li><a href=\"https:\/\/www.e-noticies.es\/\">e-not\u00edcies<\/a><\/li>\n<li><a href=\"https:\/\/www.euromundoglobal.com\/\">Euromundo Global<\/a><\/li>\n<li><a href=\"https:\/\/www.europapress.es\/\" target=\"_blank\" rel=\"noopener noreferrer\">Europa Press<\/a><\/li>\n<li><a href=\"https:\/\/www.fronteralatina.de\/\">Frontera latina<\/a>: peri\u00f3dico de Berlin al mundo<\/li>\n<li><a href=\"https:\/\/www.fundamentar.com\/\">Fundamentar<\/a><\/li>\n<li><a href=\"https:\/\/es.globalvoicesonline.org\/\">GlobalVoices<\/a><\/li>\n<li><a href=\"https:\/\/legrandcontinent.eu\/es\/\">El Grand Continent<\/a>, en espa\u00f1ol<\/li>\n<li><a href=\"https:\/\/hipertextual.com\/\">Hipertextual<\/a><\/li>\n<li><a href=\"https:\/\/www.hispanidad.com\/\">Hispanidad<\/a>: peri\u00f3dico electr\u00f3nico<\/li>\n<li><a href=\"https:\/\/www.huffingtonpost.es\/\">Huffington Post<\/a><\/li>\n<li><a href=\"https:\/\/www.infobae.com\/\">Infobae<\/a><\/li>\n<li><a href=\"https:\/\/www.libertaddigital.com\/\" target=\"_blank\" rel=\"noopener noreferrer\">Libertad digital<\/a>: noticias y opini\u00f3n en internet<\/li>\n<li><a href=\"https:\/\/maldita.es\/\">Maldita.es<\/a>: lucha contra los bulos<\/li>\n<li><a href=\"https:\/\/www.meneame.net\/\">Men\u00e9ame<\/a><\/li>\n<li><a href=\"https:\/\/www.muyinteresante.es\/\">Muy Interesante<\/a><\/li>\n<li><a href=\"https:\/\/www.elnuevodia.com\/noticias\/\">El nuevo d\u00eda interactivo<\/a> (Puerto Rico)<\/li>\n<li><a href=\"https:\/\/www.noticias.com\/\" target=\"_blank\" rel=\"noopener noreferrer\">Noticias.com<\/a> (tecnolog\u00eda)<\/li>\n<li><a href=\"https:\/\/okdiario.com\/\">okdiario<\/a>: el sitio de los infonformistas<\/li>\n<li><a href=\"https:\/\/www.pagina10.com\/\">P\u00e1gina10<\/a><\/li>\n<li><a href=\"https:\/\/www.periodistadigital.com\/\" target=\"_blank\" rel=\"noopener noreferrer\">Periodista Digital<\/a><\/li>\n<li><a href=\"https:\/\/periodistas21.blogspot.com\/\">Periodistas 21<\/a><\/li>\n<li><a href=\"https:\/\/www.periodistas-es.com\/\">Periodistas en espa\u00f1ol.com<\/a><\/li>\n<li><a href=\"https:\/\/www.publico.es\/\">Publico.es<\/a><\/li>\n<li><a href=\"https:\/\/www.que.es\/\">Qu\u00e9<\/a><\/li>\n<li><a href=\"https:\/\/www.regiondigital.com\/\" target=\"_blank\" rel=\"noopener noreferrer\">Regi\u00f3n Digital<\/a>: diario digital de Extremadura<\/li>\n<li><a href=\"https:\/\/www.larepublica.es\/\">La Rep\u00fablica<\/a><\/li>\n<li><a href=\"https:\/\/es.reuters.com\/\">Reuters en espa\u00f1ol<\/a><\/li>\n<li><a href=\"https:\/\/www.rtve.es\/noticias\/\">RTVE: noticias<\/a><\/li>\n<li><a href=\"https:\/\/www.semana.com\/\">Semana<\/a><\/li>\n<li><a href=\"https:\/\/www.eluniversal.com\/\" target=\"_blank\" rel=\"noopener noreferrer\">El Universal<\/a><\/li>\n<li><a href=\"https:\/\/www.univision.com\/\">Univision<\/a><\/li>\n<\/ul>\n<\/li>\n<li>Listas\n<ul>\n<li><a href=\"https:\/\/www.abyznewslinks.com\/spain.htm\" target=\"_blank\" rel=\"noopener noreferrer\">ABYZ News Links: Spain Newspapers and News Media Guide<\/a><\/li>\n<li><a href=\"https:\/\/www.abyznewslinks.com\/south.htm\" target=\"_blank\" rel=\"noopener noreferrer\">ABYZ News Links: South America Newspapers and News Media Guide<\/a><\/li>\n<li><a href=\"https:\/\/www.elcastellano.org\/prensa.html\">El Castellano<\/a><\/li>\n<li><a href=\"https:\/\/kiosko.net\/\">Kiosko<\/a>: <a href=\"https:\/\/kiosko.net\/es\/\">ES<\/a> &#8211; <a href=\"https:\/\/kiosko.net\/ar\/\">AR<\/a> &#8211; <a href=\"https:\/\/kiosko.net\/cl\/\">CL<\/a> &#8211; <a href=\"https:\/\/kiosko.net\/co\/\">CO<\/a> &#8211; <a href=\"https:\/\/kiosko.net\/ec\/\">EC<\/a> &#8211; <a href=\"https:\/\/kiosko.net\/hn\/\">HN<\/a> &#8211; <a href=\"https:\/\/kiosko.net\/mx\">MX<\/a> &#8211; <a href=\"https:\/\/kiosko.net\/pe\/\">PE<\/a> &#8211; <a href=\"https:\/\/kiosko.net\/uy\/\">UY<\/a> &#8211; <a href=\"https:\/\/kiosko.net\/ve\/\">VE<\/a><\/li>\n<li><a href=\"https:\/\/www.newspaperdirect.com\/\">NewsPaperDirect<\/a><\/li>\n<li><a href=\"https:\/\/www.onlinenewspapers.com\/\">Onlinenewspapers<\/a>: Online Newspaper Directory for the World<\/li>\n<li><a href=\"https:\/\/www.prensaescrita.com\/\">Prensa escrita<\/a><\/li>\n<\/ul>\n<\/li>\n<li><a href=\"https:\/\/www.ansa.it\/ansalatina\/\" target=\"_blank\" rel=\"noopener noreferrer\">AnsaLatina<\/a><\/li>\n<li><a href=\"https:\/\/www.cibercentro.com\/periodicos\/index.html\" target=\"_blank\" rel=\"noopener noreferrer\">Cibercentro<\/a><\/li>\n<li><a href=\"https:\/\/eskup.elpais.com\/\">Eskup<\/a>: una conversaci\u00f3n en muchas direcciones sobre los temas que nos interesan.<\/li>\n<li><a href=\"https:\/\/news.google.com\/news?ned=es\" target=\"_blank\" rel=\"noopener noreferrer\">Google noticias<\/a><\/li>\n<li><a href=\"https:\/\/www.kioskoymas.com\/\">Kiosko y m\u00e1s<\/a>: comprar y leer prensa en l\u00ednea<\/li>\n<li><a href=\"https:\/\/www.ipl.org\/\" target=\"_blank\" rel=\"noopener noreferrer\">IPL<\/a> (Internet Public Library)<\/li>\n<li><a href=\"https:\/\/www.ojosdepapel.com\/\">Ojos de papel<\/a><\/li>\n<li><a href=\"https:\/\/www.mural.com\/\" target=\"_blank\" rel=\"noopener noreferrer\">Mural<\/a> (M\u00e9xico)<\/li>\n<\/ul>\n<p><strong><a name=\"esp\"><\/a>Peri\u00f3dicos espa\u00f1oles en l\u00ednea <\/strong><\/p>\n<ul>\n<li><a href=\"https:\/\/www.20minutos.es\/\" target=\"_blank\" rel=\"noopener noreferrer\">20 minutos<\/a><\/li>\n<li><a href=\"https:\/\/www.abc.es\/\">ABC<\/a><\/li>\n<li>El <a href=\"https:\/\/www.boe.es\/\" target=\"_blank\" rel=\"noopener noreferrer\">Bolet\u00edn Oficial del Estado<\/a> (Madrid)<\/li>\n<li><a href=\"https:\/\/www.desdesoria.es\/\">Desde Soria<\/a><\/li>\n<li><a href=\"https:\/\/www.diariodenavarra.es\/\" target=\"_blank\" rel=\"noopener noreferrer\">Diario de Navarra<\/a><\/li>\n<li><a href=\"https:\/\/www.diariosur.es\/\" target=\"_blank\" rel=\"noopener noreferrer\">Diario Sur<\/a><\/li>\n<li><a href=\"https:\/\/www.diariovasco.com\/\" target=\"_blank\" rel=\"noopener noreferrer\">Diario Vasco<\/a><\/li>\n<li><a href=\"https:\/\/www.emol.com\/\">emol<\/a> (CL)<\/li>\n<li><a href=\"https:\/\/www.estrelladigital.es\/\" target=\"_blank\" rel=\"noopener noreferrer\">La Estrella Digital<\/a><\/li>\n<li><a href=\"https:\/\/www.levante-emv.com\/\">El Levante-EMV<\/a><\/li>\n<li><a href=\"https:\/\/www.elmundotoday.com\/\">El Mundo Today<\/a><\/li>\n<li><a href=\"https:\/\/www.laopiniondemurcia.es\/\">La Opini\u00f3n de Murcia<\/a><\/li>\n<li><a href=\"https:\/\/www.elpais.com\/\" target=\"_blank\" rel=\"noopener noreferrer\">El Pa\u00eds digital<\/a> (con juegos, pasatiempos y mucho m\u00e1s)<\/li>\n<li><a href=\"https:\/\/www.elperiodico.com\/\" target=\"_blank\" rel=\"noopener noreferrer\">El Peri\u00f3dico<\/a><\/li>\n<li><a href=\"https:\/\/www.publico.es\/\">P\u00fablico<\/a><\/li>\n<li><a href=\"https:\/\/www.lasprovincias.es\/\" target=\"_blank\" rel=\"noopener noreferrer\">Las Provincias<\/a><\/li>\n<li><a href=\"https:\/\/www.larazon.es\/\" target=\"_blank\" rel=\"noopener noreferrer\">La Raz\u00f3n<\/a><\/li>\n<li><a href=\"http:\/\/www.lasemana.es\/\" target=\"_blank\" rel=\"noopener noreferrer\">La Semana<\/a><\/li>\n<li><a href=\"https:\/\/www.lasprovincias.es\/\">Las Provincias<\/a><\/li>\n<li><a href=\"https:\/\/www.sport.es\/\" target=\"_blank\" rel=\"noopener noreferrer\">Sport<\/a><\/li>\n<li><a href=\"https:\/\/www.lavanguardia.com\/\" target=\"_blank\" rel=\"noopener noreferrer\">La Vanguardia<\/a><\/li>\n<li>Audivisuales\n<ul>\n<li><a href=\"http:\/\/www.20minutos.tv\/\">20minutos.tv<\/a><\/li>\n<li><a href=\"https:\/\/www.antena3.com\/noticias\/\">Antena3Noticias<\/a><\/li>\n<\/ul>\n<\/li>\n<li>Locales: <a href=\"https:\/\/www.ceutaldia.com\/\">Ceuta al d\u00eda<\/a>, <a href=\"https:\/\/www.diariodecadiz.es\/\" target=\"_blank\" rel=\"noopener noreferrer\">Diario de C\u00e1diz<\/a>, <a href=\"https:\/\/www.diariodeibiza.es\/\" target=\"_blank\" rel=\"noopener noreferrer\">Diario de Ibiza<\/a>, <a href=\"https:\/\/www.diariodemallorca.es\/\" target=\"_blank\" rel=\"noopener noreferrer\">Diario de Mallorca<\/a>, <a href=\"https:\/\/www.diaridetarragona.com\/\" target=\"_blank\" rel=\"noopener noreferrer\">Diario de Tarragona<\/a>, <a href=\"https:\/\/www.heraldo.es\/\" target=\"_blank\" rel=\"noopener noreferrer\">Heraldo de Arag\u00f3n<\/a>, <a href=\"https:\/\/www.hoy.es\/\" target=\"_blank\" rel=\"noopener noreferrer\">Hoy<\/a> (Extremadura), <a href=\"https:\/\/www.diarioinformacion.com\/\" target=\"_blank\" rel=\"noopener noreferrer\">Informaci\u00f3n de Alicante<\/a>, <a href=\"https:\/\/www.levante-emv.com\/\">Levante-emv<\/a> (Valencia), <a href=\"https:\/\/www.lne.es\/\">La Nueva Espa\u00f1a<\/a> (Asturias), <a href=\"https:\/\/www.lasprovincias.es\/\" target=\"_blank\" rel=\"noopener noreferrer\">Las Provincias<\/a> (Valencia) , <a href=\"https:\/\/www.laverdad.es\/\" target=\"_blank\" rel=\"noopener noreferrer\">La Verdad<\/a> (Murcia) , <a href=\"https:\/\/www.lavozdegalicia.com\/\" target=\"_blank\" rel=\"noopener noreferrer\">La Voz de Galicia<\/a><\/li>\n<li>Buzz\n<ul>\n<li><a href=\"https:\/\/www.buzzfeed.com\/\">Buzzfeed<\/a><\/li>\n<li><a href=\"https:\/\/www.dalealplay.com\/\">Dalealplay: los mejores videos de la red<\/a><\/li>\n<li><a href=\"https:\/\/www.gonzoo.com\/\">Gonzoo<\/a><\/li>\n<li><a href=\"https:\/\/www.que.es\/\">Que.es<\/a><\/li>\n<li><a href=\"https:\/\/es.ulule.com\/\">Ulule<\/a><\/li>\n<\/ul>\n<\/li>\n<\/ul>\n<p><strong><a name=\"ame\"><\/a>Peri\u00f3dicos americanos en l\u00ednea <\/strong><\/p>\n<ul>\n<li><a href=\"https:\/\/www.arena.com.ar\/\" target=\"_blank\" rel=\"noopener noreferrer\">La Arena<\/a> (Argentina)<\/li>\n<li><a href=\"https:\/\/www.elcomercio.com\/\" target=\"_blank\" rel=\"noopener noreferrer\">El Comercio<\/a> (Ecuador)<\/li>\n<li><a href=\"https:\/\/elcomercio.pe\/\" target=\"_blank\" rel=\"noopener noreferrer\">El Comercio<\/a> (Per\u00fa)<\/li>\n<li><a href=\"https:\/\/www.chanarcillo.cl\/\" target=\"_blank\" rel=\"noopener noreferrer\">Diario Cha\u00f1arcillo el Diario de la Miner\u00eda<\/a> (Chile)<\/li>\n<li><a href=\"https:\/\/www.clarin.com\/\" target=\"_blank\" rel=\"noopener noreferrer\">Clar\u00edn<\/a> (Argentina)<\/li>\n<li><a href=\"https:\/\/www.cubasi.cu\/\">Cuba s\u00ed<\/a> (Cuba)<\/li>\n<li><a href=\"https:\/\/www.eldia.com.ar\/\" target=\"_blank\" rel=\"noopener noreferrer\">El D\u00eda<\/a> (Argentina)<\/li>\n<li><a href=\"https:\/\/www.eldiario.net\/\" target=\"_blank\" rel=\"noopener noreferrer\">El Diario<\/a> (Bolivia)<\/li>\n<li><a href=\"https:\/\/www.df.cl\/\" target=\"_blank\" rel=\"noopener noreferrer\">El Diario Financiero<\/a> (Chile)<\/li>\n<li><a href=\"https:\/\/www.elsalvador.com\/\" target=\"_blank\" rel=\"noopener noreferrer\">El Diario de Hoy<\/a> (El Salvador)<\/li>\n<li><a href=\"https:\/\/www.yucatan.com.mx\/\" target=\"_blank\" rel=\"noopener noreferrer\">Diario de Yucat\u00e1n<\/a> (M\u00e9xico)<\/li>\n<li><a href=\"https:\/\/www.diario.com.mx\/\" target=\"_blank\" rel=\"noopener noreferrer\">Diario digital<\/a> (M\u00e9xico)<\/li>\n<li><a href=\"https:\/\/www.diariolasamericas.com\/\" target=\"_blank\" rel=\"noopener noreferrer\">Diario de las Am\u00e9ricas<\/a> (Miami)<\/li>\n<li><a href=\"https:\/\/diariocorreo.pe\/\" target=\"_blank\" rel=\"noopener noreferrer\">Diario Correo<\/a> (Per\u00fa)<\/li>\n<li><a href=\"https:\/\/www.diario.net\/\" target=\"_blank\" rel=\"noopener noreferrer\">Diario de Nuevo Laredo<\/a><\/li>\n<li><a href=\"https:\/\/www.diariolibre.com\/\">Diario libre<\/a> (Rep\u00fablica Dominicana)<\/li>\n<li><a href=\"https:\/\/eleconomista.com.mx\/\" target=\"_blank\" rel=\"noopener noreferrer\">El Economista<\/a> (M\u00e9xico)<\/li>\n<li><a href=\"https:\/\/www.elespectador.com\/\" target=\"_blank\" rel=\"noopener noreferrer\">El Espectador<\/a><\/li>\n<li><a href=\"https:\/\/www.granma.cu\/\" target=\"_blank\" rel=\"noopener noreferrer\">Granma<\/a> (Cuba)<\/li>\n<li><a href=\"https:\/\/www.lahora.com.ec\/\" target=\"_blank\" rel=\"noopener noreferrer\">La Hora<\/a> (Ecuador)<\/li>\n<li><a href=\"https:\/\/www.lahora.com\/\" target=\"_blank\" rel=\"noopener noreferrer\">La Hora<\/a> (Venezuela)<\/li>\n<li><a href=\"https:\/\/www.hoy.com.do\/\">Hoy digital<\/a> (Rep\u00fablica dominicana)<\/li>\n<li><a href=\"https:\/\/www.jornada.unam.mx\/\">La Jornada<\/a> (M\u00e9xico)<\/li>\n<li><a href=\"https:\/\/www.la-libertad.com.ar\/\" target=\"_blank\" rel=\"noopener noreferrer\">La Libertad<\/a> (Argentina)<\/li>\n<li><a href=\"https:\/\/www.lanacion.com.ar\/\" target=\"_blank\" rel=\"noopener noreferrer\">La Naci\u00f3n<\/a> (Argentina)<\/li>\n<li><a href=\"https:\/\/www.elnacional.com.do\/\">El Nacional<\/a> (Rep\u00fablica Dominicana)<\/li>\n<li><a href=\"https:\/\/www.notitarde.com\/\" target=\"_blank\" rel=\"noopener noreferrer\">NotiTarde<\/a> (Venezuela)<\/li>\n<li><a href=\"https:\/\/www.endi.com\/\" target=\"_blank\" rel=\"noopener noreferrer\">Nuevo D\u00eda<\/a> (Puerto Rico)<\/li>\n<li><a href=\"https:\/\/www.pagina12.com.ar\/\" target=\"_blank\" rel=\"noopener noreferrer\">P\u00e1gina 12<\/a> (Argentina)<\/li>\n<li><a href=\"https:\/\/www.elpais.com.uy\/\" target=\"_blank\" rel=\"noopener noreferrer\">El Pa\u00eds<\/a> (Uruguay)<\/li>\n<li><a href=\"https:\/\/www.paraguay.com\/\">Paraguay.com<\/a> (Paraguay)<\/li>\n<li><a href=\"https:\/\/www.perfil.com\">Perfil<\/a> (Argentina)<\/li>\n<li><a href=\"https:\/\/www.laprensa.com.ni\/\" target=\"_blank\" rel=\"noopener noreferrer\">La Prensa<\/a> (Nicaragua)<\/li>\n<li><a href=\"https:\/\/www.prensalibre.com\/\" target=\"_blank\" rel=\"noopener noreferrer\">Prensa libre<\/a> (Guatemala)<\/li>\n<li><a href=\"https:\/\/www.la-razon.com\/\" target=\"_blank\" rel=\"noopener noreferrer\">La Raz\u00f3n<\/a> (Bolivia)<\/li>\n<li><a href=\"https:\/\/www.rionegro.com.ar\/\" target=\"_blank\" rel=\"noopener noreferrer\">R\u00edo Negro<\/a> (Argentina)<\/li>\n<li><a href=\"https:\/\/www.elsur.cl\/\" target=\"_blank\" rel=\"noopener noreferrer\">El Sur<\/a> (Chile)<\/li>\n<li><a href=\"https:\/\/www.talcualdigital.com\/\" target=\"_blank\" rel=\"noopener noreferrer\">Tal Cual Digital<\/a> (Venezuela)<\/li>\n<li><a href=\"https:\/\/www.tiempo.hn\/\" target=\"_blank\" rel=\"noopener noreferrer\">Tiempo<\/a> (Honduras)<\/li>\n<li><a href=\"https:\/\/www.eltiempo.com\/\">El Tiempo<\/a> (Colombia)<\/li>\n<li><a href=\"https:\/\/www.lostiempos.com\/\" target=\"_blank\" rel=\"noopener noreferrer\">Los Tiempos<\/a> (Bolivia)<\/li>\n<li><a href=\"https:\/\/www.el-universal.com\/\" target=\"_blank\" rel=\"noopener noreferrer\">El Universal<\/a> (Venezuela)<\/li>\n<li><a href=\"https:\/\/www.eluniverso.com\/\" target=\"_blank\" rel=\"noopener noreferrer\">El Universo<\/a> (Ecuador)<\/li>\n<li><a href=\"https:\/\/www.laverdad.com\/\" target=\"_blank\" rel=\"noopener noreferrer\">La Verdad<\/a> (Venezuela)<\/li>\n<\/ul>\n<p>Solo buenas noticias<\/p>\n<ul>\n<li><a href=\"https:\/\/buenasnoticiasbn.blogspot.com\/\">Buenas noticias<\/a><\/li>\n<li><a href=\"https:\/\/enpositivo.com\/\">En positivo<\/a><\/li>\n<\/ul>\n<span class=\"last-modified-timestamp\">Feb 14, 2026 @ 8:07 pm<\/span>\n","protected":false},"excerpt":{"rendered":"<p>Revistas en l\u00ednea \/ Sitios Agencia Ansa Andaluces diario El Confidencial El Debate Diario cr\u00edtico Diario Informaci\u00f3n Diez minutos: revista del coraz\u00f3n eldiario.es: &#8216;periodismo a pesar de todo&#8217; elplural: peri\u00f3dico digital progresista e-not\u00edcies Euromundo Global Europa Press Frontera latina: peri\u00f3dico de Berlin al mundo Fundamentar GlobalVoices El Grand Continent, en<\/p>\n","protected":false},"author":1,"featured_media":0,"parent":0,"menu_order":0,"comment_status":"closed","ping_status":"closed","template":"","meta":{"iawp_total_views":7,"footnotes":"","_wp_rev_ctl_limit":""},"class_list":["post-11724","page","type-page","status-publish","hentry"],"publishpress_future_action":{"enabled":false,"date":"2026-05-07 15:47:03","action":"change-status","newStatus":"draft","terms":[],"taxonomy":"","extraData":[]},"publishpress_future_workflow_manual_trigger":{"enabledWorkflows":[]},"_links":{"self":[{"href":"https:\/\/hlrnet.com\/sites\/alt164\/wp-json\/wp\/v2\/pages\/11724","targetHints":{"allow":["GET"]}}],"collection":[{"href":"https:\/\/hlrnet.com\/sites\/alt164\/wp-json\/wp\/v2\/pages"}],"about":[{"href":"https:\/\/hlrnet.com\/sites\/alt164\/wp-json\/wp\/v2\/types\/page"}],"author":[{"embeddable":true,"href":"https:\/\/hlrnet.com\/sites\/alt164\/wp-json\/wp\/v2\/users\/1"}],"replies":[{"embeddable":true,"href":"https:\/\/hlrnet.com\/sites\/alt164\/wp-json\/wp\/v2\/comments?post=11724"}],"version-history":[{"count":4,"href":"https:\/\/hlrnet.com\/sites\/alt164\/wp-json\/wp\/v2\/pages\/11724\/revisions"}],"predecessor-version":[{"id":27584,"href":"https:\/\/hlrnet.com\/sites\/alt164\/wp-json\/wp\/v2\/pages\/11724\/revisions\/27584"}],"wp:attachment":[{"href":"https:\/\/hlrnet.com\/sites\/alt164\/wp-json\/wp\/v2\/media?parent=11724"}],"curies":[{"name":"wp","href":"https:\/\/api.w.org\/{rel}","templated":true}]}}