{"id":11722,"date":"2018-04-19T17:02:33","date_gmt":"2018-04-19T17:02:33","guid":{"rendered":"http:\/\/hlrnet.com\/sites\/alt164\/?page_id=11722"},"modified":"2024-12-24T13:26:28","modified_gmt":"2024-12-24T13:26:28","slug":"el-salvador","status":"publish","type":"page","link":"https:\/\/hlrnet.com\/sites\/alt164\/el-salvador\/","title":{"rendered":"El Salvador"},"content":{"rendered":"<ul>\n<li>Buscar: <a href=\"https:\/\/www.cyt.net\/\" target=\"_blank\" rel=\"noopener\">Portal de Sitios<\/a><\/li>\n<li>Prensa: <a href=\"https:\/\/www.elsalvador.com\/\" target=\"_blank\" rel=\"noopener\">El Diario de Hoy<\/a>, <a href=\"http:\/\/www.elpais.com.sv\/\">El Pa\u00eds<\/a><\/li>\n<li>Autoridades\n<ul>\n<li><a href=\"https:\/\/www.jurisprudencia.gob.sv\/\">Documentaci\u00f3n Judicial<\/a><\/li>\n<li><a href=\"https:\/\/www.bcr.gob.sv\/\">Banco Central de Reserva<\/a><\/li>\n<li><a href=\"https:\/\/www.isdem.gob.sv\/\">Instituto Salvadare\u00f1o de Desarrollo Municipal<\/a><\/li>\n<li><a href=\"https:\/\/www.mined.gob.sv\/\">Ministerio de Educaci\u00f3n<\/a><\/li>\n<\/ul>\n<\/li>\n<li><a href=\"http-s:\/\/www.cadenacuscatlan.com.sv\/\">Radio Cadena<\/a><\/li>\n<li>Lenguas\n<ul>\n<li><a href=\"https:\/\/www.familysearch.org\/es\/wiki\/Idiomas_de_El_Salvador\">Idiomas de El Salvador<\/a> &#8211; FamilySearch Wiki<\/li>\n<li><a href=\"https:\/\/www.studycountry.com\/es\/guia-paises\/SV-language.htm\">Los idiomas de El Salvador<\/a><\/li>\n<li><a href=\"https:\/\/elsalvadoreshermoso.com\/que-idioma-hablan-en-el-salvador\/\">\u00bfQue idioma hablan en El Salvador?<\/a><\/li>\n<\/ul>\n<\/li>\n<\/ul>\n<span class=\"last-modified-timestamp\">Dic 24, 2024 @ 1:26 pm<\/span>\n","protected":false},"excerpt":{"rendered":"<p>Buscar: Portal de Sitios Prensa: El Diario de Hoy, El Pa\u00eds Autoridades Documentaci\u00f3n Judicial Banco Central de Reserva Instituto Salvadare\u00f1o de Desarrollo Municipal Ministerio de Educaci\u00f3n Radio Cadena Lenguas Idiomas de El Salvador &#8211; FamilySearch Wiki Los idiomas de El Salvador \u00bfQue idioma hablan en El Salvador?<\/p>\n","protected":false},"author":1,"featured_media":0,"parent":0,"menu_order":0,"comment_status":"closed","ping_status":"closed","template":"","meta":{"iawp_total_views":0,"footnotes":"","_wp_rev_ctl_limit":""},"class_list":["post-11722","page","type-page","status-publish","hentry"],"publishpress_future_action":{"enabled":false,"date":"2026-05-04 01:01:52","action":"change-status","newStatus":"draft","terms":[],"taxonomy":"","extraData":[]},"publishpress_future_workflow_manual_trigger":{"enabledWorkflows":[]},"_links":{"self":[{"href":"https:\/\/hlrnet.com\/sites\/alt164\/wp-json\/wp\/v2\/pages\/11722","targetHints":{"allow":["GET"]}}],"collection":[{"href":"https:\/\/hlrnet.com\/sites\/alt164\/wp-json\/wp\/v2\/pages"}],"about":[{"href":"https:\/\/hlrnet.com\/sites\/alt164\/wp-json\/wp\/v2\/types\/page"}],"author":[{"embeddable":true,"href":"https:\/\/hlrnet.com\/sites\/alt164\/wp-json\/wp\/v2\/users\/1"}],"replies":[{"embeddable":true,"href":"https:\/\/hlrnet.com\/sites\/alt164\/wp-json\/wp\/v2\/comments?post=11722"}],"version-history":[{"count":4,"href":"https:\/\/hlrnet.com\/sites\/alt164\/wp-json\/wp\/v2\/pages\/11722\/revisions"}],"predecessor-version":[{"id":26040,"href":"https:\/\/hlrnet.com\/sites\/alt164\/wp-json\/wp\/v2\/pages\/11722\/revisions\/26040"}],"wp:attachment":[{"href":"https:\/\/hlrnet.com\/sites\/alt164\/wp-json\/wp\/v2\/media?parent=11722"}],"curies":[{"name":"wp","href":"https:\/\/api.w.org\/{rel}","templated":true}]}}