{"id":11720,"date":"2018-04-19T17:02:09","date_gmt":"2018-04-19T17:02:09","guid":{"rendered":"http:\/\/hlrnet.com\/sites\/alt164\/?page_id=11720"},"modified":"2023-12-27T18:46:09","modified_gmt":"2023-12-27T18:46:09","slug":"uruguay","status":"publish","type":"page","link":"https:\/\/hlrnet.com\/sites\/alt164\/uruguay\/","title":{"rendered":"Uruguay"},"content":{"rendered":"<ul>\n<li>Prensa: <a href=\"https:\/\/www.diarioelpais.com\/\" target=\"_blank\" rel=\"noopener\">El Pa\u00eds<\/a> &#8211; <a href=\"https:\/\/www.prensaescrita.com\/america\/uruguay.php\">Prensa digital<\/a> &#8211; <a href=\"https:\/\/www.elacontecer.com.uy\/\">El Acontecer<\/a>\n<ul>\n<li>La lista de <a href=\"https:\/\/kiosko.net\/uy\/\">Kiosko<\/a><\/li>\n<\/ul>\n<\/li>\n<li>Estad\u00edsticas: <a href=\"https:\/\/www.ine.gub.uy\/\" target=\"_blank\" rel=\"noopener\">Instituto Nacional de Estad\u00edstica<\/a><\/li>\n<li><a href=\"https:\/\/geography.about.com\/library\/cia\/blcuruguay.htm\" target=\"_blank\" rel=\"noopener\">About.com: Uruguay<\/a><\/li>\n<li><a href=\"https:\/\/www.parlamento.gub.uy\/\" target=\"_blank\" rel=\"noopener\">Asamblea General<\/a><\/li>\n<li><a href=\"https:\/\/www.bcu.gub.uy\/\" target=\"_blank\" rel=\"noopener\">Banco Central<\/a><\/li>\n<li><a href=\"https:\/\/www.ciu.com.uy\/\" target=\"_blank\" rel=\"noopener\">C\u00e1mara de Industrias<\/a><\/li>\n<li><a href=\"https:\/\/www.discoveruruguay.com\/\" target=\"_blank\" rel=\"noopener\">Discover Uruguay<\/a><\/li>\n<li><a href=\"https:\/\/www.fing.edu.uy\/\" target=\"_blank\" rel=\"noopener\">Facultad de Ingener\u00eda de la Universidad de la Rep\u00fablica<\/a><\/li>\n<li><a href=\"https:\/\/www.frcu.utn.edu.ar\/\" target=\"_blank\" rel=\"noopener\">Facultad Regional Concepci\u00f3n del Uruguay<\/a><\/li>\n<li><a href=\"https:\/\/www.ine.gub.uy\/\" target=\"_blank\" rel=\"noopener\">Instituto Nacional de Estad\u00edstica<\/a><\/li>\n<li><a href=\"https:\/\/www.hostels.com\/uy.html\" target=\"_blank\" rel=\"noopener\">Hostels in Uruguay<\/a><\/li>\n<li><a href=\"http:\/\/lanic.utexas.edu\/la\/uruguay\/\" target=\"_blank\" rel=\"noopener\">LANIC: Uruguay<\/a><\/li>\n<li><a href=\"https:\/\/www.mec.gub.uy\/\">Ministerio de Educaci\u00f3n y Cultura<\/a><\/li>\n<li><a href=\"https:\/\/www.msp.gub.uy\/\" target=\"_blank\" rel=\"noopener\">Ministerio de Salud P\u00fablica<\/a><\/li>\n<li><a href=\"https:\/\/www.montevideo.com.uy\/\" target=\"_blank\" rel=\"noopener\">Montevideo.com<\/a><\/li>\n<li><a href=\"https:\/\/www.paysandu.com\/\" target=\"_blank\" rel=\"noopener\">Paysandu<\/a><\/li>\n<li>La <a href=\"https:\/\/www.presidencia.gub.uy\/\" target=\"_blank\" rel=\"noopener\">Presidencia<\/a><\/li>\n<li><a href=\"https:\/\/www.rau.edu.uy\/\" target=\"_blank\" rel=\"noopener\">Red Acad\u00e9mica Uruguaya<\/a><\/li>\n<li><a href=\"https:\/\/www.teledoce.com\/\" target=\"_blank\" rel=\"noopener\">Teledoce.com<\/a>: televisi\u00f3n y actualidad uruguaya<\/li>\n<li><a href=\"https:\/\/www.turismo.gub.uy\/\" target=\"_blank\" rel=\"noopener\">Turismo &#8211; sitio oficial<\/a><\/li>\n<li><a href=\"https:\/\/www.turismodeluruguay.com\/\" target=\"_blank\" rel=\"noopener\">Turismo del Uruguay<\/a><\/li>\n<li><a href=\"https:\/\/www.ort.edu.uy\/\" target=\"_blank\" rel=\"noopener\">Universidad ORT<\/a><\/li>\n<li><a href=\"https:\/\/www.universidad.edu.uy\/\">Universidad de la Rep\u00fablica<\/a><\/li>\n<li><a href=\"https:\/\/www.montevideo.com.uy\/uruguay\" target=\"_blank\" rel=\"noopener\">Uruguay<\/a><\/li>\n<li><a href=\"https:\/\/www.turismo.gub.uy\/\" target=\"_blank\" rel=\"noopener\">Uruguay, pa\u00eds de encuentro<\/a><\/li>\n<li>Lenguas\n<ul>\n<li><a href=\"https:\/\/www.familysearch.org\/es\/wiki\/Idiomas_de_Uruguay\">Idiomas de Uruguay<\/a> &#8211; FamilySearch Wiki<\/li>\n<li><a href=\"https:\/\/es.wikipedia.org\/wiki\/Lenguas_de_Uruguay\">Lenguas de Uruguay<\/a> &#8211; Wikipedia, la enciclopedia libre<\/li>\n<li><a href=\"https:\/\/queidioma.com\/hablan-en-uruguay\/\">Idioma de Uruguay<\/a> \u25b7 Lenguas oficiales de los uruguayos<\/li>\n<\/ul>\n<\/li>\n<\/ul>\n<span class=\"last-modified-timestamp\">Dic 27, 2023 @ 6:46 pm<\/span>\n","protected":false},"excerpt":{"rendered":"<p>Prensa: El Pa\u00eds &#8211; Prensa digital &#8211; El Acontecer La lista de Kiosko Estad\u00edsticas: Instituto Nacional de Estad\u00edstica <a href=\"http:\/\/About.com\" class=\"autohyperlink\">About.com<\/a>: Uruguay Asamblea General Banco Central C\u00e1mara de Industrias Discover Uruguay Facultad de Ingener\u00eda de la Universidad de la Rep\u00fablica Facultad Regional Concepci\u00f3n del Uruguay Instituto Nacional de Estad\u00edstica Hostels in Uruguay<\/p>\n","protected":false},"author":1,"featured_media":0,"parent":0,"menu_order":0,"comment_status":"closed","ping_status":"closed","template":"","meta":{"iawp_total_views":3,"footnotes":"","_wp_rev_ctl_limit":""},"class_list":["post-11720","page","type-page","status-publish","hentry"],"publishpress_future_action":{"enabled":false,"date":"2026-05-08 08:42:55","action":"change-status","newStatus":"draft","terms":[],"taxonomy":"","extraData":[]},"publishpress_future_workflow_manual_trigger":{"enabledWorkflows":[]},"_links":{"self":[{"href":"https:\/\/hlrnet.com\/sites\/alt164\/wp-json\/wp\/v2\/pages\/11720","targetHints":{"allow":["GET"]}}],"collection":[{"href":"https:\/\/hlrnet.com\/sites\/alt164\/wp-json\/wp\/v2\/pages"}],"about":[{"href":"https:\/\/hlrnet.com\/sites\/alt164\/wp-json\/wp\/v2\/types\/page"}],"author":[{"embeddable":true,"href":"https:\/\/hlrnet.com\/sites\/alt164\/wp-json\/wp\/v2\/users\/1"}],"replies":[{"embeddable":true,"href":"https:\/\/hlrnet.com\/sites\/alt164\/wp-json\/wp\/v2\/comments?post=11720"}],"version-history":[{"count":0,"href":"https:\/\/hlrnet.com\/sites\/alt164\/wp-json\/wp\/v2\/pages\/11720\/revisions"}],"wp:attachment":[{"href":"https:\/\/hlrnet.com\/sites\/alt164\/wp-json\/wp\/v2\/media?parent=11720"}],"curies":[{"name":"wp","href":"https:\/\/api.w.org\/{rel}","templated":true}]}}