{"id":11716,"date":"2018-04-19T17:01:23","date_gmt":"2018-04-19T17:01:23","guid":{"rendered":"http:\/\/hlrnet.com\/sites\/alt164\/?page_id=11716"},"modified":"2026-02-14T20:08:07","modified_gmt":"2026-02-14T20:08:07","slug":"el-quechua-en-internet","status":"publish","type":"page","link":"https:\/\/hlrnet.com\/sites\/alt164\/el-quechua-en-internet\/","title":{"rendered":"El quechua en internet"},"content":{"rendered":"<p>V\u00e9ase rambi\u00e9n: <a href=\"https:\/\/hlrnet.com\/sites\/alt164\/lenguas-indigenas-en-internet\/\">las lenguas ind\u00edgenas<\/a><\/p>\n<ul>\n<li><a href=\"https:\/\/www.zompist.com\/quechua.html\" target=\"_blank\" rel=\"noopener\">A few words on Quechua (Zompist)<\/a><\/li>\n<li><a href=\"https:\/\/www.andes.org\/\" target=\"_blank\" rel=\"noopener\">Andes.org<\/a><\/li>\n<li><a href=\"https:\/\/www.runasimi.de\/\" target=\"_blank\" rel=\"noopener\">Runasimi.de<\/a><\/li>\n<li><a href=\"https:\/\/www.freelang.com\/liens\/quechua.html\" target=\"_blank\" rel=\"noopener\">Quechua (Freelang)<\/a><\/li>\n<li><a href=\"http:\/\/www.quechua.org.uk\/\" target=\"_blank\" rel=\"noopener\">Quechua homepage<\/a><\/li>\n<li><a href=\"http:\/\/www.quechua.org.uk\/\" target=\"_blank\" rel=\"noopener\">Quechua.org.uk<\/a><\/li>\n<\/ul>\n<span class=\"last-modified-timestamp\">Feb 14, 2026 @ 8:08 pm<\/span>\n","protected":false},"excerpt":{"rendered":"<p>V\u00e9ase rambi\u00e9n: las lenguas ind\u00edgenas A few words on Quechua (Zompist) <a href=\"http:\/\/Andes.org\" class=\"autohyperlink\">Andes.org<\/a> Runasimi.de Quechua (Freelang) Quechua homepage <a href=\"http:\/\/Quechua.org\" class=\"autohyperlink\">Quechua.org<\/a>.uk<\/p>\n","protected":false},"author":1,"featured_media":0,"parent":0,"menu_order":0,"comment_status":"closed","ping_status":"closed","template":"","meta":{"iawp_total_views":3,"footnotes":"","_wp_rev_ctl_limit":""},"class_list":["post-11716","page","type-page","status-publish","hentry"],"publishpress_future_action":{"enabled":false,"date":"2026-05-04 04:20:18","action":"change-status","newStatus":"draft","terms":[],"taxonomy":"","extraData":[]},"publishpress_future_workflow_manual_trigger":{"enabledWorkflows":[]},"_links":{"self":[{"href":"https:\/\/hlrnet.com\/sites\/alt164\/wp-json\/wp\/v2\/pages\/11716","targetHints":{"allow":["GET"]}}],"collection":[{"href":"https:\/\/hlrnet.com\/sites\/alt164\/wp-json\/wp\/v2\/pages"}],"about":[{"href":"https:\/\/hlrnet.com\/sites\/alt164\/wp-json\/wp\/v2\/types\/page"}],"author":[{"embeddable":true,"href":"https:\/\/hlrnet.com\/sites\/alt164\/wp-json\/wp\/v2\/users\/1"}],"replies":[{"embeddable":true,"href":"https:\/\/hlrnet.com\/sites\/alt164\/wp-json\/wp\/v2\/comments?post=11716"}],"version-history":[{"count":3,"href":"https:\/\/hlrnet.com\/sites\/alt164\/wp-json\/wp\/v2\/pages\/11716\/revisions"}],"predecessor-version":[{"id":27586,"href":"https:\/\/hlrnet.com\/sites\/alt164\/wp-json\/wp\/v2\/pages\/11716\/revisions\/27586"}],"wp:attachment":[{"href":"https:\/\/hlrnet.com\/sites\/alt164\/wp-json\/wp\/v2\/media?parent=11716"}],"curies":[{"name":"wp","href":"https:\/\/api.w.org\/{rel}","templated":true}]}}