{"id":11714,"date":"2018-04-19T17:01:02","date_gmt":"2018-04-19T17:01:02","guid":{"rendered":"http:\/\/hlrnet.com\/sites\/alt164\/?page_id=11714"},"modified":"2026-02-14T20:08:36","modified_gmt":"2026-02-14T20:08:36","slug":"radio-y-television-en-espanol","status":"publish","type":"page","link":"https:\/\/hlrnet.com\/sites\/alt164\/radio-y-television-en-espanol\/","title":{"rendered":"Radio y televisi\u00f3n en espa\u00f1ol"},"content":{"rendered":"<ul>\n<li><a href=\"https:\/\/www.besame.fm\/\">B\u00e9same<\/a><\/li>\n<li><a href=\"https:\/\/www.cadenadial.com\/\" target=\"_blank\" rel=\"noopener noreferrer\">Cadena Dial<\/a><\/li>\n<li><a href=\"https:\/\/www.los40.com\/\" target=\"_blank\" rel=\"noopener noreferrer\">Los 40<\/a><\/li>\n<li><a href=\"https:\/\/www.maxima.fm\/\" target=\"_blank\" rel=\"noopener noreferrer\">Maxima FM<\/a><\/li>\n<li><a href=\"https:\/\/www.cope.es\/\" target=\"_blank\" rel=\"noopener noreferrer\">Radio COPE<\/a> (con emisiones en vivo)<\/li>\n<li><a href=\"https:\/\/www.canalsur.es\/\">Canal Sur<\/a><\/li>\n<li><a href=\"https:\/\/www.cadena100.es\/\">Cadena 100<\/a> (m\u00fasica, con emisiones en vivo)<\/li>\n<li><a href=\"https:\/\/www.cadenadial.com\/\" target=\"_blank\" rel=\"noopener noreferrer\">Cadena Dial<\/a> (con emisiones en vivo)<\/li>\n<li><a href=\"https:\/\/www.cadenaser.com\/\" target=\"_blank\" rel=\"noopener noreferrer\">Cadena SER<\/a><\/li>\n<li><a href=\"https:\/\/www.europafm.com\/\" target=\"_blank\" rel=\"noopener noreferrer\">Europa FM<\/a><\/li>\n<li><a href=\"https:\/\/www.kissfm.es\/\" target=\"_blank\" rel=\"noopener noreferrer\">Kiss FM<\/a> &#8211; m\u00fasica<\/li>\n<li><a href=\"https:\/\/www.ondacero.es\/\" target=\"_blank\" rel=\"noopener noreferrer\">Onda Cero<\/a> (con emisiones en directo)<\/li>\n<li><a href=\"https:\/\/www.los40.com\/\" target=\"_blank\" rel=\"noopener noreferrer\">Los 40 Principales<\/a> (radio de m\u00fasica popular, con emisiones en vivo)<\/li>\n<li><a href=\"https:\/\/www.radiole.com\/\">Radiol\u00e9<\/a> (flamenco y m\u00e1s m\u00fasica espa\u00f1ola, con emisiones en directo)<\/li>\n<li><a href=\"https:\/\/www.rtve.es\/\" target=\"_blank\" rel=\"noopener noreferrer\">RTVE<\/a> (con <a href=\"https:\/\/www.rtve.es\/rne\/envivo.htm\" target=\"_blank\" rel=\"noopener noreferrer\">emisiones en vivo<\/a>)\n<ul>\n<li><a href=\"https:\/\/www.rtve.es\/radio\/radio3\/\" target=\"_blank\" rel=\"noopener noreferrer\">Radio 3 <\/a><\/li>\n<li><a href=\"https:\/\/www.rtve.es\/radio\/radio5\/\" target=\"_blank\" rel=\"noopener noreferrer\">Radio 5: todo noticias<\/a><\/li>\n<li><a href=\"https:\/\/www.rtve.es\/rne\" target=\"_blank\" rel=\"noopener noreferrer\">Radio Exterior de Espa\u00f1a<\/a><\/li>\n<li><a href=\"https:\/\/www.rtve.es\/m\/alacarta\/tve\/\">A la carta<\/a><\/li>\n<li><a href=\"https:\/\/www.rtve.es\/documentales\">Documentales<\/a><\/li>\n<\/ul>\n<\/li>\n<li>Radios locales\n<ul>\n<li><a href=\"https:\/\/www.radionervion.com\/\" target=\"_blank\" rel=\"noopener noreferrer\">Radio Nervi\u00f3n<\/a> (Bilbao)<\/li>\n<li><a href=\"https:\/\/www.topradio.es\/\" target=\"_blank\" rel=\"noopener noreferrer\">Top Radio<\/a> (Madrid)<\/li>\n<\/ul>\n<\/li>\n<li>Listas\n<ul>\n<li><a href=\"https:\/\/www.abyznewslinks.com\/spain.htm\" target=\"_blank\" rel=\"noopener noreferrer\">ABYZ News Links: Spain Newspapers and News Media Guide<\/a><\/li>\n<li><a href=\"https:\/\/www.abyznewslinks.com\/south.htm\" target=\"_blank\" rel=\"noopener noreferrer\">ABYZ News Links: South America Newspapers and News Media Guide<\/a><\/li>\n<li><a href=\"https:\/\/www.elcastellano.org\/radios.html\">El Castellano<\/a><\/li>\n<li><a href=\"https:\/\/www.radialistas.net\/\" target=\"_blank\" rel=\"noopener noreferrer\">Radialistas<\/a>: producciones radiof\u00f3nicas gratis en espa\u00f1ol, portugu\u00e9s y MP3<\/li>\n<li><a href=\"https:\/\/www.radioes.net\/\">RadioEspa\u00f1a<\/a><\/li>\n<\/ul>\n<\/li>\n<li>Radios espa\u00f1oles en <a href=\"https:\/\/www.elcastellano.org\/radios.html\" target=\"_blank\" rel=\"noopener noreferrer\">El Castellano<\/a> y <a href=\"https:\/\/www.en-directo.net\/\" target=\"_blank\" rel=\"noopener noreferrer\">En directo<\/a><\/li>\n<li>Anuncios \/ Publicidad\n<ul>\n<li><a href=\"https:\/\/www.anuncios.com\/\">Anuncios.com<\/a><\/li>\n<li><a href=\"https:\/\/www.lahistoriadelapublicidad.com\/\">La historia de la publicidad<\/a><\/li>\n<li><a href=\"https:\/\/www.marketingdirecto.com\/\">Marketing directo<\/a><\/li>\n<li><a href=\"https:\/\/cvc.cervantes.es\/ACTCULT\/muvap\/\">Museo Virtual de Arte Publicitario<\/a><\/li>\n<li><a href=\"http:\/\/todovideos.org\/publicidad\">Todovideos: Publicidad<\/a><\/li>\n<\/ul>\n<\/li>\n<li>Podcasts\n<ul>\n<li>Software\n<ul>\n<li><a href=\"https:\/\/audioboo.fm\/\">Audioboo<\/a><\/li>\n<li><a href=\"https:\/\/www.ivoox.com\/\">ivoox<\/a><\/li>\n<\/ul>\n<\/li>\n<li>Radio \/ actualidad\n<ul>\n<li>El Mundo<\/li>\n<li><a href=\"https:\/\/www.podiumpodcast.com\/\">Podiumpodcast<\/a><\/li>\n<li><a href=\"https:\/\/www.rtve.es\/play\/radio\/\">RNE<\/a><\/li>\n<\/ul>\n<\/li>\n<li>Servicios\n<ul>\n<li><a href=\"https:\/\/www.podcast.es\/\" target=\"_blank\" rel=\"noopener noreferrer\">Podcast.es<\/a>: servicios de podcasting<\/li>\n<\/ul>\n<\/li>\n<li>Estudiar espa\u00f1ol\n<ul>\n<li><a href=\"https:\/\/www.audiria.com\/\">Audiria<\/a><\/li>\n<li><a href=\"https:\/\/ssl4you.blogspot.com\/\">ssl4you<\/a><\/li>\n<\/ul>\n<\/li>\n<li>Humor\n<ul>\n<li><a href=\"https:\/\/www.lasexta.com\/programas\/club-de-la-comedia\/\">El club de la comedia (la Sexta)<\/a><\/li>\n<li>El club de la comedia (Chilevision)<\/li>\n<li><a href=\"https:\/\/www.rtve.es\/television\/la-hora-de-jose-mota\/\">La hora de Jos\u00e9 Mota<\/a><\/li>\n<\/ul>\n<\/li>\n<li>Sin clasificar\n<ul>\n<li><a href=\"https:\/\/cvc.cervantes.es\/ensenanza\/ese\/\">En sinton\u00eda con el espa\u00f1ol<\/a> (Centro Virtual Cervantes)<\/li>\n<li><a href=\"https:\/\/www.ivoox.com\/\">ivoox<\/a><\/li>\n<li><a href=\"https:\/\/www.lingus.tv\/\">Lingus.tv<\/a>: Spanish learning videos<\/li>\n<li><a href=\"https:\/\/www.spanishpodcast.org\/\">Spanishpodcast<\/a><\/li>\n<\/ul>\n<\/li>\n<li>Listas\n<ul>\n<li><a href=\"https:\/\/www.losblogueros.net\/maps\/betamapmundo.html\">Mapa de podcasts en espa\u00f1ol<\/a><\/li>\n<\/ul>\n<\/li>\n<\/ul>\n<\/li>\n<\/ul>\n<hr \/>\n<ul>\n<li><a href=\"http:\/\/www.20minutos.tv\/\">20 minutos.tv<\/a><\/li>\n<li><a href=\"https:\/\/www.antena3.com\/\" target=\"_blank\" rel=\"noopener noreferrer\">Antena 3 TV<\/a><\/li>\n<li><a href=\"https:\/\/www.movistar.es\/particulares\/movistarplus\/\" target=\"_blank\" rel=\"noopener noreferrer\">Movistar Plus+<\/a><\/li>\n<li><a href=\"https:\/\/www.canalsur.es\/\" target=\"_blank\" rel=\"noopener noreferrer\">Canal Sur (Espa\u00f1a)<\/a><\/li>\n<li><a href=\"https:\/\/www.cartoonnetwork.es\/\" target=\"_blank\" rel=\"noopener noreferrer\">Cartoonnetwork<\/a><\/li>\n<li><a href=\"https:\/\/cineele.com\/\">CineELE<\/a>: actividades de ELE con audiovisuales<\/li>\n<li><a href=\"https:\/\/www.clubradiomix.com\/\">ClubRadioMix<\/a><\/li>\n<li><a href=\"https:\/\/cnnenespanol.com\/\">CNN<\/a> en espa\u00f1ol<\/li>\n<li><a href=\"https:\/\/www.cuatro.com\/\" target=\"_blank\" rel=\"noopener noreferrer\">Cuatro<\/a><\/li>\n<li><a href=\"https:\/\/www.enespanol.tudiscovery.com\/\">Discovery en espa\u00f1ol<\/a><\/li>\n<li><a href=\"https:\/\/www.lasexta.com\/\">La Sexta<\/a><\/li>\n<li>Estados Unidos: <a href=\"https:\/\/www.univision.com\/\" target=\"_blank\" rel=\"noopener noreferrer\">Univision<\/a>, <a href=\"https:\/\/www.telemundo.com\/\" target=\"_blank\" rel=\"noopener noreferrer\">Telemundo<\/a><\/li>\n<li><a href=\"https:\/\/www.mediaset.es\/\">Mediaset<\/a><\/li>\n<li><a href=\"https:\/\/www.mundoplus.tv\/\">Mundoplus<\/a><\/li>\n<li>Programaci\u00f3n\n<ul>\n<li><a href=\"https:\/\/www.rtve.es\/tve\/programo\/avan3\/tv3cal.htm\" target=\"_blank\" rel=\"noopener noreferrer\">Programaci\u00f3n de TVE Internacional<\/a><\/li>\n<\/ul>\n<\/li>\n<li><a href=\"https:\/\/www.telecinco.es\/\" target=\"_blank\" rel=\"noopener noreferrer\">Telecinco<\/a>\n<ul>\n<li><a href=\"https:\/\/www.mitele.es\/\">MiTele<\/a><\/li>\n<\/ul>\n<\/li>\n<li><a href=\"https:\/\/www.teledirecto.es\/\">Teledirecto<\/a>: acceso directo a varios canales<\/li>\n<li><a href=\"https:\/\/www.telemadrid.es\/\">Telemadrid<\/a><\/li>\n<li><a href=\"https:\/\/www.telesurtv.net\/\" target=\"_blank\" rel=\"noopener noreferrer\">Telesur<\/a> (televisi\u00f3n panamericana)<\/li>\n<li><a href=\"https:\/\/www.rtve.es\/\" target=\"_blank\" rel=\"noopener noreferrer\">TVE<\/a>\n<ul>\n<li><a href=\"https:\/\/www.rtve.es\/alacarta\/videos\/como-nos-reimos\/\">Como nos re\u00edmos<\/a><\/li>\n<li><a href=\"https:\/\/www.rtve.es\/television\/cuentame\">Cu\u00e9ntame c\u00f3mo pas\u00f3<\/a><\/li>\n<li><a href=\"https:\/\/www.rtve.es\/television\/destino-espana\/\">Destino Espa\u00f1a<\/a><\/li>\n<li><a href=\"https:\/\/www.rtve.es\/television\/espana-directo\/\">Espa\u00f1a en directo<\/a><\/li>\n<li><a href=\"https:\/\/www.rtve.es\/television\/espanoles-en-el-mundo\/\">Espa\u00f1oles en el mundo<\/a><\/li>\n<li><a href=\"https:\/\/www.informesemanal.tve.es\/\">Informe semanal<\/a><\/li>\n<li><a href=\"https:\/\/www.rtve.es\/noticias\/repor\">Repor: programa de reportajes sociales<\/a><\/li>\n<li><a href=\"https:\/\/www.sabervivir.es\/\">Saber Vivir<\/a><\/li>\n<li><a href=\"https:\/\/www.rtve.es\/television\/tres14\/\">Tres14: programa de ciencia<\/a><\/li>\n<\/ul>\n<\/li>\n<li><a href=\"https:\/\/www.tvnotas.com.mx\/\">TV Notas<\/a>: televisi\u00f3n hispana de EEUU<\/li>\n<li><a href=\"https:\/\/www.zoomin.tv\/\">Zoom.in<\/a><\/li>\n<li>Series\n<ul>\n<li><a href=\"https:\/\/www.mastelenovelas.com\/\">M\u00e1s Telenovelas<\/a><\/li>\n<li><a href=\"https:\/\/www.sensacine.com\/series\/\">Sensa Cine<\/a><\/li>\n<\/ul>\n<\/li>\n<li>V\u00eddeos\n<ul>\n<li><a href=\"https:\/\/www.dalealplay.com\/\">Dalealplay<\/a><\/li>\n<li><a href=\"https:\/\/video.google.es\/\">Google Video<\/a> (espa\u00f1ol)<\/li>\n<li><a href=\"http:\/\/todovideos.org\/\">Todovideos<\/a>: v\u00eddeos gratis<\/li>\n<li><a href=\"https:\/\/es.youtube.com\/\">YouTube espa\u00f1ol<\/a><\/li>\n<\/ul>\n<\/li>\n<\/ul>\n<span class=\"last-modified-timestamp\">Feb 14, 2026 @ 8:08 pm<\/span>\n","protected":false},"excerpt":{"rendered":"<p>B\u00e9same Cadena Dial Los 40 Maxima FM Radio COPE (con emisiones en vivo) Canal Sur Cadena 100 (m\u00fasica, con emisiones en vivo) Cadena Dial (con emisiones en vivo) Cadena SER Europa FM Kiss FM &#8211; m\u00fasica Onda Cero (con emisiones en directo) Los 40 Principales (radio de m\u00fasica popular, con<\/p>\n","protected":false},"author":1,"featured_media":0,"parent":0,"menu_order":0,"comment_status":"closed","ping_status":"closed","template":"","meta":{"iawp_total_views":3,"footnotes":"","_wp_rev_ctl_limit":""},"class_list":["post-11714","page","type-page","status-publish","hentry"],"publishpress_future_action":{"enabled":false,"date":"2026-05-04 05:54:15","action":"change-status","newStatus":"draft","terms":[],"taxonomy":"","extraData":[]},"publishpress_future_workflow_manual_trigger":{"enabledWorkflows":[]},"_links":{"self":[{"href":"https:\/\/hlrnet.com\/sites\/alt164\/wp-json\/wp\/v2\/pages\/11714","targetHints":{"allow":["GET"]}}],"collection":[{"href":"https:\/\/hlrnet.com\/sites\/alt164\/wp-json\/wp\/v2\/pages"}],"about":[{"href":"https:\/\/hlrnet.com\/sites\/alt164\/wp-json\/wp\/v2\/types\/page"}],"author":[{"embeddable":true,"href":"https:\/\/hlrnet.com\/sites\/alt164\/wp-json\/wp\/v2\/users\/1"}],"replies":[{"embeddable":true,"href":"https:\/\/hlrnet.com\/sites\/alt164\/wp-json\/wp\/v2\/comments?post=11714"}],"version-history":[{"count":5,"href":"https:\/\/hlrnet.com\/sites\/alt164\/wp-json\/wp\/v2\/pages\/11714\/revisions"}],"predecessor-version":[{"id":27587,"href":"https:\/\/hlrnet.com\/sites\/alt164\/wp-json\/wp\/v2\/pages\/11714\/revisions\/27587"}],"wp:attachment":[{"href":"https:\/\/hlrnet.com\/sites\/alt164\/wp-json\/wp\/v2\/media?parent=11714"}],"curies":[{"name":"wp","href":"https:\/\/api.w.org\/{rel}","templated":true}]}}