{"id":11712,"date":"2018-04-19T17:00:35","date_gmt":"2018-04-19T17:00:35","guid":{"rendered":"http:\/\/hlrnet.com\/sites\/alt164\/?page_id=11712"},"modified":"2025-02-28T20:03:07","modified_gmt":"2025-02-28T20:03:07","slug":"la-salud","status":"publish","type":"page","link":"https:\/\/hlrnet.com\/sites\/alt164\/la-salud\/","title":{"rendered":"La salud"},"content":{"rendered":"<ul>\n<li><a href=\"https:\/\/anefp.org\/es\/medicamentos-a-z\">ANEFP: medicamentos<\/a><\/li>\n<li><a href=\"https:\/\/www.campusvirtualsp.org\/\" target=\"_blank\" rel=\"noopener noreferrer\">Camopus Virtual de Salud P\u00fablica<\/a><\/li>\n<li><a href=\"https:\/\/www.cdc.gov\/spanish\/\" target=\"_blank\" rel=\"noopener noreferrer\">CDC: Centros para el control y la prevenci\u00f3nd e enfermedades<\/a> (EEUU)<\/li>\n<li><a href=\"https:\/\/cima.aemps.es\/cima\/publico\/home.html\">CIMA: Centro de Informaciones de Medicamentos<\/a><\/li>\n<li><a href=\"https:\/\/cinfasalud.cinfa.com\/\">Cinfasalud: cuidado diario<\/a><\/li>\n<li><a href=\"https:\/\/www.codem.es\/\">CODEM &#8211; Colegio Oficial de Diplomados en Enfermer\u00eda de Madrid<\/a><\/li>\n<li><a href=\"https:\/\/www.correofarmaceutico.com\/\">Correo faramaceutico<\/a><\/li>\n<li><a href=\"https:\/\/creenfermedadesraras.imserso.es\">CRE enfermedades raras<\/a><\/li>\n<li><a href=\"https:\/\/cuidateplus.marca.com\/\">Cu\u00eddate+<\/a><\/li>\n<li><a href=\"https:\/\/www.diariomedico.com\/\" target=\"_blank\" rel=\"noopener noreferrer\">Diario M\u00e9dico<\/a><\/li>\n<li><a href=\"https:\/\/dptm.es\/\">Diccionario panhisp\u00e1nico de t\u00e9rminos m\u00e9dicos<\/a><\/li>\n<li><a href=\"https:\/\/www.discapnet.es\/\">Discapnet<\/a>: portal de las personas con discapacidad<\/li>\n<li><a href=\"https:\/\/www.elsevier.es\/\">Elsevier<\/a>: editorial<\/li>\n<li><a href=\"https:\/\/www.enbuenasmanos.com\/\" target=\"_blank\" rel=\"noopener noreferrer\">En Buenas Manos<\/a>: portal de salud y terapias naturales<\/li>\n<li><a href=\"https:\/\/ebevidencia.com\/\">Enfermer\u00eda Basada en la evidencia<\/a><\/li>\n<li><a href=\"https:\/\/www.enfermedades-raras.org\/\">FEDER &#8211; Federaci\u00f3n Espa\u00f1ola de Enfermedades Raras<\/a><\/li>\n<li><a href=\"https:\/\/www.filium.org\/\">Filium &#8211; EEPP<\/a>: escuela espa\u00f1ola de psicoterapia y psicoan\u00e1lisis<\/li>\n<li><a href=\"https:\/\/www.fisterra.com\/\">Fisterra<\/a>: herramientas \u00fatiles para la consulta en Atenci\u00f3n Primaria de Salud<\/li>\n<li><a href=\"https:\/\/www.esteve.org\/\">Fundaci\u00f3n dr. Antonio Esteve<\/a>: terminolog\u00eda m\u00e9dica<\/li>\n<li><a href=\"https:\/\/www.historiadelamedicina.org\/\">Historia de la Medicina<\/a><\/li>\n<li><a href=\"https:\/\/www.infosalus.com\/\">Infosalus<\/a><\/li>\n<li><a href=\"https:\/\/www.isglobal.org\/es\/\">Instituto de Salud Global Barcelona (ISGlobal)<\/a><\/li>\n<li><a href=\"https:\/\/www.intramed.net\/\">Intramed<\/a>: materiales y noticias<\/li>\n<li><a href=\"https:\/\/marbanlibros.com\/\">Marban Libros (editorial)<\/a><\/li>\n<li><a href=\"https:\/\/medicamentalia.org\/\">Medicamentalia<\/a>: Investigaci\u00f3n period\u00edstica sobre el acceso a los medicamentos en el mundo<\/li>\n<li>Medicina tropical\n<ul>\n<li><a href=\"https:\/\/www.semtsi.org\/\">Sociedad Espa\u00f1ola de Medicina Tropical y Salud Internacional (SEMTSI)<\/a><\/li>\n<li><a href=\"https:\/\/www.youtube.com\/playlist?list=PLrNnxisqPUSDr28nzXtUpRmkDZBxMCzC9\">Una playlist<\/a><\/li>\n<\/ul>\n<\/li>\n<li><a href=\"https:\/\/medigraphic.com\/inicio.htm\">Medigraphic<\/a>: literatura biom\u00e9dica<\/li>\n<li><a href=\"https:\/\/www.nlm.nih.gov\/medlineplus\/spanish\/\" target=\"_blank\" rel=\"noopener noreferrer\">MedlinePlus en espa\u00f1ol<\/a><\/li>\n<li><a href=\"https:\/\/www.elmundo.es\/elmundosalud\/\" target=\"_blank\" rel=\"noopener noreferrer\">El Mundo Salud<\/a><\/li>\n<li><a href=\"https:\/\/www.nutrinfo.com\/\">Nutrinfo<\/a><\/li>\n<li><a href=\"https:\/\/who.int\/es\/\">Organizaci\u00f3n Mundial de la Salud (OMS)<\/a><\/li>\n<li><a href=\"https:\/\/www.ont.es\/\">Organizaci\u00f3n Nacional de Transplantes (ONT)<\/a><\/li>\n<li><a href=\"https:\/\/www.juntadeandalucia.es\/salud\/principal\/\">Portal de salud (Junta de Andaluc\u00eda)<\/a><\/li>\n<li><a href=\"https:\/\/www.saludycultura.uji.es\/\">Salud y Cultura<\/a>: portal informativo para la mediaci\u00f3n intercultural y la interpretaci\u00f3n en el \u00e1mbito sanitario<\/li>\n<li><a href=\"https:\/\/www.semfyc.es\/\">semFYC: Sociedad Espa\u00f1ola de Medicina de Familia y Comunitaria<\/a><\/li>\n<li><a href=\"https:\/\/www.sefh.es\/\" target=\"_blank\" rel=\"noopener noreferrer\">Sociedad Espa\u00f1ola de Farmacia Hospitalaria<\/a><\/li>\n<li><a href=\"https:\/\/www.trastornohiperactividad.com\/\">Trastornohiperactividad<\/a><\/li>\n<li><a href=\"https:\/\/www.tremedica.org\/\">TREM\u00c9DICA &#8211; Asociaci\u00f3n Internacional de Traductores y Redactores de Medicina y Ciencias Afines<\/a><\/li>\n<li><a href=\"https:\/\/www.tuotromedico.com\/\" target=\"_blank\" rel=\"noopener noreferrer\">Tu Otro M\u00e9dico<\/a>: salud\n<ul>\n<li><a href=\"https:\/\/www.tuotromedico.com\/primeros_auxilios.htm\">Primeros auxilios<\/a><\/li>\n<\/ul>\n<\/li>\n<li><a href=\"https:\/\/www.univadis.es\/\">Univadis<\/a>: noticias m\u00e9dicas<\/li>\n<li><a href=\"https:\/\/www.vitonica.com\">Vit\u00f3nica<\/a><\/li>\n<li><a href=\"https:\/\/viviendosanos.com\/\">Viviendo Sanos<\/a><\/li>\n<li><a href=\"https:\/\/www.espalda.org\/\">El Web de la espalda<\/a><\/li>\n<\/ul>\n<span class=\"last-modified-timestamp\">Feb 28, 2025 @ 8:03 pm<\/span>\n<div id=\"simple-translate\" class=\"simple-translate-system-theme\">\n<div>\n<div class=\"simple-translate-button isShow\" style=\"background-image: url('moz-extension:\/\/37e44441-594c-4b50-b456-e2df16779982\/icons\/512.png'); height: 22px; width: 22px; top: 496px; left: 134px;\"><\/div>\n<div class=\"simple-translate-panel \" style=\"width: 300px; height: 200px; top: 0px; left: 0px; font-size: 13px;\">\n<div class=\"simple-translate-result-wrapper\" style=\"overflow: hidden;\">\n<div class=\"simple-translate-move\" draggable=\"true\"><\/div>\n<div class=\"simple-translate-result-contents\">\n<p class=\"simple-translate-result\" dir=\"auto\">\n<p class=\"simple-translate-candidate\" dir=\"auto\">\n<\/div>\n<\/div>\n<\/div>\n<\/div>\n<\/div>\n","protected":false},"excerpt":{"rendered":"<p>ANEFP: medicamentos Camopus Virtual de Salud P\u00fablica CDC: Centros para el control y la prevenci\u00f3nd e enfermedades (EEUU) CIMA: Centro de Informaciones de Medicamentos Cinfasalud: cuidado diario CODEM &#8211; Colegio Oficial de Diplomados en Enfermer\u00eda de Madrid Correo faramaceutico CRE enfermedades raras Cu\u00eddate+ Diario M\u00e9dico Diccionario panhisp\u00e1nico de t\u00e9rminos m\u00e9dicos<\/p>\n","protected":false},"author":1,"featured_media":0,"parent":0,"menu_order":0,"comment_status":"closed","ping_status":"closed","template":"","meta":{"iawp_total_views":5,"footnotes":"","_wp_rev_ctl_limit":""},"class_list":["post-11712","page","type-page","status-publish","hentry"],"publishpress_future_action":{"enabled":false,"date":"2026-05-08 08:33:58","action":"change-status","newStatus":"draft","terms":[],"taxonomy":"","extraData":[]},"publishpress_future_workflow_manual_trigger":{"enabledWorkflows":[]},"_links":{"self":[{"href":"https:\/\/hlrnet.com\/sites\/alt164\/wp-json\/wp\/v2\/pages\/11712","targetHints":{"allow":["GET"]}}],"collection":[{"href":"https:\/\/hlrnet.com\/sites\/alt164\/wp-json\/wp\/v2\/pages"}],"about":[{"href":"https:\/\/hlrnet.com\/sites\/alt164\/wp-json\/wp\/v2\/types\/page"}],"author":[{"embeddable":true,"href":"https:\/\/hlrnet.com\/sites\/alt164\/wp-json\/wp\/v2\/users\/1"}],"replies":[{"embeddable":true,"href":"https:\/\/hlrnet.com\/sites\/alt164\/wp-json\/wp\/v2\/comments?post=11712"}],"version-history":[{"count":4,"href":"https:\/\/hlrnet.com\/sites\/alt164\/wp-json\/wp\/v2\/pages\/11712\/revisions"}],"predecessor-version":[{"id":26265,"href":"https:\/\/hlrnet.com\/sites\/alt164\/wp-json\/wp\/v2\/pages\/11712\/revisions\/26265"}],"wp:attachment":[{"href":"https:\/\/hlrnet.com\/sites\/alt164\/wp-json\/wp\/v2\/media?parent=11712"}],"curies":[{"name":"wp","href":"https:\/\/api.w.org\/{rel}","templated":true}]}}