{"id":11708,"date":"2018-04-19T16:48:23","date_gmt":"2018-04-19T16:48:23","guid":{"rendered":"http:\/\/hlrnet.com\/sites\/alt164\/?page_id=11708"},"modified":"2026-03-20T19:25:08","modified_gmt":"2026-03-20T19:25:08","slug":"tecnologia-e-informatica","status":"publish","type":"page","link":"https:\/\/hlrnet.com\/sites\/alt164\/tecnologia-e-informatica\/","title":{"rendered":"Tecnolog\u00eda e inform\u00e1tica"},"content":{"rendered":"<ul>\n<li><a href=\"https:\/\/a2capacitacion.com\">A2<\/a>: cursos de Excel<\/li>\n<li><a href=\"https:\/\/www.abcdatos.com\/\" target=\"_blank\" rel=\"noopener noreferrer\">ABCdatos<\/a>: programas y tutoriales en castellano \/ <a href=\"https:\/\/www.abcdatos.com\/programas\/\" target=\"_blank\" rel=\"noopener noreferrer\">programa gratis en castellano<\/a><\/li>\n<li><a href=\"https:\/\/www.adrformacion.com\/\" target=\"_blank\" rel=\"noopener noreferrer\">ADR Formaci\u00f3n<\/a>: cursos en Word, Excel, Access, Powerpoint, Outlook, Photoshop, Flash, Dreamweaver, AutoCAD, Visual Basic, PHP, Java, &#8230;<\/li>\n<li><a href=\"https:\/\/www.androidpit.es\/\">Androidpit<\/a><\/li>\n<li><a href=\"https:\/\/apple2fan.com\">Apple2fan<\/a><\/li>\n<li><a href=\"https:\/\/www.aulablog.com\/\" target=\"_blank\" rel=\"noopener noreferrer\">Aulablog<\/a>: un proyecto colaborativo sobre el uso de las TIC en el aula<\/li>\n<li><a href=\"https:\/\/elaulaofimatica.blogspot.com\/\">El Aula Ofim\u00e1tica<\/a><\/li>\n<li><a href=\"https:\/\/autocontrol.es\/\">Autocontrol<\/a>: Asociaci\u00f3n para la Autoregulaci\u00f3n de la Comunicaci\u00f3n Comercial<\/li>\n<li><a href=\"https:\/\/as.com\/betech\/\">Betech<\/a><\/li>\n<li><a href=\"https:\/\/bitacoras.com\/\">Bit\u00e1coras.com<\/a>: blogging en espa\u00f1ol<\/li>\n<li><a href=\"https:\/\/www.bitelia.com\/\">Bitelia<\/a><\/li>\n<li><a href=\"https:\/\/computerhoy.com\/\">Computer Hoy<\/a><\/li>\n<li><a href=\"https:\/\/www.csslab.cl\/\">CSSLab<\/a>: un laboratorio de ideas para la web en espa\u00f1ol<\/li>\n<li><a href=\"https:\/\/www.elmundo.es\/elmundo\/navegante.html\" target=\"_blank\" rel=\"noopener noreferrer\">Diario del navegante<\/a> (El Mundo)<\/li>\n<li><a href=\"https:\/\/www.discoduroderoer.es\/\">Disco duro de roer<\/a><\/li>\n<li><a href=\"https:\/\/www.dooyoo.es\/\">Dooyoo<\/a>: asesor\u00eda de compras<\/li>\n<li><a href=\"https:\/\/www.downloadsource.es\/\">Downloadsource<\/a><\/li>\n<li><a href=\"https:\/\/www.eleconomista.es\/tecnologia\/index.html\">ElEconomista: tecnolog\u00eda<\/a><\/li>\n<li><a href=\"https:\/\/www.educaciontrespuntocero.com\/\">Educaci\u00f3n 3.0<\/a><\/li>\n<li><a href=\"https:\/\/www.ehowenespanol.com\/\">eHow en espa\u00f1ol<\/a><\/li>\n<li><a href=\"https:\/\/www.elmundo.es\/elmundo\/navegante.html\">El Mundo navegante: tecnolog\u00eda<\/a><\/li>\n<li><a href=\"https:\/\/www.elotrolado.net\/\">El otro lado<\/a><\/li>\n<li><a href=\"https:\/\/tecnologia.elpais.com\/\">El Pa\u00eds Tecnolog\u00eda<\/a><\/li>\n<li>Para la ense\u00f1anza (hay much\u00edsimo m\u00e1s en otros apartados de <a href=\"http:\/\/hlrnet.com\" class=\"autohyperlink\">hlrnet.com<\/a>)\n<ul>\n<li><a href=\"https:\/\/angelpuente.blogspot.com.es\/\">El Balc\u00f3n abierto<\/a><\/li>\n<li><a href=\"https:\/\/peremarques.blogspot.com\/\">Blog Pere Marqu\u00e8s<\/a>: chispas TIC y educaci\u00f3n<\/li>\n<li><a href=\"https:\/\/createcontic.weebly.com\/\">Crea TEConTIC:<\/a> tecnolog\u00eda creativa mediante el uso de las TIC<\/li>\n<li><a href=\"https:\/\/eclecticedu.blogspot.be\/\">EcLEcTIC<\/a><\/li>\n<li><a href=\"https:\/\/www.educaciontrespuntocero.com\/\">Educaci\u00f3n 3.0<\/a><\/li>\n<li><a href=\"https:\/\/www.theflippedclassroom.es\/\">The flipped classroom<\/a><\/li>\n<li><a href=\"https:\/\/www.freetech4teachers.com\">Freetech4teachers<\/a><\/li>\n<li><a href=\"https:\/\/www.grupocomunicar.com\/\">Grupo Comunicar<\/a><\/li>\n<li><a href=\"https:\/\/intef.es\/\">Instituto Nacional de Tecnolog\u00edas Educativas y de Formaci\u00f3n del Profesorado<\/a><\/li>\n<li><a href=\"https:\/\/justificaturespuesta.com\/\">Justifia tu respuesta<\/a><\/li>\n<li><a href=\"https:\/\/www.aulamovil.es\/\">OnBook<\/a>: mochila digital segura<\/li>\n<li><a href=\"https:\/\/phpwebquest.org\/\">Phpwebquest<\/a><\/li>\n<li><a href=\"https:\/\/intef.educacion.es\/\">Recursos TIC<\/a><\/li>\n<li><a href=\"https:\/\/www.softandapps.info\">Soft &amp; Apps<\/a><\/li>\n<li><a href=\"https:\/\/www.ticele.es\/\">Ticele<\/a>: formaci\u00f3n y materiales ELE<\/li>\n<li><a href=\"https:\/\/webeducativa.net\/\">Webeducativa<\/a><\/li>\n<li>Pizarras digitales: ver <a href=\"https:\/\/hlrnet.com\/sites\/onderwijs\/smartboard\/\">mi p\u00e1gina sobre el tema<\/a>, y\n<ul>\n<li><a href=\"https:\/\/recursospdi.wordpress.com\/\">Recursos para la pizarra digital interactiva<\/a><\/li>\n<li><a href=\"https:\/\/pizarradigitalinteractiva5.blogspot.com\/\">Pizarra interactiva<\/a><\/li>\n<\/ul>\n<\/li>\n<\/ul>\n<\/li>\n<li><a href=\"https:\/\/www.error500.net\/\">Error500<\/a>: blog sobre tecnolog\u00eda<\/li>\n<li><a href=\"https:\/\/www.escuela21.org\/\">escuela21.org<\/a>: un viaje alrededor del mundo visitando las escuelas m\u00e1s innovadoras, con el objetivo de crear una publicaci\u00f3n que defina las claves de su transformaci\u00f3n y \u00e9xito, gracias a un sistema de microfinanciaci\u00f3n<\/li>\n<li><a href=\"https:\/\/escuela.it\/\">EscuelaIT<\/a>: Formaci\u00f3n en Desarrollo y Tecnolog\u00edas de la Informaci\u00f3n &#8211; escuela de la comunidad de <a href=\"http:\/\/DesarrolloWeb.com\" class=\"autohyperlink\">DesarrolloWeb.com<\/a><\/li>\n<li><a href=\"https:\/\/www.fonditos.com\/\" target=\"_blank\" rel=\"noopener noreferrer\">Fonditos<\/a>: fondos de pantalla gratis<\/li>\n<li><a href=\"https:\/\/www.forospyware.com\/\">Forospyware<\/a>: foro de spyware<\/li>\n<li><a href=\"https:\/\/www.genbeta.com\/\">Genbeta<\/a>: web y software<\/li>\n<li><a href=\"https:\/\/www.internetglosario.com\/\">Glosario de Inform\u00e1tica e Internet<\/a><\/li>\n<li><a href=\"https:\/\/goponygo.com\/\">GPG<\/a>: smartphones y telefon\u00eda m\u00f3vil<\/li>\n<li>Hosting en espa\u00f1ol\n<ul>\n<li><a href=\"https:\/\/www.loading.es\/\">Loading<\/a><\/li>\n<li><a href=\"https:\/\/www.nosolored.com\/\" target=\"_blank\" rel=\"noopener noreferrer\">NosoloRed<\/a><\/li>\n<\/ul>\n<\/li>\n<li><a href=\"https:\/\/www.incibe-cert.es\/\">INCIBE-CERT<\/a><\/li>\n<li><a href=\"https:\/\/www.interhelp.org\/\" target=\"_blank\" rel=\"noopener noreferrer\">Interhelp.org<\/a>, ayuda al navegante<\/li>\n<li><a href=\"https:\/\/www.internautas.org\/\">Internautas<\/a>: asociaci\u00f3n de internautas<\/li>\n<li><a href=\"https:\/\/www.uv.es\/biblios\/cursos\/PDI2.HTM\" target=\"_blank\" rel=\"noopener noreferrer\">Internet aplicada a la investigaci\u00f3n universitaria<\/a><\/li>\n<li><a href=\"https:\/\/www.itespresso.es\/\">ITEspresso<\/a>: las nuevas tecnolog\u00edas al instante<\/li>\n<li><a href=\"https:\/\/www.jasoft.org\/\">JASoft.org<\/a>: el blog de Jos\u00e9 Manuel Alarc\u00f3n Agu\u00edn. Programaci\u00f3n web y mucho m\u00e1s&#8230;<\/li>\n<li><a href=\"https:\/\/www.jesusda.com\/docs\/ebooks\/\">JesusDa: e books &#8211; manuales y tutoriales<\/a><\/li>\n<li>Juegos\n<ul>\n<li><a href=\"https:\/\/www.juegosipo.com\/\">Juegosipo<\/a><\/li>\n<\/ul>\n<\/li>\n<li><a href=\"https:\/\/es.kioskea.net\/\">Kioskea<\/a><\/li>\n<li><a href=\"https:\/\/www.laflecha.net\/\" target=\"_blank\" rel=\"noopener noreferrer\">LaFlecha<\/a>: diario de ciencia y tecnolog\u00eda<\/li>\n<li><a href=\"https:\/\/www.linex.org\/\" target=\"_blank\" rel=\"noopener noreferrer\">Linex.org<\/a><\/li>\n<li><a href=\"https:\/\/www.maestrosdelweb.com\/\" target=\"_blank\" rel=\"noopener noreferrer\">MaestrosdelWeb<\/a>: colaborar en la creaci\u00f3n de sitios en espa\u00f1ol a un alto nivel<\/li>\n<li><a href=\"https:\/\/www.malavida.com\/\">Malavida<\/a><\/li>\n<li><a href=\"https:\/\/msdn.microsoft.com\/en-us\/goglobal\/bb688105.aspx\" target=\"_blank\" rel=\"noopener noreferrer\">Microsoft Terminology Translations<\/a><\/li>\n<li><a href=\"https:\/\/www.movilzona.es\/\">Movilzona<\/a><\/li>\n<li><a href=\"https:\/\/msiwindspain.blogspot.com\/\">MSI WIND en espa\u00f1ol<\/a>: blog en espa\u00f1ol sobre el ultraport\u00e1til<\/li>\n<li><a href=\"https:\/\/www.mundoinsider.com\/\">MundoInsider<\/a><\/li>\n<li><a href=\"https:\/\/www.muycomputer.com\/\">MuyComputer<\/a><\/li>\n<li><a href=\"https:\/\/www.neoteo.com\/\">Neoteo<\/a><\/li>\n<li><a href=\"https:\/\/www.netmedia.info\/\" target=\"_blank\" rel=\"noopener noreferrer\">Netmedia<\/a>: la actualidad inform\u00e1tica<\/li>\n<li><a href=\"https:\/\/www.noticias.com\/\" target=\"_blank\" rel=\"noopener noreferrer\">Noticias.com<\/a>, el portal de las TI en espa\u00f1ol<\/li>\n<li><a href=\"https:\/\/www.nuevastecnologias.com\/\">Nuevas Tecnolog\u00edas<\/a><\/li>\n<li><a href=\"https:\/\/www.osi.es\/\">Oficina de Seguridad del Internauta (ES)<\/a><\/li>\n<li><a href=\"https:\/\/www.periodistadigital.com\/tecnologia\/\">Periodista digital: actualidad digital y tecnolog\u00eda<\/a><\/li>\n<li><a href=\"https:\/\/www.nccextremadura.org\/\" target=\"_blank\" rel=\"noopener noreferrer\">Plan de Alfabetizaci\u00f3n Tecnol\u00f3gica y Software Libre de Extremadura<\/a><\/li>\n<li><a href=\"https:\/\/www.europapress.es\/portaltic\/\">PortalTIC<\/a><\/li>\n<li><a href=\"https:\/\/programamos.es\/\">Programamos<\/a>: videojuegos y apps<\/li>\n<li><a href=\"https:\/\/www.programas-gratis.net\/\" target=\"_blank\" rel=\"noopener noreferrer\">Programas-Gratis<\/a>: descargar programas gratis<\/li>\n<li><a href=\"https:\/\/www.pntic.mec.es\/\" target=\"_blank\" rel=\"noopener noreferrer\">Programa de Nuevas Tecnolog\u00edas de la Informaci\u00f3n y de la Telecomunicaci\u00f3n<\/a> (Ministerio de Educaci\u00f3n y Cultura)<\/li>\n<li><a href=\"https:\/\/www.recursosvoip.com\/\" target=\"_blank\" rel=\"noopener noreferrer\">Recursos VoIp<\/a>: voz sobre IP: telefon\u00eda IP, NetMeeting<\/li>\n<li>Seguridad\n<ul>\n<li><a href=\"https:\/\/www.incibe.es\/\">INCIBE: Tu Ayuda en Ciberseguridad<\/a>: Centro de Respuesta a Incidentes de Seguridad<\/li>\n<li><a href=\"https:\/\/segu-info.com.ar\/\">Segu-info<\/a>: seguridad de la informaci\u00f3n<\/li>\n<li><a href=\"https:\/\/seguridadpcs.wordpress.com\/\">Seguridad PCs<\/a><\/li>\n<\/ul>\n<\/li>\n<li><a href=\"https:\/\/sistemas.com\/\">Sistemas.com<\/a><\/li>\n<li><a href=\"https:\/\/www.softonic.com\/\">Softonic<\/a><\/li>\n<li><a href=\"https:\/\/www.softzone.es\/\">Softzone<\/a><\/li>\n<li><a href=\"https:\/\/soportetonto.blogspot.com\/\">Soporte t\u00e9cnico tonto<\/a>: consultas curiosas<\/li>\n<li><a href=\"https:\/\/www.sysadmit.com\/\">Sysadmit<\/a><\/li>\n<li><a href=\"https:\/\/www.starmedia.com\/\" target=\"_blank\" rel=\"noopener noreferrer\">Starmedia<\/a>: BuscaWeb, StarMedia Mail, Charlas, &#8230;<\/li>\n<li><a href=\"https:\/\/www.tecdencias.com\/\">Tecdencias<\/a><\/li>\n<li><a href=\"https:\/\/www.tecnetico.com\/\">Tecnetico<\/a>: aqu\u00ed se habla tecnolog\u00eda &#8230; en espa\u00f1ol<\/li>\n<li><a href=\"https:\/\/teknofilo.com\/\">Tecnofilo<\/a><\/li>\n<li><a href=\"https:\/\/revistes.ub.edu\/index.php\/teisel\">TEISEL. Tecnolog\u00edas para la investigaci\u00f3n en segundas lenguas<\/a> &#8211; revista<\/li>\n<li>Telefon\u00eda m\u00f3vil\n<ul>\n<li>Aparatos e innovaciones\n<ul>\n<li><a href=\"https:\/\/www.moviles.com\/\">Moviles.com<\/a><\/li>\n<li><a href=\"https:\/\/www.phonehouse.es\/\">The PhoneHouse<\/a><\/li>\n<\/ul>\n<\/li>\n<li>Operadores\n<ul>\n<li><a href=\"https:\/\/www.movistar.es\/\">Movistar<\/a><\/li>\n<li><a href=\"https:\/\/www.orange.es\/\">Orange<\/a><\/li>\n<li><a href=\"https:\/\/www.vodafone.es\/\">Vodafone<\/a><\/li>\n<li><a href=\"https:\/\/www.yoigo.com\/\">Yoigo<\/a><\/li>\n<\/ul>\n<\/li>\n<li>Otros\n<ul>\n<li><a href=\"https:\/\/www.20minutos.es\/minuteca\/telefono-movil\/\">20 Minutos<\/a><\/li>\n<li><a href=\"https:\/\/www.usuariosteleco.es\/\">Oficina de atenci\u00f3n al usuario de telecomunicaciones<\/a><\/li>\n<\/ul>\n<\/li>\n<\/ul>\n<\/li>\n<li><a href=\"https:\/\/www.tuexperto.com\/\">tuexperto<\/a><\/li>\n<li><a href=\"https:\/\/www.unocero.com\/\">Unocero<\/a><\/li>\n<li><a href=\"https:\/\/www.uptodown.com\/\">UptoDown<\/a>: descarga de programas Windows<\/li>\n<li><a href=\"https:\/\/www.vandal.net\/\">Vandal<\/a><\/li>\n<li><a href=\"https:\/\/www.vinagreasesino.com\/\">Vinagre asesino<\/a><\/li>\n<li><a href=\"https:\/\/www.yoreparo.com\/\">YoReparo<\/a>: comunidad de t\u00e9cnicos en computaci\u00f3n y electr\u00f3nica<\/li>\n<li><a href=\"https:\/\/www.vsantivirus.com\/\" target=\"_blank\" rel=\"noopener noreferrer\">VSAntivirus<\/a>: virus y hoaxes<\/li>\n<li><a href=\"https:\/\/wordexperto.com\/\">Wordexperto<\/a> (ES)<\/li>\n<li><a href=\"https:\/\/www.xataka.com\/\">Xataka<\/a>: blog de gadgets y electr\u00f3nica de consumo<\/li>\n<li><a href=\"https:\/\/www.xatakawindows.com\/\">Xatakawindows<\/a><\/li>\n<li><a href=\"https:\/\/zonatecnologia.es\/\">Zona Tecnolog\u00eda<\/a>: blog de tecnolog\u00eda, ciencia y nuevas tecnolog\u00edas<\/li>\n<li><a name=\"tarjetas\"><\/a>Tarjetas virtuales en espa\u00f1ol\n<ul>\n<li><a href=\"https:\/\/www.postales.com\/\" target=\"_blank\" rel=\"noopener noreferrer\">Postales.com<\/a><\/li>\n<\/ul>\n<\/li>\n<li>Web 2.0\n<ul>\n<li><a href=\"https:\/\/www.blogia.com\/\" target=\"_blank\" rel=\"noopener noreferrer\">Blogia<\/a>: un blog en espa\u00f1ol<\/li>\n<li><a href=\"https:\/\/meneame.net\/\" target=\"_blank\" rel=\"noopener noreferrer\">Men\u00e9ame<\/a><\/li>\n<li><a href=\"https:\/\/www.microsiervos.com\/\" target=\"_blank\" rel=\"noopener noreferrer\">Microsiervos<\/a>: un blog en espa\u00f1ol<\/li>\n<\/ul>\n<\/li>\n<li>Ver tambi\u00e9n (hlrnet)\n<ul>\n<li><a href=\"https:\/\/hlrnet.com\/sites\/alt164\/tecnologia-y-educacion\/\">Tecnolog\u00eda y educaci\u00f3n<\/a><\/li>\n<\/ul>\n<\/li>\n<\/ul>\n<span class=\"last-modified-timestamp\">Mar 20, 2026 @ 7:25 pm<\/span>\n","protected":false},"excerpt":{"rendered":"<p>A2: cursos de Excel ABCdatos: programas y tutoriales en castellano \/ programa gratis en castellano ADR Formaci\u00f3n: cursos en Word, Excel, Access, Powerpoint, Outlook, Photoshop, Flash, Dreamweaver, AutoCAD, Visual Basic, PHP, Java, &#8230; Androidpit Apple2fan Aulablog: un proyecto colaborativo sobre el uso de las TIC en el aula El Aula<\/p>\n","protected":false},"author":1,"featured_media":0,"parent":0,"menu_order":0,"comment_status":"closed","ping_status":"closed","template":"","meta":{"iawp_total_views":3,"footnotes":"","_wp_rev_ctl_limit":""},"class_list":["post-11708","page","type-page","status-publish","hentry"],"publishpress_future_action":{"enabled":false,"date":"2026-05-08 08:32:46","action":"change-status","newStatus":"draft","terms":[],"taxonomy":"","extraData":[]},"publishpress_future_workflow_manual_trigger":{"enabledWorkflows":[]},"_links":{"self":[{"href":"https:\/\/hlrnet.com\/sites\/alt164\/wp-json\/wp\/v2\/pages\/11708","targetHints":{"allow":["GET"]}}],"collection":[{"href":"https:\/\/hlrnet.com\/sites\/alt164\/wp-json\/wp\/v2\/pages"}],"about":[{"href":"https:\/\/hlrnet.com\/sites\/alt164\/wp-json\/wp\/v2\/types\/page"}],"author":[{"embeddable":true,"href":"https:\/\/hlrnet.com\/sites\/alt164\/wp-json\/wp\/v2\/users\/1"}],"replies":[{"embeddable":true,"href":"https:\/\/hlrnet.com\/sites\/alt164\/wp-json\/wp\/v2\/comments?post=11708"}],"version-history":[{"count":5,"href":"https:\/\/hlrnet.com\/sites\/alt164\/wp-json\/wp\/v2\/pages\/11708\/revisions"}],"predecessor-version":[{"id":27786,"href":"https:\/\/hlrnet.com\/sites\/alt164\/wp-json\/wp\/v2\/pages\/11708\/revisions\/27786"}],"wp:attachment":[{"href":"https:\/\/hlrnet.com\/sites\/alt164\/wp-json\/wp\/v2\/media?parent=11708"}],"curies":[{"name":"wp","href":"https:\/\/api.w.org\/{rel}","templated":true}]}}