{"id":11706,"date":"2018-04-19T16:47:48","date_gmt":"2018-04-19T16:47:48","guid":{"rendered":"http:\/\/hlrnet.com\/sites\/alt164\/?page_id=11706"},"modified":"2026-02-14T20:10:41","modified_gmt":"2026-02-14T20:10:41","slug":"el-trabajo-y-el-empleo","status":"publish","type":"page","link":"https:\/\/hlrnet.com\/sites\/alt164\/el-trabajo-y-el-empleo\/","title":{"rendered":"El trabajo y el empleo"},"content":{"rendered":"<ul>\n<li><a href=\"https:\/\/becas.com\/\">Becas.com<\/a><\/li>\n<li><a href=\"https:\/\/www.buscaoposiciones.com\/\" target=\"_blank\" rel=\"noopener\">BuscaOposiones<\/a><\/li>\n<li><a href=\"http:\/\/www.bolsadetrabajo.com\/\" target=\"_blank\" rel=\"noopener\">Bolsadetrabajo.com<\/a><\/li>\n<li><a href=\"https:\/\/www.canaloposiciones.com\/\" target=\"_blank\" rel=\"noopener\">Canal oposiciones<\/a>: oposiciones y empleo p\u00fablico<\/li>\n<li><a href=\"https:\/\/www.cef.es\/\">CEF<\/a>: cursos y oposiciones<\/li>\n<li><a href=\"https:\/\/www.empleo.com\/\" target=\"_blank\" rel=\"noopener\">Empleo.com<\/a><\/li>\n<li><a href=\"https:\/\/empleos.net\/\" target=\"_blank\" rel=\"noopener\">Empleos.net<\/a><\/li>\n<li><a href=\"https:\/\/www.expansionyempleo.com\/\">Expansi\u00f3n &amp; empleo<\/a><\/li>\n<li><a href=\"https:\/\/www.hacesfalta.org\/\" target=\"_blank\" rel=\"noopener\">Hacesfalta<\/a>: voluntarios en la red<\/li>\n<li><a href=\"https:\/\/www.infoempleo.com\/\" target=\"_blank\" rel=\"noopener\">InfoEmpleo<\/a> (ABC)<\/li>\n<li><a href=\"https:\/\/www.infojobs.net\/\" target=\"_blank\" rel=\"noopener\">Infojobs<\/a><\/li>\n<li><a href=\"https:\/\/www.laboralix.com\/\">Laboralix<\/a>: todo lo que deber\u00edas saber sobre el derecho laboral<\/li>\n<li><a href=\"https:\/\/www.monster.es\/\" target=\"_blank\" rel=\"noopener\">Monster.es<\/a><\/li>\n<li><a href=\"https:\/\/www.opcionempleo.com\/\">OpcionEmpleo<\/a><\/li>\n<li><a href=\"https:\/\/www.studentjob.es\/\">Studentjob<\/a><\/li>\n<li><a href=\"https:\/\/www.trabajofacil.com\/\" target=\"_blank\" rel=\"noopener\">Trabajo F\u00e1cil<\/a>: para enviar tu curr\u00edculum a las principales bolsas de empleo<\/li>\n<\/ul>\n<span class=\"last-modified-timestamp\">Feb 14, 2026 @ 8:10 pm<\/span>\n","protected":false},"excerpt":{"rendered":"<p><a href=\"http:\/\/Becas.com\" class=\"autohyperlink\">Becas.com<\/a> BuscaOposiones <a href=\"http:\/\/Bolsadetrabajo.com\" class=\"autohyperlink\">Bolsadetrabajo.com<\/a> Canal oposiciones: oposiciones y empleo p\u00fablico CEF: cursos y oposiciones <a href=\"http:\/\/Empleo.com\" class=\"autohyperlink\">Empleo.com<\/a> <a href=\"http:\/\/Empleos.net\" class=\"autohyperlink\">Empleos.net<\/a> Expansi\u00f3n &amp; empleo Hacesfalta: voluntarios en la red InfoEmpleo (ABC) Infojobs Laboralix: todo lo que deber\u00edas saber sobre el derecho laboral Monster.es OpcionEmpleo Studentjob Trabajo F\u00e1cil: para enviar tu curr\u00edculum a las principales bolsas de<\/p>\n","protected":false},"author":1,"featured_media":0,"parent":0,"menu_order":0,"comment_status":"closed","ping_status":"closed","template":"","meta":{"iawp_total_views":4,"footnotes":"","_wp_rev_ctl_limit":""},"class_list":["post-11706","page","type-page","status-publish","hentry"],"publishpress_future_action":{"enabled":false,"date":"2026-05-04 03:07:15","action":"change-status","newStatus":"draft","terms":[],"taxonomy":"","extraData":[]},"publishpress_future_workflow_manual_trigger":{"enabledWorkflows":[]},"_links":{"self":[{"href":"https:\/\/hlrnet.com\/sites\/alt164\/wp-json\/wp\/v2\/pages\/11706","targetHints":{"allow":["GET"]}}],"collection":[{"href":"https:\/\/hlrnet.com\/sites\/alt164\/wp-json\/wp\/v2\/pages"}],"about":[{"href":"https:\/\/hlrnet.com\/sites\/alt164\/wp-json\/wp\/v2\/types\/page"}],"author":[{"embeddable":true,"href":"https:\/\/hlrnet.com\/sites\/alt164\/wp-json\/wp\/v2\/users\/1"}],"replies":[{"embeddable":true,"href":"https:\/\/hlrnet.com\/sites\/alt164\/wp-json\/wp\/v2\/comments?post=11706"}],"version-history":[{"count":4,"href":"https:\/\/hlrnet.com\/sites\/alt164\/wp-json\/wp\/v2\/pages\/11706\/revisions"}],"predecessor-version":[{"id":27590,"href":"https:\/\/hlrnet.com\/sites\/alt164\/wp-json\/wp\/v2\/pages\/11706\/revisions\/27590"}],"wp:attachment":[{"href":"https:\/\/hlrnet.com\/sites\/alt164\/wp-json\/wp\/v2\/media?parent=11706"}],"curies":[{"name":"wp","href":"https:\/\/api.w.org\/{rel}","templated":true}]}}