{"id":11704,"date":"2018-04-19T16:47:24","date_gmt":"2018-04-19T16:47:24","guid":{"rendered":"http:\/\/hlrnet.com\/sites\/alt164\/?page_id=11704"},"modified":"2024-12-24T13:24:43","modified_gmt":"2024-12-24T13:24:43","slug":"transportes","status":"publish","type":"page","link":"https:\/\/hlrnet.com\/sites\/alt164\/transportes\/","title":{"rendered":"Transportes"},"content":{"rendered":"<ul>\n<li>Callejeros, planos y rutas\n<ul>\n<li><a href=\"https:\/\/www.callejeando.com\/\">Callejeando<\/a><\/li>\n<li><a href=\"https:\/\/callejero.paginasamarillas.es\/\">El Callejero de P\u00e1ginas Amarillas<\/a><\/li>\n<li><a href=\"https:\/\/www.viamichelin.es\/\">Via Michelin<\/a><\/li>\n<\/ul>\n<\/li>\n<li><a href=\"https:\/\/www.adif.es\/\">ADIF &#8211; Administrador de Infraestructuras Ferroviarias<\/a><\/li>\n<li><a href=\"https:\/\/www.aena.es\/\" target=\"_blank\" rel=\"noopener\">AENA<\/a>: Aeropuertos espa\u00f1oles y navegaci\u00f3n a\u00e9rea<\/li>\n<li><a href=\"https:\/\/www.autocity.com\/\" target=\"_blank\" rel=\"noopener\">Autocity<\/a><\/li>\n<li><a href=\"https:\/\/www.dgt.es\/\" target=\"_blank\" rel=\"noopener\">Direcci\u00f3n general de tr\u00e1fico<\/a><\/li>\n<li><a href=\"https:\/\/www.distanciasentreciudades.com\/\">Distancias entre ciudades<\/a><\/li>\n<li><a href=\"https:\/\/eldelabici.blogspot.com\/\">El de la bici<\/a>: ideas, comentarios, estudios, opiniones de un ciclista urbano (AR)<\/li>\n<li><a href=\"https:\/\/www.forocoches.com\/\">ForoCoches<\/a><\/li>\n<li><a href=\"https:\/\/www.guiarepsol.com\/\" target=\"_blank\" rel=\"noopener\">Guia Repsol<\/a>: mapas, rutas restaurantes y viajes<\/li>\n<li><a href=\"https:\/\/www.iberia.com\/\" target=\"_blank\" rel=\"noopener\">Iberia<\/a><\/li>\n<li><a href=\"https:\/\/www.metromadrid.es\/\" target=\"_blank\" rel=\"noopener\">MetroMadrid<\/a><\/li>\n<li><a href=\"https:\/\/www.racc.es\/\" target=\"_blank\" rel=\"noopener\">RACC<\/a> &#8211; autom\u00f3vil club<\/li>\n<li><a href=\"https:\/\/www.renfe.com\/\" target=\"_blank\" rel=\"noopener\">RENFE<\/a>\n<ul>\n<li><a href=\"https:\/\/positren.nebulacodex.com\/\">Positr\u00e9n<\/a><\/li>\n<\/ul>\n<\/li>\n<li><a href=\"https:\/\/www.stopaccidentes.org\/\">Stop Accidentes<\/a><\/li>\n<li><a href=\"https:\/\/www.todotrenes.com\/\" target=\"_blank\" rel=\"noopener\">TodoTrenes<\/a><\/li>\n<li><a href=\"https:\/\/www.thetrainline.com\/es\">Trainline<\/a><\/li>\n<\/ul>\n<span class=\"last-modified-timestamp\">Dic 24, 2024 @ 1:24 pm<\/span>\n","protected":false},"excerpt":{"rendered":"<p>Callejeros, planos y rutas Callejeando El Callejero de P\u00e1ginas Amarillas Via Michelin ADIF &#8211; Administrador de Infraestructuras Ferroviarias AENA: Aeropuertos espa\u00f1oles y navegaci\u00f3n a\u00e9rea Autocity Direcci\u00f3n general de tr\u00e1fico Distancias entre ciudades El de la bici: ideas, comentarios, estudios, opiniones de un ciclista urbano (AR) ForoCoches Guia Repsol: mapas, rutas<\/p>\n","protected":false},"author":1,"featured_media":0,"parent":0,"menu_order":0,"comment_status":"closed","ping_status":"closed","template":"","meta":{"iawp_total_views":2,"footnotes":"","_wp_rev_ctl_limit":""},"class_list":["post-11704","page","type-page","status-publish","hentry"],"publishpress_future_action":{"enabled":false,"date":"2026-05-04 01:01:22","action":"change-status","newStatus":"draft","terms":[],"taxonomy":"","extraData":[]},"publishpress_future_workflow_manual_trigger":{"enabledWorkflows":[]},"_links":{"self":[{"href":"https:\/\/hlrnet.com\/sites\/alt164\/wp-json\/wp\/v2\/pages\/11704","targetHints":{"allow":["GET"]}}],"collection":[{"href":"https:\/\/hlrnet.com\/sites\/alt164\/wp-json\/wp\/v2\/pages"}],"about":[{"href":"https:\/\/hlrnet.com\/sites\/alt164\/wp-json\/wp\/v2\/types\/page"}],"author":[{"embeddable":true,"href":"https:\/\/hlrnet.com\/sites\/alt164\/wp-json\/wp\/v2\/users\/1"}],"replies":[{"embeddable":true,"href":"https:\/\/hlrnet.com\/sites\/alt164\/wp-json\/wp\/v2\/comments?post=11704"}],"version-history":[{"count":4,"href":"https:\/\/hlrnet.com\/sites\/alt164\/wp-json\/wp\/v2\/pages\/11704\/revisions"}],"predecessor-version":[{"id":26035,"href":"https:\/\/hlrnet.com\/sites\/alt164\/wp-json\/wp\/v2\/pages\/11704\/revisions\/26035"}],"wp:attachment":[{"href":"https:\/\/hlrnet.com\/sites\/alt164\/wp-json\/wp\/v2\/media?parent=11704"}],"curies":[{"name":"wp","href":"https:\/\/api.w.org\/{rel}","templated":true}]}}