{"id":11702,"date":"2018-04-19T16:47:06","date_gmt":"2018-04-19T16:47:06","guid":{"rendered":"http:\/\/hlrnet.com\/sites\/alt164\/?page_id=11702"},"modified":"2026-02-14T20:11:10","modified_gmt":"2026-02-14T20:11:10","slug":"tecnologia-y-educacion","status":"publish","type":"page","link":"https:\/\/hlrnet.com\/sites\/alt164\/tecnologia-y-educacion\/","title":{"rendered":"Tecnolog\u00eda y educaci\u00f3n &#8211; mis sugerencias"},"content":{"rendered":"<p>Una lista de (las) herramientas que me parecen (m\u00e1s) interesantes para un profesor.<br \/>\n\u00bfBuscas alguna herramienta similar a una de las listadas? Consulta <a href=\"https:\/\/alternativeto.net\/\">AlternativeTo<\/a>, <a href=\"https:\/\/www.g2.com\">G2<\/a>, <a href=\"https:\/\/webcatalog.io\/\">Webcatalog<\/a> o <a href=\"https:\/\/www.saashub.com\/\">SaasHub<\/a>.<br \/>\n\u00bfQuieres tener m\u00e1s ideas? Hojea <a href=\"https:\/\/www.freetech4teachers.com\">Freetech4teachers<\/a>, <a href=\"https:\/\/www.softandapps.info\">Soft &amp; Apps<\/a><\/p>\n<p>Een lijstje van tools die me (het meest) interessant lijken voor en leerkracht. A list of tools that look (the most) interesting to me.<\/p>\n<p>Abreviaciones: D &#8211; descargar e instalar \/ L &#8211; en l\u00ednea \/ C &#8211; necesita cuenta (login) \/ P &#8211; de pago<br \/>\nApartados: [<a>A<\/a>] autor\u00eda &#8211; [<a>AUT<\/a>] aprendizaje en autonom\u00eda &#8211; [<a>B<\/a>] bit\u00e1coras &#8211; [MM] multimedia &#8211; [<a>COOP<\/a>] cooperaci\u00f3n &#8211; [<a>DOC<\/a>] documentos &#8211; [<a>HERR<\/a>] otras herramientas &#8211; [<a>IMG<\/a>] im\u00e1genes &#8211; [<a>MAT<\/a>] materiales &#8211; [<a>ORG<\/a>] organizaci\u00f3n &#8211; [<a>SEG<\/a>] seguridad<\/p>\n<ol>\n<li id=\"disc\"><a href=\"https:\/\/www.alternativeto.net\/\">Alternative.to<\/a> L<br \/>\nWeb que propone alternativas a servicios o programas que usamos o que pretendemos usar.<br \/>\nWebsite die per softwarepakket of -dienst alternatieven aanbiedt.<\/li>\n<li id=\"org\"><a href=\"https:\/\/www.appointy.com\/\">Appointy<\/a> LC<br \/>\nUn sistema de citas<br \/>\nAfsprakensysteem<\/li>\n<li id=\"mm\"><a href=\"https:\/\/www.audacityteam.org\/\">Audacity<\/a> D<br \/>\nPrograma libre y de c\u00f3digo abierto para grabar y editar sonido<br \/>\nOpen source software om geluid op te nemen en te bewerken<\/li>\n<li id=\"img\"><a href=\"https:\/\/www.befunky.com\/\">befuncky<\/a> L<br \/>\nEditar fotos con efectos, transformaciones, texto<br \/>\nFoto&#8217;s bewerken met effecten, tekst en meer<\/li>\n<li id=\"mat\"><a href=\"https:\/\/www.blinklearning.com\/\">Blinklearning<\/a> L<br \/>\nEen hulpmiddel \/ platform om het leren te personaliseren a.d.h.v. materiaal van verschillende uitgevers<br \/>\nUna herramienta \/ plataforma para personalizar el aprendizaje bas\u00e1ndose en materiales de varias editoriales<\/li>\n<li id=\"b\"><a href=\"https:\/\/www.blogger.com\/\">Blogger<\/a> LC<br \/>\nCrear una bit\u00e1cora o blog<br \/>\nEen blog maken<\/li>\n<li id=\"herr\"><a href=\"https:\/\/www.blogtrottr.com\/\">Blogtrottr<\/a> L<br \/>\nUn servicio para hacer llegar un hilo RSS en un buz\u00f3n de correo.<br \/>\nEen dienst waarmee je een RSS feed uin je mailbox kan laten toekomen.<\/li>\n<li id=\"herr\"><a href=\"https:\/\/www.bubbl.us\/\">Bubbl.us<\/a> L<br \/>\nCrear mapas mentales en l\u00ednea<br \/>\nOnline mindmaps maken<\/li>\n<li><strong><a href=\"https:\/\/cally.com\/\">Cally<\/a> <\/strong>L<br \/>\nEncontrar el mejor momento para reunirse<br \/>\nEen goed vergadermoment vinden<\/li>\n<li id=\"img\"><a href=\"https:\/\/www.canva.com\/\"><strong>Canva<\/strong><\/a> L<br \/>\nCrear productos gr\u00e1ficos e infograf\u00edas en l\u00ednea<br \/>\nOnline tekenen en grafische dingen maken.<\/li>\n<li><a href=\"https:\/\/www.cerebriti.com\/\">Cerebriti<\/a><br \/>\nPlataforma para crear juegos did\u00e1cticos<br \/>\nPlatform om didactische spelen te maken<\/li>\n<li id=\"herr\"><a href=\"https:\/\/www.cram.com\/\">Cram<\/a> L<br \/>\nFlashcards<\/li>\n<li id=\"doc\"><a href=\"https:\/\/cutepdf.com\/\">CreatePDF<\/a> D<br \/>\nCreaci\u00f3n de PDF desde cualquier programa<br \/>\nEen PDF maken vanuit gelijk welk programa<\/li>\n<li id=\"mat\"><a href=\"https:\/\/creativecommons.org\/\">Creative Commons<\/a> L<br \/>\nMateriales libres de acceso y de uso. Google permite seleccionar materiales libres.<br \/>\nOpen bron materiaal, vrij voor gebruik. Google kan dit materiaal selecteren.<\/li>\n<li id=\"herr\"><strong><a href=\"https:\/\/www.diigo.com\/\">Diigo<\/a> <\/strong>LC<br \/>\nCompartir enlaces acompa\u00f1\u00e1ndolos de apuntes y m\u00e1s<br \/>\nBookmarks delen en voorzien van commentaar<\/li>\n<li><a href=\"https:\/\/doozy.live\/\">Doozy<\/a> L<br \/>\nCuestionarios en l\u00ednea.<br \/>\nOnline vragenlijsten.<\/li>\n<li id=\"coop\"><strong><a href=\"https:\/\/www.easel.ly\/\">Easel.ly<\/a><\/strong> L<br \/>\nInformatie grafisch voorstellen met een infographic<br \/>\nRepresentar informaciones gr\u00e1ficamente<\/li>\n<li><a href=\"https:\/\/echaloasuerte.com\/\">Echaloasuerte<\/a>\u00a0 L<br \/>\nCrear grupos al azar o sacar n\u00fameros o palabras al azar<br \/>\nGroepen maken op basis van toeval, of getallen of woorden trekken<\/li>\n<li id=\"aut\"><a href=\"https:\/\/www.educaplay.com\/\">Educaplay<\/a> L<br \/>\nCrear juegos educativos y actividades (adivinanzas, completar, dictados, mapas, relacionar, &#8230;) para publicaci\u00f3n en tu web<br \/>\nSpelltjes en activiteiten (raadsels, ordenen, verbinden, vragensets, kruiswoordraadsels) maken voor gebruik op je website.<\/li>\n<li id=\"mm\"><a href=\"https:\/\/edpuzzle.com\/\">EDpuzzle L<\/a><br \/>\nPoner voz y preguntas en un v\u00eddeo<br \/>\nCreate a video with voice and quizzes<\/li>\n<li id=\"aut\"><a href=\"https:\/\/www.eset.com\/\">ESET Online scanner<\/a> L<br \/>\nDetecci\u00f3n contra virus &#8211; arma que se puede usar si no hay manera de instalar nada.<br \/>\nOnline virusscanner, die zelfs werkt als je niets kan installeren<\/li>\n<li id=\"aut\"><strong><a href=\"https:\/\/www.flip.com\/\">Flip<\/a><\/strong> L<br \/>\nPlataforma video para aprendizaje social<br \/>\nVideoplatform voor sociaal leren<\/li>\n<li id=\"img\"><a href=\"https:\/\/www.flickr.com\/\">Flickr<\/a> LC<br \/>\nCompartir fotos<br \/>\nFoto&#8217;s delen<\/li>\n<li id=\"img\"><a href=\"https:\/\/genial.ly\/\"><strong>Genial.ly<\/strong><\/a><br \/>\nCrear actividades interactivas<br \/>\nInteractieve activiteiten maken<\/li>\n<li id=\"img\"><a href=\"https:\/\/www.gliffy.com\/\">Gliffy<\/a> L<br \/>\nDibujar en l\u00ednea<br \/>\nOnline tekenen<\/li>\n<li id=\"org\"><a href=\"https:\/\/calendar.google.com\/\">Google calendar<\/a> LC<br \/>\nGestionar agendas, de manera cooperativa si se quiere<br \/>\nAgenda&#8217;s beheren, en indien gewenst samen met anderen<\/li>\n<li><a href=\"https:\/\/docs.google.com\/\">Google drive<\/a> LC<br \/>\nCrear y colaborar documentos en l\u00ednea, con encuestas y formularios en l\u00ednea<br \/>\nDocumenten maken en er (samen) aan werken, met enqu\u00eates en formulieren<\/li>\n<li><a href=\"https:\/\/h5p.org\/\"><strong>H5P<\/strong><\/a> LC<br \/>\nCrear ejercicios y actividades de aprendizaje en l\u00ednea<br \/>\nOnline oefeningen en activiteiten maken<\/li>\n<li id=\"a\"><a href=\"https:\/\/hotpot.uvic.ca\/\">Hotpotatoes<\/a> D<br \/>\nPrograma para elaborar ejercicios con autocorrecci\u00f3n para un sitio web o una plataforma de aprendizaje<br \/>\nProgramma voor het aanmaken van zelfcorrigerende oefeningen voor ene website of leerplatform<\/li>\n<li id=\"disc\"><a href=\"https:\/\/www.inklestudios.com\/inklewriter\">inkleWriter<\/a><br \/>\nCrear relatos interactivos (con decisiones tomadas por el lector)<br \/>\nInteractieve verhalen maken<\/li>\n<li id=\"img\"><a href=\"https:\/\/www.irfanview.com\/\">Irfanview<\/a> D<br \/>\nEspl\u00e9ndido programa gr\u00e1fico para abrir y convertir im\u00e1genes<br \/>\nPrachtig programma voor het bekijken en bijwerken van beelden<\/li>\n<li id=\"mat\"><a href=\"https:\/\/es.islcollective.com\/\"><strong>islCollective<\/strong><\/a> L<br \/>\nPlataforma de distribuci\u00f3n de hojas imprimibles &#8211; complemento ideal a <a href=\"https:\/\/www.todoele.net\/\">Todoele<\/a> y <a href=\"https:\/\/marcoele.com\/\">Marcoele<\/a><\/li>\n<li id=\"disc\"><a href=\"https:\/\/kahoot.it\/\">Kahoot<\/a> L<br \/>\nPedir a los alumnos que voten &#8211; por ejemplo para hacer s\u00edntesis de la clase<br \/>\nLeerlingen laten stemmen<\/li>\n<li><a href=\"https:\/\/www.kialo.com\">Kialo<\/a> L<br \/>\nPlataforma de conversaci\u00f3n que estimula la argumentaci\u00f3n y el pensamiento cr\u00edtico.<br \/>\nConversatieplatform dat argumentatie en kritisch denken stimuleert.<\/li>\n<li id=\"a\"><strong><a href=\"https:\/\/learningapps.org\/\">Learningapps<\/a> <\/strong>LC<br \/>\nCrear actividades (ordenar, combinar, contestar, rellenar, &#8230;) que se pueden integrar en una web.<br \/>\nActiviteiten maken (ordenen, combineren, quiz, invullen, &#8230;) die je in een website kan opnemen<\/li>\n<li id=\"herr\"><strong><a href=\"https:\/\/www.linguee.com\/\">Linguee<\/a> <\/strong>L<br \/>\nDiccionario que adem\u00e1s da contextos reales en los cuales aparecen los t\u00e9rminos<br \/>\nOnline woordenboek dat ook de echte contexten geeft waarin die woorden gebruikt worden<\/li>\n<li><a href=\"https:\/\/www.linoit.com\">Linoit<\/a> LC<br \/>\nMuro interactivo que maneja vi\u00f1etas. No tan bonito como Padlet, pero las vi\u00f1etas sin \u00fatiles.<br \/>\nSamenwerkingsmuur die trefwoorden ondersteunt. Niet zo mooi dan Padlet, maar die trefwoorden zijn een meerwaarde.<\/li>\n<li id=\"herr\"><a href=\"https:\/\/www.livestream.com\/\">Livestream<\/a> C<br \/>\nRetransmitir un evento, encuentro, entrevista<br \/>\nEen event uitzenden<\/li>\n<li><a href=\"https:\/\/es.liveworksheets.com\/\">Liveworksheets<\/a><br \/>\nCrear hojas de trabajo interactivas.<br \/>\nInteractieve werkbladen maken<\/li>\n<li><a href=\"https:\/\/lumen5.com\/\">Lumen5<\/a><br \/>\nVideo creator<br \/>\nCreaci\u00f3n de v\u00eddeos<\/li>\n<li id=\"mm\"><a href=\"https:\/\/www.magisto.com\/\">Magisto<\/a> LC<br \/>\nCrear un video a partir de fotos<br \/>\nEen videoverhaal maken vertrekkende van foto&#8217;s<\/li>\n<li id=\"seg\"><a href=\"https:\/\/www.malwarebytes.org\/products\/malwarebytes_free\">Malwarebytes antimalware<\/a> D<br \/>\nPrograma de detecci\u00f3n de malware<br \/>\nProgramma voor het detecteren van malware<\/li>\n<li><a href=\"https:\/\/www.mentimeter.com\/\">Mentimeter<\/a> LC<br \/>\nPresentaties met interactieve elementen<br \/>\nPresentaciones con elementos interactivos<\/li>\n<li id=\"coop\"><a href=\"https:\/\/mind42.com\/\">Mind42<\/a> LC<br \/>\nCollaborative mind mapping<br \/>\nCrear mapas mentales de manera colaborativa<\/li>\n<li><a href=\"https:\/\/mobbyt.com\/\">Mobbyt<\/a><br \/>\nPlataforma para crear juegos como por ejemplo un Trivia o un juego de la oca.<br \/>\nPlatform om een spel als ganzenbord of Trivia te maken.<\/li>\n<li><a href=\"https:\/\/www.moodle.com\">Moodle<\/a><br \/>\nPlataforma de aprendizaje<br \/>\nLeerplatform<\/li>\n<li id=\"a\"><a href=\"https:\/\/www.nearpod.com\/\">Nearpod<\/a> L<br \/>\nPresentar materiales con actividades<br \/>\nMateriaal aanbieden met activiteiten<\/li>\n<li id=\"doc\"><strong><a href=\"https:\/\/www.microsoft.com\/office\">Office<\/a>\u00a0 = Microsoft 365<\/strong> DP<br \/>\nLa serie de programas por excelencia para preparar documentos: textos, presentaciones y dem\u00e1s. Crear, compartir y editar documentos<br \/>\nOnmisbare reeks programma&#8217;s voor het voorbereiden van documenten en het bijhouden van administratie.<br \/>\nBestanden aanmaken, delen en bewerken<\/li>\n<li id=\"doc\"><a href=\"https:\/\/www.onlineocr.net\/\">Online OCR<\/a> L<br \/>\nTransformar im\u00e1genes o PDF en texto<br \/>\nBeelden of PDF omzetten in tekst<\/li>\n<li id=\"disc\"><a href=\"https:\/\/www.padlet.com\/\"><strong>Padlet<\/strong><\/a> L<br \/>\nUn muro con apuntes que se pueden compartir<br \/>\nNotities maken en delen<\/li>\n<li><a href=\"https:\/\/www.pdfescape.com\/\">PDF Escape<\/a><br \/>\nEditor de PDF<br \/>\nPDF editor<\/li>\n<li id=\"img\"><a href=\"https:\/\/photofunia.com\/\">Photofunia<\/a> L<br \/>\nCrear montajes de fotos: insertar texto en una foto, insertar una foto rn otra foto<br \/>\nFotomontages maken: tekst in een foto, een foto in een foto<\/li>\n<li id=\"img\"><a href=\"https:\/\/www.picasa.com\/\">Picasa<\/a> LC<br \/>\nCompartir fotos en l\u00ednea<br \/>\nBeelden delen<\/li>\n<li id=\"doc\"><a href=\"https:\/\/www.pdfforge.org\/\">PDFCreator<\/a> D<br \/>\nCrear documentos PDF desde cualquier programa<br \/>\nPDFs maken vanuit gelijk welk programma<\/li>\n<li id=\"disc\"><a href=\"https:\/\/pbworks.com\/\">PBworks<\/a> LC(P)<br \/>\nUn wiki para la clase<br \/>\nEen wiki voor de klas<\/li>\n<li id=\"img\"><a href=\"https:\/\/www.pixton.com\/\"><strong>Pixton<\/strong><\/a> L<br \/>\nStrips maken<br \/>\nCrear c\u00f3mics<\/li>\n<li id=\"herr\"><a href=\"https:\/\/www.plagium.com\/\">Plagium<\/a> L<br \/>\nDetecci\u00f3n de plagio<br \/>\nDetectie van plagiaat<\/li>\n<li id=\"herr\"><a href=\"https:\/\/www.plagscan.com\/\">PlagScan<\/a> L<br \/>\nDetecci\u00f3n de plagio<br \/>\nDetectie van plagiaat<\/li>\n<li><a href=\"https:\/\/www.polleverywhere.com\/\"><strong>PollEverywhere<\/strong><\/a> LC<br \/>\n<span style=\"display: inline !important; float: none; background-color: transparent; color: #303030; cursor: text; font-family: 'Gudea',Tahoma,Arial; font-size: 16.93px; font-style: normal; font-variant: normal; font-weight: 400; letter-spacing: normal; orphans: 2; text-align: left; text-decoration: none; text-indent: 0px; text-transform: none; -webkit-text-stroke-width: 0px; white-space: normal; word-spacing: 0px;\">Plataforma de <\/span>encuestas en tiempo real<br \/>\nRealtime enqu\u00eate platform<\/li>\n<li id=\"disc\"><a href=\"https:\/\/popplet.com\/\">Popplet<\/a> L<br \/>\nMapas mentales colaborativos<br \/>\nCollaborative mindmaps<\/li>\n<li id=\"img\"><a href=\"https:\/\/www.powtoon.com\/\"><strong>PowToon<\/strong><\/a> LC<br \/>\nCrear v\u00eddeos de animaci\u00f3n en l\u00ednea<br \/>\nOnline animaties maken<\/li>\n<li id=\"herr\"><a href=\"https:\/\/privnote.com\/\">PrivNote<\/a> L<br \/>\nMandar informaciones sensibles en un mensaje que se autodestruye<br \/>\nVertrouwelijke informatie die zichzelf vernietigt<\/li>\n<li><a href=\"https:\/\/www.questiontools.com\/\">QuestionTools<\/a><br \/>\nCreaci\u00f3n de actividades de evaluaci\u00f3n<br \/>\nAssessment activiteiten maken<\/li>\n<li><a href=\"https:\/\/quizizz.com\/\">Quizizz<\/a> L<br \/>\nQuizes en l\u00ednea<\/li>\n<li id=\"aut\"><strong><a href=\"https:\/\/quizlet.com\/\">Quizlet<\/a><\/strong> L<br \/>\nFlashcards<\/li>\n<li><a href=\"https:\/\/qrfy.com\/\">QRfy<\/a> L<br \/>\nCreaci\u00f3n de c\u00f3digo QR, con seguimiento.<br \/>\nOpvolgbare QR codes<\/li>\n<li><strong><a href=\"https:\/\/www.resoomer.ai\">Resoomer<\/a><\/strong><br \/>\nResumir textos<\/li>\n<li id=\"disc\"><a href=\"https:\/\/www.shakespeak.com\/\">Shakespeak<\/a> LC<br \/>\nLet students vote and ask questions with their mobile phone<br \/>\nRecoger respuestas o hacer formular preguntas por tel\u00e9fono m\u00f3vil.<\/li>\n<li><a href=\"https:\/\/www.showdocument.com\/\">Showdocument<\/a><br \/>\nEspacio de conversaci\u00f3n que permite adem\u00e1s de compartir documentos<br \/>\nConferentieruimte waar je documenten kan in delen<\/li>\n<li id=\"doc\"><a href=\"https:\/\/www.slideshare.com\/\">Slideshare<\/a> LC<br \/>\nCompartir presentaciones<br \/>\nPresentaties delen<\/li>\n<li id=\"doc\"><a href=\"https:\/\/www.smallpdf.com\/\">Smallpdf<\/a><br \/>\nEditar y convertir documentos PDF<br \/>\nOmzetten en bewerken van PDF bestanden<\/li>\n<li id=\"herr\"><a href=\"https:\/\/socrative.com\/\">Socrative<\/a> LC<br \/>\nOnline evaluatiesysteem met onmiddellijke statistieken<br \/>\nSistema de evaluaci\u00f3n en l\u00ednea con estad\u00edsticas inmediatas<\/li>\n<li id=\"mm\"><a href=\"https:\/\/www.spotify.com\/\">Spotify<\/a> L<br \/>\nWeb y ap para escuchar m\u00fasica con listas y sugerencias; la f\u00f3rmula de pago permite acceso sin conexi\u00f3n<br \/>\nWebsite en ap om naar muziek te kluisteren &#8211; met playlists en suggesties; offline toegang mits betaling<\/li>\n<li id=\"doc\"><a href=\"https:\/\/www.sway.com\/\">Sway<\/a> LC<br \/>\nEenvoudige collaboratieve online presentaties.<br \/>\nPresentaciones en l\u00ednea colaborativas f\u00e1ciles.<\/li>\n<li id=\"doc\"><a href=\"https:\/\/www.tagcrowd.com\/\">Tagcrowd<\/a> L<br \/>\nTrefwoorden uit een tekst halen<br \/>\nSacar palabras clave de un texto<\/li>\n<li><a href=\"http:\/\/www.tagxedo.com\/\">Tagxedo<\/a> L<br \/>\nCrear nubes de palabras<br \/>\nWoordenwolken<\/li>\n<li><strong>Teams<\/strong><br \/>\nComunicaci\u00f3n a distancia<br \/>\nCommunicatie op afstand<\/li>\n<li id=\"herr\"><a href=\"https:\/\/www.teamviewer.com\/\">TeamViewer<\/a> D<br \/>\nSoporte a distancia<br \/>\nSupport op afstand door PC over te nemen<\/li>\n<li id=\"disc\"><a href=\"https:\/\/www.thinglink.com\/\">Thinglink<\/a> LC<br \/>\nCrear im\u00e1genes din\u00e1micas e interactivas<br \/>\nInteractieve beelden en video&#8217;s maken en delen<\/li>\n<li id=\"herr\"><a href=\"https:\/\/www.tinyurl.com\/\">TinyURL<\/a> L<br \/>\nAbreviar direcciones de p\u00e1ginas web<br \/>\nAdressen afkorten<\/li>\n<li id=\"coop\"><a href=\"https:\/\/titanpad.com\/\">TitanPad<\/a> L<br \/>\nColaborar en tiempo real en un documento<br \/>\nIn real time samenwerken aan een document<\/li>\n<li><strong><a href=\"https:\/\/ww.venngage.com\/\">Venngage<\/a><\/strong> L<br \/>\nCrear infograf\u00edas.<br \/>\nInfografie\u00ebn maken<\/li>\n<li id=\"mm\"><a href=\"https:\/\/ant.umn.edu\/\">Videoant<\/a><br \/>\nAnotar v\u00eddeos<br \/>\nVideo&#8217;s annoteren<\/li>\n<li id=\"mm&gt;&lt;a href=\"><a href=\"https:\/\/www.vimeo.com\/\">Vimeo<\/a> LC<br \/>\nCompartir videos<br \/>\nVideo&#8217;s delen<\/li>\n<li><a href=\"https:\/\/www.visme.co\/\">Visme<\/a> L<br \/>\nCrear infograf\u00edas y otros elementos gr\u00e1ficos<br \/>\nInfographics en grafische elementen maken<\/li>\n<li id=\"mm\"><a href=\"https:\/\/www.videolan.org\/vlc\/\">VLC Player<\/a> D<br \/>\nUn reproductor multimedia que puede abrir todos los archivos multimedia<br \/>\nEen multimediapseler die met alle bestanden overweg kan<\/li>\n<li id=\"mm\"><a href=\"https:\/\/vocaroo.com\/\">Vocaroo<\/a> L<br \/>\nStem opnemen<br \/>\nOnline voice recording<\/li>\n<li id=\"mm\"><a href=\"https:\/\/www.voki.com\/\">Voki<\/a> L<br \/>\nEen on-screen personage maken dat spreekt<br \/>\nCrear un personaje animado hablante<\/li>\n<li><a href=\"https:\/\/www.visual.ly\/\"><strong>Visual.ly<\/strong><\/a> L<br \/>\nInformatie grafisch voorstellen met een infographic<br \/>\nRepresentar informaciones gr\u00e1ficamente<\/li>\n<li id=\"mm\"><a href=\"https:\/\/www.voicethread.com\/\">Voicethread<\/a> L<br \/>\nConstruir una historia con elementos que se siguen<br \/>\nEen verhaal opbouwen met opeenvolgende elementen<\/li>\n<li><strong><a href=\"https:\/\/wakelet.com\/\">Wakelet<\/a><\/strong> L<br \/>\nConstruir conjuntamente una colecci\u00f3n de enlaces<br \/>\nSamen een collectie links opbouwen<\/li>\n<li><strong><a href=\"https:\/\/www.wisdolia.com\">Wisdolia<\/a><\/strong><br \/>\nGenerar preguntas sobre un texto &#8211; y evaluar las respuestas<\/li>\n<li id=\"doc\"><a href=\"https:\/\/www.wizer.me\/\">Wizer<\/a> L<br \/>\nPlataforma para distribuir hojas de trabajo interactivas<br \/>\nPlatform om interactieve werkbladen te verdelen<\/li>\n<li id=\"disc\"><a href=\"https:\/\/www.wooclap.com\/\">Wooclap<\/a> L<br \/>\nSistema interactivo de votos en tiempo real<br \/>\nStemmen in real time<\/li>\n<li><a href=\"https:\/\/wordart.com\/\">WordArt<\/a> L<br \/>\nCrear nubes de palabras con efectos gr\u00e1ficos<br \/>\nWoordenwolken maken in vormen<\/li>\n<li id=\"b\"><a href=\"https:\/\/www.wordpress.com\/\">WordPress<\/a> LC<br \/>\nPlataforma extraordinaria para crear blogs<br \/>\nSchitterend platform voor het aanmaken van blogs<\/li>\n<li><a href=\"https:\/\/wordwall.net\/\"><strong>WordWall<\/strong><\/a> L<br \/>\nNavaja suiza de las actividades interactivas<br \/>\nOmnivalente tool om activiteiten te maken.<\/li>\n<li><a href=\"https:\/\/www.zoom.com\"><strong>Zoom<\/strong><\/a> L<br \/>\nComunicaci\u00f3n a distancia<br \/>\nCommunicatie op afstand<\/li>\n<li id=\"doc\"><a href=\"https:\/\/www.zotero.org\/\"><strong>Zotero<\/strong><\/a> DC<br \/>\nHerramienta bibliogr\u00e1fica gratuita que se integra a Firefox y Word, con almacenamiento en la nube<br \/>\nGratis bibliografietool die Firefox en Word verbindt, en je referenties opslaat in de cloud<\/li>\n<\/ol>\n<p>En otras partes de mi sitio:<\/p>\n<ul>\n<li><a href=\"https:\/\/hlrnet.com\/sites\/alt164\/la-lengua-espanola-en-internet\/\">diccionarios y corpus<\/a><\/li>\n<li>authorware<\/li>\n<li>graphics<\/li>\n<li>ense\u00f1anza a distancia<\/li>\n<li>multimedia<\/li>\n<li>mapas mentales<\/li>\n<\/ul>\n<p>Otras listas<\/p>\n<ul>\n<li><a href=\"https:\/\/appsparaprofes.com\/\"><strong>Apps para profes<\/strong><\/a><\/li>\n<li><strong><a href=\"https:\/\/www.creatividad.cloud\/\">Creatividad.cloud<\/a><\/strong><\/li>\n<li><strong><a href=\"https:\/\/www.educaciontrespuntocero.com\/\">Educaci\u00f3n 3.0<\/a><\/strong><\/li>\n<li><a href=\"https:\/\/www.scribd.com\/doc\/19576895\/Web-20-Tools-for-Teachers\">Nick Peachy<\/a><\/li>\n<li><a href=\"https:\/\/www.recetastic.com\/\">Recetastic<\/a><\/li>\n<li><a href=\"https:\/\/www.softandapps.info\/\">Soft &amp; Apps<\/a><\/li>\n<li><a href=\"https:\/\/taccle2.eu\/\">TACCLE2<\/a><\/li>\n<li><a href=\"https:\/\/www.teach-nology.com\/\">teAchnology<\/a><\/li>\n<li><a href=\"https:\/\/webdelmaestrocmf.com\">Web del maestro CMF<\/a><\/li>\n<\/ul>\n<span class=\"last-modified-timestamp\">Feb 14, 2026 @ 8:11 pm<\/span>\n","protected":false},"excerpt":{"rendered":"<p>Una lista de (las) herramientas que me parecen (m\u00e1s) interesantes para un profesor. \u00bfBuscas alguna herramienta similar a una de las listadas? Consulta AlternativeTo, G2, Webcatalog o SaasHub. \u00bfQuieres tener m\u00e1s ideas? Hojea Freetech4teachers, Soft &amp; Apps Een lijstje van tools die me (het meest) interessant lijken voor en leerkracht.<\/p>\n","protected":false},"author":1,"featured_media":0,"parent":0,"menu_order":0,"comment_status":"closed","ping_status":"closed","template":"","meta":{"iawp_total_views":79,"footnotes":"","_wp_rev_ctl_limit":""},"class_list":["post-11702","page","type-page","status-publish","hentry"],"publishpress_future_action":{"enabled":false,"date":"2026-05-04 04:24:55","action":"change-status","newStatus":"draft","terms":[],"taxonomy":"","extraData":[]},"publishpress_future_workflow_manual_trigger":{"enabledWorkflows":[]},"_links":{"self":[{"href":"https:\/\/hlrnet.com\/sites\/alt164\/wp-json\/wp\/v2\/pages\/11702","targetHints":{"allow":["GET"]}}],"collection":[{"href":"https:\/\/hlrnet.com\/sites\/alt164\/wp-json\/wp\/v2\/pages"}],"about":[{"href":"https:\/\/hlrnet.com\/sites\/alt164\/wp-json\/wp\/v2\/types\/page"}],"author":[{"embeddable":true,"href":"https:\/\/hlrnet.com\/sites\/alt164\/wp-json\/wp\/v2\/users\/1"}],"replies":[{"embeddable":true,"href":"https:\/\/hlrnet.com\/sites\/alt164\/wp-json\/wp\/v2\/comments?post=11702"}],"version-history":[{"count":5,"href":"https:\/\/hlrnet.com\/sites\/alt164\/wp-json\/wp\/v2\/pages\/11702\/revisions"}],"predecessor-version":[{"id":23895,"href":"https:\/\/hlrnet.com\/sites\/alt164\/wp-json\/wp\/v2\/pages\/11702\/revisions\/23895"}],"wp:attachment":[{"href":"https:\/\/hlrnet.com\/sites\/alt164\/wp-json\/wp\/v2\/media?parent=11702"}],"curies":[{"name":"wp","href":"https:\/\/api.w.org\/{rel}","templated":true}]}}