{"id":11687,"date":"2018-04-18T15:57:56","date_gmt":"2018-04-18T15:57:56","guid":{"rendered":"http:\/\/hlrnet.com\/sites\/alt164\/?page_id=11687"},"modified":"2026-02-14T20:13:00","modified_gmt":"2026-02-14T20:13:00","slug":"humor","status":"publish","type":"page","link":"https:\/\/hlrnet.com\/sites\/alt164\/humor\/","title":{"rendered":"Humor"},"content":{"rendered":"<p>El humor internet\u00e9s en espa\u00f1ol<\/p>\n<ul>\n<li><a href=\"https:\/\/www.chistesde.es\/\">Chistesde<\/a><\/li>\n<li><a style=\"font-style: italic;\" href=\"https:\/\/www.lasexta.com\/programas\/club-de-la-comedia\/\">El club de la comedia (laSexta)<\/a><\/li>\n<li><a href=\"https:\/\/humcor.snlt.es\/\">Humcor (Corpus Oral Multimodal de Humor en Espa\u00f1ol)<\/a><\/li>\n<li><a href=\"https:\/\/humoreando.wordpress.com\/\">Humoreando<\/a><\/li>\n<li>Humor gr\u00e1fico\n<ul>\n<li><a href=\"https:\/\/cartooncooking.blogspot.com.es\/\">Cartoon cooking<\/a><\/li>\n<li><a href=\"https:\/\/www.instagram.com\/chemamadozphotographer\/?hl=es\">Chema Madoz<\/a><\/li>\n<li><a href=\"https:\/\/elguindilla.com\/\">Elguindilla<\/a><\/li>\n<li><a href=\"https:\/\/www.mongedraws.com\/\">MongeDraws<\/a><\/li>\n<li>y en Facebook donde hay grupos llamados Intelectuales con humor<\/li>\n<\/ul>\n<\/li>\n<li><a href=\"https:\/\/www.youtube.com\/@Jos%C3%A9Motaoficial\">Jos\u00e9 Mota<\/a><\/li>\n<li><a href=\"https:\/\/www.youtube.com\/channel\/UCp538Jzy_VRFHAPBjyLTqJw\">Les Luthiers<\/a><\/li>\n<li><a href=\"http:\/\/www.maschistes.com\/\" target=\"_target\" rel=\"noopener noreferrer\">MasChistes<\/a><\/li>\n<li>Multimedia\n<ul>\n<li><a href=\"https:\/\/los40.com\/programa\/andaya\/\">Anda ya<\/a><\/li>\n<li><a href=\"https:\/\/www.lasexta.com\/programas\/club-de-la-comedia\/\">El Club de la comedia<\/a><\/li>\n<\/ul>\n<\/li>\n<li><a href=\"https:\/\/www.elrellano.com\/\" target=\"_target\" rel=\"noopener noreferrer\">El Rellano<\/a><\/li>\n<li><a href=\"https:\/\/chistes.yavendras.com\/\">Yavendr\u00e1s<\/a><\/li>\n<li>Youtube\n<ul>\n<li>Series<\/li>\n<li><a href=\"https:\/\/www.youtube.com\/channel\/UCcJmo9dEwjkjOneRbmz7qfA\">Hostal Royal Manzanares<\/a><\/li>\n<li>Referencias<\/li>\n<li><a href=\"https:\/\/pabloherreros.com\/mis-10-videos-de-humor-preferidos-de-youtube\/\">Mis 10 v\u00eddeos de humor preferidos de Youtube<\/a> &#8211; Pablo Herreros<\/li>\n<li><a href=\"https:\/\/www.tuenti.ec\/blog\/canales-de-youtube-para-morir-de-risa\">Top 10 de canales de Youtube para morir de risa<\/a>, Blog de Telefon\u00eda, Blog Tuenti | Tuenti Ecuador &#8211; Tuenti<\/li>\n<\/ul>\n<\/li>\n<\/ul>\n<span class=\"last-modified-timestamp\">Feb 14, 2026 @ 8:13 pm<\/span>\n","protected":false},"excerpt":{"rendered":"<p>El humor internet\u00e9s en espa\u00f1ol Chistesde El club de la comedia (laSexta) Humcor (Corpus Oral Multimodal de Humor en Espa\u00f1ol) Humoreando Humor gr\u00e1fico Cartoon cooking Chema Madoz Elguindilla MongeDraws y en Facebook donde hay grupos llamados Intelectuales con humor Jos\u00e9 Mota Les Luthiers MasChistes Multimedia Anda ya El Club de<\/p>\n","protected":false},"author":1,"featured_media":0,"parent":0,"menu_order":0,"comment_status":"closed","ping_status":"closed","template":"","meta":{"iawp_total_views":8,"footnotes":"","_wp_rev_ctl_limit":""},"class_list":["post-11687","page","type-page","status-publish","hentry"],"publishpress_future_action":{"enabled":false,"date":"2026-05-04 01:01:09","action":"change-status","newStatus":"draft","terms":[],"taxonomy":"","extraData":[]},"publishpress_future_workflow_manual_trigger":{"enabledWorkflows":[]},"_links":{"self":[{"href":"https:\/\/hlrnet.com\/sites\/alt164\/wp-json\/wp\/v2\/pages\/11687","targetHints":{"allow":["GET"]}}],"collection":[{"href":"https:\/\/hlrnet.com\/sites\/alt164\/wp-json\/wp\/v2\/pages"}],"about":[{"href":"https:\/\/hlrnet.com\/sites\/alt164\/wp-json\/wp\/v2\/types\/page"}],"author":[{"embeddable":true,"href":"https:\/\/hlrnet.com\/sites\/alt164\/wp-json\/wp\/v2\/users\/1"}],"replies":[{"embeddable":true,"href":"https:\/\/hlrnet.com\/sites\/alt164\/wp-json\/wp\/v2\/comments?post=11687"}],"version-history":[{"count":4,"href":"https:\/\/hlrnet.com\/sites\/alt164\/wp-json\/wp\/v2\/pages\/11687\/revisions"}],"predecessor-version":[{"id":27594,"href":"https:\/\/hlrnet.com\/sites\/alt164\/wp-json\/wp\/v2\/pages\/11687\/revisions\/27594"}],"wp:attachment":[{"href":"https:\/\/hlrnet.com\/sites\/alt164\/wp-json\/wp\/v2\/media?parent=11687"}],"curies":[{"name":"wp","href":"https:\/\/api.w.org\/{rel}","templated":true}]}}