{"id":11681,"date":"2018-04-15T16:16:42","date_gmt":"2018-04-15T16:16:42","guid":{"rendered":"http:\/\/hlrnet.com\/sites\/alt164\/?page_id=11681"},"modified":"2023-04-20T06:24:32","modified_gmt":"2023-04-20T06:24:32","slug":"lecturas-faciles-y-graduadas","status":"publish","type":"page","link":"https:\/\/hlrnet.com\/sites\/alt164\/lecturas-faciles-y-graduadas\/","title":{"rendered":"Lecturas f\u00e1ciles y graduadas"},"content":{"rendered":"<p>\u00bfTienes ganas de leer en espa\u00f1ol? Si no te bastan revistas y peri\u00f3dicos, podr\u00edas ver si encuentras en las listas siguientes un libro que te interesara.<\/p>\n<hr align=\"left\" width=\"100%\" \/>\n<ul>\n<li><a href=\"https:\/\/cvc.cervantes.es\/aula\/lecturas\/\" target=\"_blank\" rel=\"noopener\">Lecturas paso a paso<\/a> (Centro Virtual Cervantes)<\/li>\n<li><a href=\"https:\/\/www.anayaele.es\/\">Anaya ELE<\/a><\/li>\n<li><a href=\"https:\/\/www.difusion.com\">Difusi\u00f3n<\/a>\n<ul>\n<li>Descubre<\/li>\n<li>Hotel Veramar<\/li>\n<li><a href=\"https:\/\/www.lecturasgraduadas.com\/\">Lecturasgraduadas.com<\/a><\/li>\n<li>Lola Lago<\/li>\n<li>Pepa Villa, taxista en Barcelona<\/li>\n<\/ul>\n<\/li>\n<li><a href=\"https:\/\/www.edelsa.es\">Edelsa<\/a>\n<ul>\n<li><i>Grandes t\u00edtulos de la literatura <\/i><\/li>\n<li><em>Grandes personajes de la historia<\/em><\/li>\n<li><em>Para que leas<\/em><\/li>\n<li><em>Un paso por la historia<\/em><\/li>\n<li><em>Aventuras para 3<\/em> (para adolescentes)<\/li>\n<li><em>Colega lee<\/em> (para ni\u00f1os)<\/li>\n<\/ul>\n<\/li>\n<li><a href=\"https:\/\/www.sgel.es\/\" target=\"_blank\" rel=\"noopener\">SGEL<\/a>\n<ul>\n<li>Andar.es<\/li>\n<li>Aprendo espa\u00f1ol con cuentos<\/li>\n<li>Cuentos, cuentos, cuentos<\/li>\n<li>F\u00e1cil lectura<\/li>\n<li>Grandes personajes de la historia<\/li>\n<li>Historias que pasan<\/li>\n<li>Lector.es<\/li>\n<li>Lee y disfruta<\/li>\n<li>Singular.es<\/li>\n<li>Textos en espa\u00f1ol f\u00e1cil<\/li>\n<\/ul>\n<\/li>\n<\/ul>\n<ul>\n<li><a href=\"https:\/\/www.edinumen.es\">Edinumen<\/a>\n<ul>\n<li>Lecturas de espa\u00f1ol con guiones<\/li>\n<li>Lecturas de espa\u00f1ol para j\u00f3venes y adultos<\/li>\n<li>Lecturas de espa\u00f1ol para leer y escuchar<\/li>\n<li>Lecturas de Hispanoam\u00e9rica<\/li>\n<li>Lecturas Gomonila; Lecturas Alejo y su pandilla (para ni\u00f1os)<\/li>\n<li>El placer de leer<\/li>\n<\/ul>\n<\/li>\n<li><a href=\"https:\/\/enclave-ele.net\/\">enClave<\/a>: lecturas graduadas<\/li>\n<li><a href=\"https:\/\/www.santillanaele.com\/\">Santillana ELE<\/a>\n<ul>\n<li>Leer en espa\u00f1ol<\/li>\n<\/ul>\n<\/li>\n<li><a href=\"https:\/\/www.grupo-sm.com\/es\/content\/ele\">SM<\/a><\/li>\n<li>En l\u00ednea\n<ul>\n<li><a href=\"https:\/\/cvc.cervantes.es\/aula\/lecturas\/inicial\/\">CVC: lecturas paso a paso<\/a><\/li>\n<\/ul>\n<\/li>\n<\/ul>\n<span class=\"last-modified-timestamp\">Abr 20, 2023 @ 6:24 am<\/span>\n","protected":false},"excerpt":{"rendered":"<p>\u00bfTienes ganas de leer en espa\u00f1ol? Si no te bastan revistas y peri\u00f3dicos, podr\u00edas ver si encuentras en las listas siguientes un libro que te interesara. Lecturas paso a paso (Centro Virtual Cervantes) Anaya ELE Difusi\u00f3n Descubre Hotel Veramar <a href=\"http:\/\/Lecturasgraduadas.com\" class=\"autohyperlink\">Lecturasgraduadas.com<\/a> Lola Lago Pepa Villa, taxista en Barcelona Edelsa Grandes t\u00edtulos<\/p>\n","protected":false},"author":1,"featured_media":0,"parent":0,"menu_order":0,"comment_status":"closed","ping_status":"closed","template":"","meta":{"iawp_total_views":34,"footnotes":"","_wp_rev_ctl_limit":""},"class_list":["post-11681","page","type-page","status-publish","hentry"],"publishpress_future_action":{"enabled":false,"date":"2026-05-04 06:45:43","action":"change-status","newStatus":"draft","terms":[],"taxonomy":"","extraData":[]},"publishpress_future_workflow_manual_trigger":{"enabledWorkflows":[]},"_links":{"self":[{"href":"https:\/\/hlrnet.com\/sites\/alt164\/wp-json\/wp\/v2\/pages\/11681","targetHints":{"allow":["GET"]}}],"collection":[{"href":"https:\/\/hlrnet.com\/sites\/alt164\/wp-json\/wp\/v2\/pages"}],"about":[{"href":"https:\/\/hlrnet.com\/sites\/alt164\/wp-json\/wp\/v2\/types\/page"}],"author":[{"embeddable":true,"href":"https:\/\/hlrnet.com\/sites\/alt164\/wp-json\/wp\/v2\/users\/1"}],"replies":[{"embeddable":true,"href":"https:\/\/hlrnet.com\/sites\/alt164\/wp-json\/wp\/v2\/comments?post=11681"}],"version-history":[{"count":0,"href":"https:\/\/hlrnet.com\/sites\/alt164\/wp-json\/wp\/v2\/pages\/11681\/revisions"}],"wp:attachment":[{"href":"https:\/\/hlrnet.com\/sites\/alt164\/wp-json\/wp\/v2\/media?parent=11681"}],"curies":[{"name":"wp","href":"https:\/\/api.w.org\/{rel}","templated":true}]}}