{"id":3885,"date":"2021-07-27T10:13:05","date_gmt":"2021-07-27T10:13:05","guid":{"rendered":"https:\/\/hlrnet.com\/sites\/alt128\/?page_id=3885"},"modified":"2026-02-14T15:17:15","modified_gmt":"2026-02-14T15:17:15","slug":"delf-dalf","status":"publish","type":"page","link":"https:\/\/hlrnet.com\/sites\/alt128\/delf-dalf\/","title":{"rendered":"DELF &#8211; DALF"},"content":{"rendered":"<p>Ce que c&rsquo;est<\/p>\n<ul>\n<li><a href=\"https:\/\/www.alliancefr.be\/fr\/obtenir-diplome-francais\/delf-dalf\/\">Alliance fran\u00e7aise: comment obtenir son dipl\u00f4me<\/a><\/li>\n<li><a href=\"http:\/\/www.delfdalf.fr\/\">DELF-DALF.fr<\/a><\/li>\n<li><a href=\"https:\/\/www.france-education-international.fr\/hub\/diplomes-tests?langue=fr\">France-\u00e9ducation<\/a><\/li>\n<\/ul>\n<p>Paser les examens<\/p>\n<ul>\n<li><a href=\"https:\/\/www.alliancefr.be\/fr\/obtenir-diplome-francais\/delf-dalf\/delf-tout-public-dalf\/\">Alliance fran\u00e7aise<\/a><\/li>\n<li><a href=\"https:\/\/www.alliancefr.be\/fr\/obtenir-diplome-francais\/delf-dalf\/\">Alliance fran\u00e7aise en Belgique<\/a><\/li>\n<li><a href=\"https:\/\/www.delf-dalf.es\/\">Centros de ex\u00e1menes en Espa\u00f1a<\/a><\/li>\n<li><a href=\"https:\/\/www.institutfrancais.es\/aprender-frances\/examenes-oficiales\/examenes-delf-dalf\/\">Institut fran\u00e7ais Espagne<\/a><\/li>\n<\/ul>\n<p>Se pr\u00e9parer: cours en ligne<\/p>\n<ul>\n<li><a href=\"https:\/\/www.esl.be\/fr\/sejours-linguistiques\/cours-de-francais-en-ligne\">ESL<\/a><\/li>\n<li><a href=\"https:\/\/www.frenchinnormandy.com\/fr\/cours-francais\/delf-en-ligne\/\">French in Normandy<\/a><\/li>\n<\/ul>\n<p>Se pr\u00e9parer: autres cours<\/p>\n<ul>\n<li><a href=\"https:\/\/www.accentfrancais.com\/\">Accent fran\u00e7ais Montpellier<\/a><\/li>\n<li><a href=\"https:\/\/www.alliance-bordeaux.org\/formation\/preparation-delf-dalf\/\">Alliance fran\u00e7aise Bordeaux<\/a><\/li>\n<li><a href=\"https:\/\/www.islv.uliege.be\/cms\/c_10759044\/fr\/islv-delf\/dalf\">ISLV Li\u00e8ge<\/a><\/li>\n<li><a href=\"https:\/\/live-french.net\/fr\/delf-dalf-examens-francais-fle\/\">Live-French<\/a><\/li>\n<li><a href=\"https:\/\/preply.com\/\">Preply<\/a>: cours priv\u00e9s<\/li>\n<\/ul>\n<p>Se pr\u00e9parer: tests<\/p>\n<ul>\n<li><a href=\"https:\/\/cursus.edu\/formations\/35413\/testez-gratuitement-votre-niveau-de-francais-pour-le-delf-dalf-dilf-tef-tcf-dfp\">Cursus.edu<\/a><\/li>\n<li><a href=\"https:\/\/global-exam.com\/fr\/exam\/delf\">GlobalExam: DELF<\/a><\/li>\n<li><a href=\"https:\/\/www.lepointdufle.net\/p\/francais-evaluation.htm\">Le Point du FLE<\/a><\/li>\n<\/ul>\n<p>Se pr\u00e9parer: tuyaux et sujets<\/p>\n<ul>\n<li><a href=\"https:\/\/lecafedufle.fr\/liens-utiles-delf-dalf-preparation\/\">Le caf\u00e9 du FLE<\/a><\/li>\n<li><a href=\"https:\/\/www.naturellementfrancais.com\/fr\/apprendre-francais\/cours-de-francais\/ressources-delf-dalf\/\">Naturellement fran\u00e7ais: ressources pour pr\u00e9parer le DELF\/DALF<\/a><\/li>\n<\/ul>\n","protected":false},"excerpt":{"rendered":"<p>Ce que c&rsquo;est Alliance fran\u00e7aise: comment obtenir son dipl\u00f4me DELF-DALF.fr France-\u00e9ducation Paser les examens Alliance fran\u00e7aise Alliance fran\u00e7aise en Belgique Centros de ex\u00e1menes en Espa\u00f1a Institut fran\u00e7ais Espagne Se pr\u00e9parer: cours en ligne ESL French in Normandy Se pr\u00e9parer: autres cours Accent fran\u00e7ais Montpellier Alliance fran\u00e7aise Bordeaux ISLV Li\u00e8ge Live-French<\/p>\n","protected":false},"author":1,"featured_media":0,"parent":0,"menu_order":0,"comment_status":"closed","ping_status":"closed","template":"","meta":{"footnotes":"","_wp_rev_ctl_limit":""},"class_list":["post-3885","page","type-page","status-publish","hentry"],"publishpress_future_action":{"enabled":false,"date":"2026-05-03 06:33:10","action":"change-status","newStatus":"draft","terms":[],"taxonomy":"","extraData":[]},"publishpress_future_workflow_manual_trigger":{"enabledWorkflows":[]},"_links":{"self":[{"href":"https:\/\/hlrnet.com\/sites\/alt128\/wp-json\/wp\/v2\/pages\/3885","targetHints":{"allow":["GET"]}}],"collection":[{"href":"https:\/\/hlrnet.com\/sites\/alt128\/wp-json\/wp\/v2\/pages"}],"about":[{"href":"https:\/\/hlrnet.com\/sites\/alt128\/wp-json\/wp\/v2\/types\/page"}],"author":[{"embeddable":true,"href":"https:\/\/hlrnet.com\/sites\/alt128\/wp-json\/wp\/v2\/users\/1"}],"replies":[{"embeddable":true,"href":"https:\/\/hlrnet.com\/sites\/alt128\/wp-json\/wp\/v2\/comments?post=3885"}],"version-history":[{"count":16,"href":"https:\/\/hlrnet.com\/sites\/alt128\/wp-json\/wp\/v2\/pages\/3885\/revisions"}],"predecessor-version":[{"id":6713,"href":"https:\/\/hlrnet.com\/sites\/alt128\/wp-json\/wp\/v2\/pages\/3885\/revisions\/6713"}],"wp:attachment":[{"href":"https:\/\/hlrnet.com\/sites\/alt128\/wp-json\/wp\/v2\/media?parent=3885"}],"curies":[{"name":"wp","href":"https:\/\/api.w.org\/{rel}","templated":true}]}}