{"id":3268,"date":"2019-08-21T14:00:03","date_gmt":"2019-08-21T14:00:03","guid":{"rendered":"https:\/\/hlrnet.com\/sites\/alt128\/?page_id=3268"},"modified":"2025-12-24T16:47:25","modified_gmt":"2025-12-24T16:47:25","slug":"societe","status":"publish","type":"page","link":"https:\/\/hlrnet.com\/sites\/alt128\/societe\/","title":{"rendered":"La soci\u00e9t\u00e9"},"content":{"rendered":"<p>Sources d&rsquo;informations<\/p>\n<ul>\n<li><a href=\"https:\/\/www.fdss.be\/fr\/\">F\u00e9d\u00e9ration des services sociaux<\/a><\/li>\n<li><a href=\"https:\/\/pro.guidesocial.be\/\">Le guide social<\/a><\/li>\n<li><a href=\"http:\/\/statbel.fgov.be\/fr\/\">Statbel: la Belgique en chiffres<\/a><\/li>\n<li><a href=\"https:\/\/ec.europa.eu\/eurostat\/home\">Eurostat \/ statistiques europ\u00e9ennes<\/a>: population et conditions sociales\n<ul>\n<li><a title=\"Sant\u00e9\" href=\"https:\/\/ec.europa.eu\/eurostat\/web\/health\/overview\">Sant\u00e9<\/a><\/li>\n<li><a title=\"Education et formation\" href=\"https:\/\/ec.europa.eu\/eurostat\/web\/education-and-training\/overview\">Education et formation<\/a><\/li>\n<li><a title=\"March\u00e9 du travail (y compris Enqu\u00eate sur les forces de travail)\" href=\"https:\/\/ec.europa.eu\/eurostat\/web\/labour-market\/overview\">March\u00e9 du travail (y compris Enqu\u00eate sur les forces de travail (LFS\/EFT))<\/a><\/li>\n<li><a title=\"Revenu, l'inclusion sociale et les conditions de vie\" href=\"https:\/\/ec.europa.eu\/eurostat\/web\/income-and-living-conditions\/overview\">Revenu, inclusion sociale et condition de vie<\/a><\/li>\n<li><a title=\"Protection sociale\" href=\"https:\/\/ec.europa.eu\/eurostat\/web\/social-protection\/overview\">Protection sociale<\/a><\/li>\n<li><a title=\"Enqu\u00eates sur le budget des m\u00e9nages\" href=\"https:\/\/ec.europa.eu\/eurostat\/web\/household-budget-surveys\/overview\">Enqu\u00eates sur le budget des m\u00e9nages<\/a><\/li>\n<li><a title=\"Culture\" href=\"https:\/\/ec.europa.eu\/eurostat\/web\/culture\/overview\">Culture<\/a><\/li>\n<li><a title=\"Sport\" href=\"https:\/\/ec.europa.eu\/eurostat\/web\/sport\/overview\">Sport<\/a><\/li>\n<li><a title=\"Criminalit\u00e9 et la justice p\u00e9nale\" href=\"https:\/\/ec.europa.eu\/eurostat\/web\/crime\/overview\">Criminalit\u00e9 et la justice p\u00e9nale<\/a><\/li>\n<li><a title=\"Statistiques li\u00e9es aux comp\u00e9tences\" href=\"https:\/\/ec.europa.eu\/eurostat\/web\/skills\">Statistiques li\u00e9es aux comp\u00e9tences<\/a><\/li>\n<li><a href=\"http:\/\/metiers.siep.be\/metier\/assistant-social\/\">Fiche m\u00e9tier (SIEP)<\/a><\/li>\n<\/ul>\n<\/li>\n<\/ul>\n<p>Actualit\u00e9<\/p>\n<ul>\n<li><a href=\"https:\/\/www.lesoir.be\/9\/sections\/belgique\">Le Soir<\/a><\/li>\n<li><a href=\"https:\/\/www.levif.be\/actualite\/belgique\/\">Le Vif<\/a><\/li>\n<li><a href=\"https:\/\/fr.metrotime.be\/\">M\u00e9tro<\/a><\/li>\n<\/ul>\n<p><span style=\"display: inline !important; float: none; background-color: transparent; color: #303030; cursor: text; font-family: 'Gudea',Tahoma,Arial; font-size: 16.93px; font-style: normal; font-variant: normal; font-weight: 400; letter-spacing: normal; orphans: 2; text-align: left; text-decoration: none; text-indent: 0px; text-transform: none; -webkit-text-stroke-width: 0px; white-space: normal; word-spacing: 0px;\">Institutions<\/span><\/p>\n<ul>\n<li><a href=\"https:\/\/www.belgium.be\/fr\/famille\/aide_sociale\">Belgium.be: aide sociale<\/a><\/li>\n<li><a href=\"https:\/\/www.leforem.be\/\">Le Forem<\/a><\/li>\n<\/ul>\n<p>Th\u00e8mes trait\u00e9s autre part<\/p>\n<ul>\n<li><a href=\"https:\/\/hlrnet.com\/sites\/alt128\/la-culture\/\">La culture<\/a><\/li>\n<li><a href=\"https:\/\/hlrnet.com\/sites\/alt128\/leconomie\/\">L&rsquo;\u00e9conomie<\/a><\/li>\n<li><a href=\"https:\/\/hlrnet.com\/sites\/alt128\/lemploi\/\">L&#8217;emploi<\/a><\/li>\n<li><a href=\"https:\/\/hlrnet.com\/sites\/alt128\/politique\/\">La politique<\/a><\/li>\n<li><a href=\"https:\/\/hlrnet.com\/sites\/alt128\/la-sante\/\">La sant\u00e9<\/a><\/li>\n<li><a href=\"https:\/\/hlrnet.com\/sites\/alt128\/services-officiels\/\">Services officiels<\/a><\/li>\n<\/ul>\n<span class=\"last-modified-timestamp\">D\u00e9c 24, 2025 @ 4:47 pm<\/span>\n<p>&nbsp;<\/p>\n","protected":false},"excerpt":{"rendered":"<p>Sources d&rsquo;informations F\u00e9d\u00e9ration des services sociaux Le guide social Statbel: la Belgique en chiffres Eurostat \/ statistiques europ\u00e9ennes: population et conditions sociales Sant\u00e9 Education et formation March\u00e9 du travail (y compris Enqu\u00eate sur les forces de travail (LFS\/EFT)) Revenu, inclusion sociale et condition de vie Protection sociale Enqu\u00eates sur le<\/p>\n","protected":false},"author":1,"featured_media":0,"parent":0,"menu_order":0,"comment_status":"closed","ping_status":"closed","template":"","meta":{"footnotes":"","_wp_rev_ctl_limit":""},"class_list":["post-3268","page","type-page","status-publish","hentry"],"publishpress_future_action":{"enabled":false,"date":"2026-05-01 12:33:11","action":"change-status","newStatus":"draft","terms":[],"taxonomy":"","extraData":[]},"publishpress_future_workflow_manual_trigger":{"enabledWorkflows":[]},"_links":{"self":[{"href":"https:\/\/hlrnet.com\/sites\/alt128\/wp-json\/wp\/v2\/pages\/3268","targetHints":{"allow":["GET"]}}],"collection":[{"href":"https:\/\/hlrnet.com\/sites\/alt128\/wp-json\/wp\/v2\/pages"}],"about":[{"href":"https:\/\/hlrnet.com\/sites\/alt128\/wp-json\/wp\/v2\/types\/page"}],"author":[{"embeddable":true,"href":"https:\/\/hlrnet.com\/sites\/alt128\/wp-json\/wp\/v2\/users\/1"}],"replies":[{"embeddable":true,"href":"https:\/\/hlrnet.com\/sites\/alt128\/wp-json\/wp\/v2\/comments?post=3268"}],"version-history":[{"count":34,"href":"https:\/\/hlrnet.com\/sites\/alt128\/wp-json\/wp\/v2\/pages\/3268\/revisions"}],"predecessor-version":[{"id":6669,"href":"https:\/\/hlrnet.com\/sites\/alt128\/wp-json\/wp\/v2\/pages\/3268\/revisions\/6669"}],"wp:attachment":[{"href":"https:\/\/hlrnet.com\/sites\/alt128\/wp-json\/wp\/v2\/media?parent=3268"}],"curies":[{"name":"wp","href":"https:\/\/api.w.org\/{rel}","templated":true}]}}