{"id":2664,"date":"2018-04-25T13:33:22","date_gmt":"2018-04-25T13:33:22","guid":{"rendered":"http:\/\/hlrnet.com\/sites\/alt128\/?page_id=2664"},"modified":"2025-12-24T16:48:08","modified_gmt":"2025-12-24T16:48:08","slug":"lenseignement-et-les-connaissances","status":"publish","type":"page","link":"https:\/\/hlrnet.com\/sites\/alt128\/lenseignement-et-les-connaissances\/","title":{"rendered":"L&rsquo;enseignement et les connaissances"},"content":{"rendered":"<ul>\n<li><a href=\"https:\/\/www.aide-en-philo.com\/\">Aide-en-philo<\/a><\/li>\n<li><a href=\"http:\/\/aujourdhui.com\/\" target=\"_blank\" rel=\"noopener noreferrer\">Ajourdhui.com<\/a>: la bonne humeur au quotidien<\/li>\n<li><a href=\"http:\/\/www.auf.org\/\" target=\"_blank\" rel=\"noopener noreferrer\">AUF &#8211; Agence Universitaire de la Francophonie<\/a><\/li>\n<li><a href=\"http:\/\/www.bacfrancais.com\/\">Le bac fran\u00e7ais<\/a><\/li>\n<li><a href=\"http:\/\/www.cafepedagogique.net\/\" target=\"_blank\" rel=\"noopener noreferrer\">Le Caf\u00e9 P\u00e9dagogique<\/a><\/li>\n<li><a href=\"https:\/\/www.cnews.fr\/\">CNEWS<\/a>: Agence fran\u00e7aise pour la promotion de l&rsquo;enseignement sup\u00e9rieur, l&rsquo;accueil et la mobilit\u00e9 internationale<\/li>\n<li><a href=\"http:\/\/www.canalweb.net\/\" target=\"_blank\" rel=\"noopener noreferrer\">Canalweb<\/a> (T\u00e9l\u00e9savoirs)<\/li>\n<li><a href=\"https:\/\/www.cap-concours.fr\/\">CAP Concours<\/a><\/li>\n<li><a href=\"http:\/\/www.cartables.net\/\" target=\"_blank\" rel=\"noopener noreferrer\">Cartables.Net<\/a><\/li>\n<li><a href=\"http:\/\/www.cediep.be\/\">CEDIEP &#8211; Centre de Documentation et d&rsquo;Information sur les Etudes et les Professions<\/a><\/li>\n<li><a href=\"http:\/\/www.cjoint.com\/\" target=\"_blank\" rel=\"noopener noreferrer\">Cjoint<\/a>: attacher des documents sans n\u00e9cessit\u00e9 de les envoyer (notamment pour les newsgroups)<\/li>\n<li><a href=\"http:\/\/www.commentcamarche.net\/\" target=\"_blank\" rel=\"noopener noreferrer\">Comment \u00e7a marche?<\/a>: site de vulgarisation de l&rsquo;informatique<\/li>\n<li><a href=\"http:\/\/clicnet.swarthmore.edu\/\" target=\"_blank\" rel=\"noopener noreferrer\">ClicNet<\/a><\/li>\n<li><a href=\"http:\/\/www.cned.fr\/\" target=\"_blank\" rel=\"noopener noreferrer\">CNED<\/a> &#8211; Centre national d&rsquo;enseignement \u00e0 distance<\/li>\n<li><a href=\"http:\/\/www.verbix.com\/languages\/french.shtml\" target=\"_blank\" rel=\"noopener noreferrer\">Conjugue French<\/a><\/li>\n<li><a href=\"https:\/\/www.bac-es.net\/\">digischool<\/a><\/li>\n<li><a href=\"http:\/\/www.dorifor.be\/\">Dorifor<\/a>: Bruxelles formation<\/li>\n<li><a href=\"http:\/\/www.douzquinz.be\/\">DouzQuinz<\/a>: pour et sur les ados<\/li>\n<li><a href=\"https:\/\/www.echosciences-grenoble.fr\/\">Echosciences<\/a><\/li>\n<li><a href=\"http:\/\/www.educatout.com\/\">Educatout<\/a><\/li>\n<li><a href=\"http:\/\/www.educnet.education.fr\/\" target=\"_blank\" rel=\"noopener noreferrer\">EducNet<\/a>: site des technologies d&rsquo;information et de communication pour l&rsquo;enseignement<\/li>\n<li><a href=\"http:\/\/www.enseignement.be\/\">Enseignement de la Communaut\u00e9 fran\u00e7aise<\/a><\/li>\n<li><a href=\"http:\/\/www.enseignons.be\/\">Enseignons.be<\/a>: partager pour mieux enseigner<\/li>\n<li><a href=\"http:\/\/www.erudit.org\/\">Erudit<\/a>: promouvoir et diffuser la recherche universitaire<\/li>\n<li><a href=\"http:\/\/www.fondation-lamap.org\/\">Fondation La main \u00e0 la p\u00e2te<\/a>: \u00e9ducation \u00e0 la science<\/li>\n<li><a href=\"http:\/\/www.france-examen.com\/\" target=\"_blank\" rel=\"noopener noreferrer\">France-Examen<\/a>: sujets de bac \/ brevet, examens blancs, corrig\u00e9s<\/li>\n<li><a href=\"http:\/\/www.hypothese.be\/\">Hypoth\u00e8se<\/a>: susciter chez l&rsquo;enfant una approche harmonieuse des sciences<\/li>\n<li><a href=\"http:\/\/www.ifc.cfwb.be\/\">IFC: Institut de la Formation en cours de carri\u00e8re<\/a><\/li>\n<li><a href=\"http:\/\/iate.europa.eu\/\">Interactive Terminology for Europe<\/a><\/li>\n<li><a href=\"https:\/\/www.ined.fr\/\">INED: Institut National d&rsquo;Etudes D\u00e9mographiques<\/a><\/li>\n<li><a href=\"http:\/\/www.insee.fr\/\" target=\"_blank\" rel=\"noopener noreferrer\">INSEE<\/a><\/li>\n<li><a href=\"http:\/\/www.jsb.be\/\">Jeunesses scientifiques de Belgique<\/a><\/li>\n<li><a href=\"http:\/\/www.juriscom.net\/\" target=\"_blank\" rel=\"noopener noreferrer\">Juriscom: droit des technologies de l&rsquo;information<\/a><\/li>\n<li><a href=\"http:\/\/www.kartable.fr\/\">Kartable<\/a><\/li>\n<li><a href=\"https:\/\/www.kiosque-edu.com\/\">Le Kiosque num\u00e9rique de l&rsquo;\u00e9ducation<\/a><\/li>\n<li><a href=\"http:\/\/ligue-enseignement.be\/\">La ligue<\/a>: La Ligue de l\u2019Enseignement et de l\u2019Education permanente<\/li>\n<li><a href=\"http:\/\/www.langueauchat.com\/\" target=\"_blank\" rel=\"noopener noreferrer\">Langue au chat<\/a><\/li>\n<li><a href=\"http:\/\/www.lelivrescolaire.fr\/\">Le livre scolaire<\/a>: manuels scolaires collaboratifs et innovants<\/li>\n<li><a href=\"http:\/\/www.letudiant.fr\/\">L\u00e9tudiant<\/a><\/li>\n<li><a href=\"http:\/\/www.logicieleducatif.fr\/\">Logiciel\u00e9ducatif<\/a>: jeux \u00e9ducatifs en ligne<\/li>\n<li><a href=\"http:\/\/www.maxicours.com\/\">Maxicours<\/a>: soutien scolaire en ligne<\/li>\n<li><a href=\"http:\/\/www.memoireonline.com\/\">M\u00e9moire Online<\/a><\/li>\n<li><a href=\"http:\/\/mieux-apprendre.com\/\">Mieux-Apprendre<\/a><\/li>\n<li><a href=\"https:\/\/www.pourlascience.fr\/\">Pour la science<\/a><\/li>\n<li><a href=\"http:\/\/www.oboulo.com\/\">Oboulo<\/a>: expos\u00e9, dissertation, &#8230;<\/li>\n<li>La <a href=\"https:\/\/www.france.fr\">Maison de la France<\/a> propose les r\u00e9gions fran\u00e7aises.<\/li>\n<li><a href=\"https:\/\/www.oriane.info\/\">Oriane<\/a>: orientation &#8211; formation emploi (Ile de France)<\/li>\n<li>Recherche\n<ul>\n<li><a href=\"http:\/\/www.frs-fnrs.be\/\">FNRS<\/a><\/li>\n<li><a href=\"http:\/\/www.revues.org\/\">Revues.org<\/a><\/li>\n<\/ul>\n<\/li>\n<li>Revues\n<ul>\n<li><a href=\"http:\/\/www.larecherche.fr\/\">La Recherche<\/a><\/li>\n<li><a href=\"https:\/\/www.pourlascience.fr\/\">Pour la science<\/a><\/li>\n<li><a href=\"https:\/\/www.science-et-vie.com\/\">Science et vie<\/a><\/li>\n<li><a href=\"https:\/\/www.sciencesetavenir.fr\/\">Sciences et avenir<\/a><\/li>\n<li><a href=\"http:\/\/www.scienceshumaines.com\/\">Sciences humaines<\/a><\/li>\n<li><a href=\"https:\/\/journals.openedition.org\/traces\/\">Trac\u00e9s: revue de sciences humaines<\/a><\/li>\n<\/ul>\n<\/li>\n<li><a href=\"http:\/\/search.yahoo.com\/search?p=learning+french\" target=\"_blank\" rel=\"noopener noreferrer\">Yahoo: learning French<\/a> &#8211; pour en savoir plus<\/li>\n<li><a href=\"http:\/\/www.technofuturtic.be\/\" target=\"_blank\" rel=\"noopener noreferrer\">Technofutur TIC<\/a>: actualit\u00e9s, formations, t\u00e9l\u00e9formations<\/li>\n<li><a href=\"http:\/\/theses.fr\/\">Theses.fr<\/a><\/li>\n<li><a href=\"https:\/\/www.universalis.fr\/\">Universalis<\/a><\/li>\n<li><a href=\"http:\/\/www.wfi.fr\/\" target=\"_blank\" rel=\"noopener noreferrer\">WebFrance International<\/a>.<\/li>\n<li><a href=\"http:\/\/www.weblettres.net\/\" target=\"_blank\" rel=\"noopener noreferrer\">Weblettres: le portail web de l&rsquo;enseignement des lettres<\/a><\/li>\n<li><a href=\"http:\/\/fr.wikipedia.org\/\" target=\"_blank\" rel=\"noopener noreferrer\">Wikipedia<\/a>: encyclop\u00e9die collaborative<\/li>\n<\/ul>\n<span class=\"last-modified-timestamp\">D\u00e9c 24, 2025 @ 4:48 pm<\/span>\n","protected":false},"excerpt":{"rendered":"<p>Aide-en-philo <a href=\"http:\/\/Ajourdhui.com\" class=\"autohyperlink\">Ajourdhui.com<\/a>: la bonne humeur au quotidien AUF &#8211; Agence Universitaire de la Francophonie Le bac fran\u00e7ais Le Caf\u00e9 P\u00e9dagogique CNEWS: Agence fran\u00e7aise pour la promotion de l&rsquo;enseignement sup\u00e9rieur, l&rsquo;accueil et la mobilit\u00e9 internationale Canalweb (T\u00e9l\u00e9savoirs) CAP Concours <a href=\"http:\/\/Cartables.Net\" class=\"autohyperlink\">Cartables.Net<\/a> CEDIEP &#8211; Centre de Documentation et d&rsquo;Information sur les Etudes et<\/p>\n","protected":false},"author":1,"featured_media":0,"parent":0,"menu_order":0,"comment_status":"closed","ping_status":"closed","template":"","meta":{"footnotes":"","_wp_rev_ctl_limit":""},"class_list":["post-2664","page","type-page","status-publish","hentry"],"publishpress_future_action":{"enabled":false,"date":"2026-05-01 10:57:26","action":"change-status","newStatus":"draft","terms":[],"taxonomy":"","extraData":[]},"publishpress_future_workflow_manual_trigger":{"enabledWorkflows":[]},"_links":{"self":[{"href":"https:\/\/hlrnet.com\/sites\/alt128\/wp-json\/wp\/v2\/pages\/2664","targetHints":{"allow":["GET"]}}],"collection":[{"href":"https:\/\/hlrnet.com\/sites\/alt128\/wp-json\/wp\/v2\/pages"}],"about":[{"href":"https:\/\/hlrnet.com\/sites\/alt128\/wp-json\/wp\/v2\/types\/page"}],"author":[{"embeddable":true,"href":"https:\/\/hlrnet.com\/sites\/alt128\/wp-json\/wp\/v2\/users\/1"}],"replies":[{"embeddable":true,"href":"https:\/\/hlrnet.com\/sites\/alt128\/wp-json\/wp\/v2\/comments?post=2664"}],"version-history":[{"count":67,"href":"https:\/\/hlrnet.com\/sites\/alt128\/wp-json\/wp\/v2\/pages\/2664\/revisions"}],"predecessor-version":[{"id":6671,"href":"https:\/\/hlrnet.com\/sites\/alt128\/wp-json\/wp\/v2\/pages\/2664\/revisions\/6671"}],"wp:attachment":[{"href":"https:\/\/hlrnet.com\/sites\/alt128\/wp-json\/wp\/v2\/media?parent=2664"}],"curies":[{"name":"wp","href":"https:\/\/api.w.org\/{rel}","templated":true}]}}