{"id":2662,"date":"2018-04-25T13:32:58","date_gmt":"2018-04-25T13:32:58","guid":{"rendered":"http:\/\/hlrnet.com\/sites\/alt128\/?page_id=2662"},"modified":"2025-04-28T19:04:49","modified_gmt":"2025-04-28T19:04:49","slug":"leconomie","status":"publish","type":"page","link":"https:\/\/hlrnet.com\/sites\/alt128\/leconomie\/","title":{"rendered":"L&rsquo;\u00e9conomie"},"content":{"rendered":"<ul>\n<li>Informations et actualit\u00e9s\n<ul>\n<li><a href=\"https:\/\/www.7sur7.be\/economie\">7sur7<\/a><\/li>\n<li><a href=\"http:\/\/www.agoravox.fr\/actualites\/economie\/\">Agoravox<\/a><\/li>\n<li><a href=\"http:\/\/www.lalibre.be\/section\/3\/economie.html\">Lalibre.be \u00e9conomie<\/a><\/li>\n<li><a href=\"http:\/\/www.monde-diplomatique.fr\/index\/sujet\/economie\">Le Monde diplomatique: \u00e9conomie<\/a><\/li>\n<li><a href=\"http:\/\/www.lemonde.fr\/economie\/\">Le Monde \u00e9conomie<\/a><\/li>\n<li><a href=\"http:\/\/lci.tf1.fr\/economie\/\">TF1<\/a><\/li>\n<\/ul>\n<\/li>\n<li>Instances officielles\n<ul>\n<li>BE\n<ul>\n<li><a href=\"http:\/\/www.ccecrb.fgov.be\/\">Conseil central de l&rsquo;\u00e9conomie<\/a><\/li>\n<li><a href=\"http:\/\/www.statbel.fgov.be\/\">Institut\u00a0national de la statistique<\/a><\/li>\n<li><a href=\"http:\/\/economie.fgov.be\/\">Minist\u00e8re de l&rsquo;\u00e9conomie<\/a><\/li>\n<li><a href=\"http:\/\/economie.wallonie.be\/\">Minist\u00e8re de la r\u00e9gion wallonne: \u00e9conomie<\/a><\/li>\n<\/ul>\n<\/li>\n<li>FR\n<ul>\n<li><a href=\"http:\/\/www.economie.gouv.fr\/\">Minist\u00e8re de l&rsquo;\u00c9conomie et des Finances<\/a><\/li>\n<\/ul>\n<\/li>\n<\/ul>\n<\/li>\n<li>Centres de recherche\n<ul>\n<li><a href=\"http:\/\/www.bibeco.ulb.ac.be\/\">La Biblioth\u00e8que \u00e9lectronique \u00e9conomique de l&rsquo;Universit\u00e9 libre de Bruxelles (ULB)<\/a><\/li>\n<\/ul>\n<\/li>\n<li>Revues\n<ul>\n<li><a href=\"http:\/\/www.cairn.info\/revue-l-economie-politique.htm\">L&rsquo;\u00e9conomie politique<\/a><\/li>\n<li><a href=\"http:\/\/economiepublique.revues.org\/\">Revue de l&rsquo;institut d&rsquo;\u00e9conomie publique<\/a><\/li>\n<\/ul>\n<\/li>\n<li>Comptabilit\u00e9\n<ul>\n<li><a href=\"http:\/\/www.actuel-expert-comptable.fr\/\">Actuel Expert Comptable<\/a><\/li>\n<\/ul>\n<\/li>\n<li>Fiscalit\u00e9\n<ul>\n<li><a href=\"http:\/\/www.etudes-fiscales-internationales.com\/\">Etudes fiscales internationales<\/a><\/li>\n<li><a href=\"http:\/\/revuefiduciaire.grouperf.com\/\">Revue Fiduciaire<\/a><\/li>\n<\/ul>\n<\/li>\n<li>Marketing\n<ul>\n<li><a href=\"http:\/\/www.e-marketing.fr\/\">E-marketing<\/a><\/li>\n<li><a href=\"https:\/\/www.emarketinglicious.fr\/\">Emarketinglicious<\/a><\/li>\n<li><a href=\"http:\/\/editions-marketing.com\/\">Editions Marketing<\/a><\/li>\n<\/ul>\n<\/li>\n<li>Sites g\u00e9n\u00e9raux\n<ul>\n<li><a href=\"http:\/\/www.lesaffaires.com\/\">Les affaires.Com<\/a><\/li>\n<li><a href=\"http:\/\/www.economie-positive.be\/\">Economie positive<\/a><\/li>\n<li><a href=\"https:\/\/www.techniques-ingenieur.fr\/\">Techniques de l&rsquo;ing\u00e9nieur<\/a>: \u00e9diteur<\/li>\n<li class=\"auto-style1\"><a href=\"https:\/\/www.usinenouvelle.com\/\">L&rsquo;usine nouvelle<\/a><\/li>\n<\/ul>\n<\/li>\n<\/ul>\n<span class=\"last-modified-timestamp\">Avr 28, 2025 @ 7:04 pm<\/span>\n<div id=\"simple-translate\" class=\"simple-translate-system-theme\">\n<div>\n<div class=\"simple-translate-button isShow\" style=\"background-image: url('moz-extension:\/\/37e44441-594c-4b50-b456-e2df16779982\/icons\/512.png'); height: 22px; width: 22px; top: 579px; left: 110px;\"><\/div>\n<div class=\"simple-translate-panel \" style=\"width: 300px; height: 200px; top: 0px; left: 0px; font-size: 13px;\">\n<div class=\"simple-translate-result-wrapper\" style=\"overflow: hidden;\">\n<div class=\"simple-translate-move\" draggable=\"true\"><\/div>\n<div class=\"simple-translate-result-contents\">\n<p class=\"simple-translate-result\" dir=\"auto\">\n<p class=\"simple-translate-candidate\" dir=\"auto\">\n<\/div>\n<\/div>\n<\/div>\n<\/div>\n<\/div>\n","protected":false},"excerpt":{"rendered":"<p>Informations et actualit\u00e9s 7sur7 Agoravox Lalibre.be \u00e9conomie Le Monde diplomatique: \u00e9conomie Le Monde \u00e9conomie TF1 Instances officielles BE Conseil central de l&rsquo;\u00e9conomie Institut\u00a0national de la statistique Minist\u00e8re de l&rsquo;\u00e9conomie Minist\u00e8re de la r\u00e9gion wallonne: \u00e9conomie FR Minist\u00e8re de l&rsquo;\u00c9conomie et des Finances Centres de recherche La Biblioth\u00e8que \u00e9lectronique \u00e9conomique de<\/p>\n","protected":false},"author":1,"featured_media":0,"parent":0,"menu_order":0,"comment_status":"closed","ping_status":"closed","template":"","meta":{"footnotes":"","_wp_rev_ctl_limit":""},"class_list":["post-2662","page","type-page","status-publish","hentry"],"publishpress_future_action":{"enabled":false,"date":"2026-05-01 01:59:18","action":"change-status","newStatus":"draft","terms":[],"taxonomy":"","extraData":[]},"publishpress_future_workflow_manual_trigger":{"enabledWorkflows":[]},"_links":{"self":[{"href":"https:\/\/hlrnet.com\/sites\/alt128\/wp-json\/wp\/v2\/pages\/2662","targetHints":{"allow":["GET"]}}],"collection":[{"href":"https:\/\/hlrnet.com\/sites\/alt128\/wp-json\/wp\/v2\/pages"}],"about":[{"href":"https:\/\/hlrnet.com\/sites\/alt128\/wp-json\/wp\/v2\/types\/page"}],"author":[{"embeddable":true,"href":"https:\/\/hlrnet.com\/sites\/alt128\/wp-json\/wp\/v2\/users\/1"}],"replies":[{"embeddable":true,"href":"https:\/\/hlrnet.com\/sites\/alt128\/wp-json\/wp\/v2\/comments?post=2662"}],"version-history":[{"count":28,"href":"https:\/\/hlrnet.com\/sites\/alt128\/wp-json\/wp\/v2\/pages\/2662\/revisions"}],"predecessor-version":[{"id":6449,"href":"https:\/\/hlrnet.com\/sites\/alt128\/wp-json\/wp\/v2\/pages\/2662\/revisions\/6449"}],"wp:attachment":[{"href":"https:\/\/hlrnet.com\/sites\/alt128\/wp-json\/wp\/v2\/media?parent=2662"}],"curies":[{"name":"wp","href":"https:\/\/api.w.org\/{rel}","templated":true}]}}