{"id":2658,"date":"2018-04-25T13:31:16","date_gmt":"2018-04-25T13:31:16","guid":{"rendered":"http:\/\/hlrnet.com\/sites\/alt128\/?page_id=2658"},"modified":"2022-06-06T07:02:30","modified_gmt":"2022-06-06T07:02:30","slug":"didacticiels","status":"publish","type":"page","link":"https:\/\/hlrnet.com\/sites\/alt128\/didacticiels\/","title":{"rendered":"Didacticiels"},"content":{"rendered":"<ul>\n<li><a href=\"http:\/\/www.antidote.info\/\">Antidote<\/a>: programme de correction et dictionnaires<\/li>\n<li><a href=\"http:\/\/www.commart.be\/\">Comm&rsquo;Art<\/a>: PluriLingua, Gr@mVoc, Derni\u00e8re Touche<\/li>\n<li>Cordial: correcteur typographique, orthographique et grammatical\u00a0du fran\u00e7ais.<\/li>\n<li><a href=\"http:\/\/jeannoel.saillet.free.fr\/Orthophile\/Orthophile.htm\" target=\"_blank\" rel=\"noopener\">L&rsquo;Orthophile<\/a> est un programme de V\u00e9rification Orthographique Assist\u00e9e par Ordinateur destin\u00e9 aux \u00e9l\u00e8ves de Cycle 3 de l&rsquo;\u00e9cole primaire et aux \u00e9l\u00e8ves des classes de 6e de coll\u00e8ge<\/li>\n<\/ul>\n<span class=\"last-modified-timestamp\">Juin 6, 2022 @ 7:02 am<\/span>\n","protected":false},"excerpt":{"rendered":"<p>Antidote: programme de correction et dictionnaires Comm&rsquo;Art: PluriLingua, Gr@mVoc, Derni\u00e8re Touche Cordial: correcteur typographique, orthographique et grammatical\u00a0du fran\u00e7ais. L&rsquo;Orthophile est un programme de V\u00e9rification Orthographique Assist\u00e9e par Ordinateur destin\u00e9 aux \u00e9l\u00e8ves de Cycle 3 de l&rsquo;\u00e9cole primaire et aux \u00e9l\u00e8ves des classes de 6e de coll\u00e8ge<\/p>\n","protected":false},"author":1,"featured_media":0,"parent":0,"menu_order":0,"comment_status":"closed","ping_status":"closed","template":"","meta":{"footnotes":"","_wp_rev_ctl_limit":""},"class_list":["post-2658","page","type-page","status-publish","hentry"],"publishpress_future_action":{"enabled":false,"date":"2026-04-30 23:11:20","action":"change-status","newStatus":"draft","terms":[],"taxonomy":"","extraData":[]},"publishpress_future_workflow_manual_trigger":{"enabledWorkflows":[]},"_links":{"self":[{"href":"https:\/\/hlrnet.com\/sites\/alt128\/wp-json\/wp\/v2\/pages\/2658","targetHints":{"allow":["GET"]}}],"collection":[{"href":"https:\/\/hlrnet.com\/sites\/alt128\/wp-json\/wp\/v2\/pages"}],"about":[{"href":"https:\/\/hlrnet.com\/sites\/alt128\/wp-json\/wp\/v2\/types\/page"}],"author":[{"embeddable":true,"href":"https:\/\/hlrnet.com\/sites\/alt128\/wp-json\/wp\/v2\/users\/1"}],"replies":[{"embeddable":true,"href":"https:\/\/hlrnet.com\/sites\/alt128\/wp-json\/wp\/v2\/comments?post=2658"}],"version-history":[{"count":5,"href":"https:\/\/hlrnet.com\/sites\/alt128\/wp-json\/wp\/v2\/pages\/2658\/revisions"}],"predecessor-version":[{"id":4551,"href":"https:\/\/hlrnet.com\/sites\/alt128\/wp-json\/wp\/v2\/pages\/2658\/revisions\/4551"}],"wp:attachment":[{"href":"https:\/\/hlrnet.com\/sites\/alt128\/wp-json\/wp\/v2\/media?parent=2658"}],"curies":[{"name":"wp","href":"https:\/\/api.w.org\/{rel}","templated":true}]}}