{"id":2656,"date":"2018-04-25T13:30:57","date_gmt":"2018-04-25T13:30:57","guid":{"rendered":"http:\/\/hlrnet.com\/sites\/alt128\/?page_id=2656"},"modified":"2026-03-20T19:11:56","modified_gmt":"2026-03-20T19:11:56","slug":"la-culture","status":"publish","type":"page","link":"https:\/\/hlrnet.com\/sites\/alt128\/la-culture\/","title":{"rendered":"La culture"},"content":{"rendered":"<ul>\n<li><b>G\u00e9n\u00e9ralit\u00e9s<\/b>\n<ul>\n<li><a href=\"http:\/\/www.bruxelles-j.be\/\">Bruxelles-J<\/a><\/li>\n<li><a href=\"https:\/\/cher.unistra.fr\/\">CHER: culture et histoire dans l&rsquo;espace roman<\/a> (universit\u00e9 de Strasbourg)<\/li>\n<li><a href=\"https:\/\/dcouvr.be\/\">Dcouvr<\/a><\/li>\n<li><a href=\"https:\/\/diacritik.com\/\">Diacritik<\/a>\u2014 Le magazine qui met l&rsquo;accent sur la culture \u2014<\/li>\n<li><a href=\"https:\/\/www.europeana.eu\/fr\">Europeana<\/a>: patrimoine culturel num\u00e9rique europ\u00e9en<\/li>\n<li><a href=\"http:\/\/www.evene.fr\/\">Evene<\/a>: toute la culture<\/li>\n<li><a href=\"https:\/\/ojs.uv.es\/index.php\/Hybrida\/index\">HYBRIDA. Revue scientifique sur les hybridations culturelles et les identit\u00e9s migrantes<\/a><\/li>\n<li><a href=\"https:\/\/www.revue-ligeia.com\/\">Ligeia: dossiers sur l&rsquo;art<\/a><\/li>\n<li><a href=\"https:\/\/www.nonfiction.fr\/\">Nonfiction<\/a>: le quotidien des livres et des id\u00e9es<\/li>\n<li><a href=\"http:\/\/www.patrimoineculturel.cfwb.be\/\">Patrimoine culturel<\/a> (BE)<\/li>\n<li><a href=\"https:\/\/mimesisjournals.com\/ojs\/index.php\/ponts\/index\">Ponts \/ Ponti<\/a>: revue en libre acc\u00e8s, lieu de rendez-vous des cultures francophones<\/li>\n<li><a href=\"http:\/\/www.scienceshumaines.fr\/\" target=\"_blank\" rel=\"noopener noreferrer\">Sciences Humaines &#8211; Magazine des sciences de l&rsquo;homme<\/a><\/li>\n<li><a href=\"https:\/\/www.senscritique.com\/\">SensCritique<\/a>: avis de musiques, films, jeux vid\u00e9o, BD, livres<\/li>\n<li><a href=\"http:\/\/sens-public.org\/\">Sens public<\/a>: Revue internationale et espace commun d&rsquo;action et d&rsquo;\u00e9criture \u2014 Arts et lettres, Histoire, Monde num\u00e9rique, Philosophie, Politique et soci\u00e9t\u00e9, Sciences et environnement.<\/li>\n<\/ul>\n<\/li>\n<li><strong>No\u00ebl <\/strong>\n<ul>\n<li><a href=\"http:\/\/www.vivenoel.com\/\" target=\"_blank\" rel=\"noopener noreferrer\">Vive No\u00ebl<\/a><\/li>\n<\/ul>\n<\/li>\n<li><strong>Carnaval<\/strong>\n<ul>\n<li><a href=\"http:\/\/www.carnavaldebinche.be\/\" target=\"_blank\" rel=\"noopener noreferrer\">Carnaval de Binche<\/a><\/li>\n<li><a href=\"http:\/\/www.carnaval-dunkerque.com\/\" target=\"_blank\" rel=\"noopener noreferrer\">Carnaval Dunkerque<\/a><\/li>\n<li><a href=\"http:\/\/www.carnavalausanne.ch\/\" target=\"_blank\" rel=\"noopener noreferrer\">Carnaval de Lausanne<\/a><\/li>\n<li><a href=\"http:\/\/www.nicecarnaval.com\/\" target=\"_blank\" rel=\"noopener noreferrer\">Carnaval de Nice<\/a><\/li>\n<li><a href=\"http:\/\/www.carnaval.qc.ca\/\" target=\"_blank\" rel=\"noopener noreferrer\">Carnaval de Qu\u00e9bec<\/a><\/li>\n<li><a href=\"http:\/\/www.carnaval-sion.ch\/\" target=\"_blank\" rel=\"noopener noreferrer\">Carnaval de Sion<\/a><\/li>\n<li><a href=\"http:\/\/www.museedumasque.be\/\" target=\"_blank\" rel=\"noopener noreferrer\">Mus\u00e9e du Masque et du Carnaval (Binche)<\/a><\/li>\n<\/ul>\n<\/li>\n<li><strong>P\u00e2ques<\/strong>\n<ul>\n<li><a href=\"http:\/\/www.vive-paques.com\/\" target=\"_blank\" rel=\"noopener noreferrer\">Vive P\u00e2ques<\/a><\/li>\n<\/ul>\n<\/li>\n<li><a name=\"Spectacles\"><\/a><b>Spectacles<\/b>\n<ul>\n<li><a href=\"http:\/\/www.agenda.be\/\">Agenda.be<\/a><\/li>\n<li><a href=\"http:\/\/www.agendaculturel.fr\/\">Agendaculturel<\/a> (FR)<\/li>\n<li><a href=\"http:\/\/www.demandezleprogramme.be\/\">Demandez le programme<\/a> (BE)<\/li>\n<li><a href=\"http:\/\/www.tbx.be\/\">La Tribune de Bruxelles<\/a><\/li>\n<li><a href=\"http:\/\/pointculture.be\/\">Pointculture<\/a> (LLN)<\/li>\n<li><a href=\"http:\/\/www.quefaire.be\/\">Quefaire.be<\/a><\/li>\n<li>Th\u00e9\u00e2tres de Bruxelles\n<ul>\n<li><a href=\"http:\/\/www.bozar.be\/\">Bozar<\/a><\/li>\n<li><a href=\"http:\/\/www.kocc.be\/\">Kings of Comedy Ixelles<\/a><\/li>\n<li><a href=\"http:\/\/www.bellone.be\/\">La Bellone<\/a><\/li>\n<li><a href=\"http:\/\/www.lamonnaie.be\/\">La Monnaie<\/a><\/li>\n<li><a href=\"http:\/\/www.lejardindemasoeur.be\/\">Le jardin de ma soeur<\/a><\/li>\n<li><a href=\"http:\/\/www.brigittines.be\/\">Les Brigitinnes<\/a><\/li>\n<li><a href=\"http:\/\/www.lesrichesclaires.be\/\">Les Riches Claires<\/a><\/li>\n<li><a href=\"https:\/\/lerideau.brussels\/\">Rideau de Bruxelles<\/a><\/li>\n<li><a href=\"http:\/\/www.poche.be\/\">Th\u00e9\u00e2tre de Poche<\/a><\/li>\n<li><a href=\"http:\/\/www.lestanneurs.be\/\">Th\u00e9\u00e2tre des Tanneurs<\/a><\/li>\n<li><a href=\"http:\/\/www.theatreduparc.be\/\">Th\u00e9\u00e2tre du Parc<\/a><\/li>\n<li><a href=\"http:\/\/www.theatrenational.be\/\">Th\u00e9\u00e2tre National<\/a><\/li>\n<li><a href=\"http:\/\/www.theatremontagnemagique.be\/\">Th\u00e9\u00e2tre La Montagne Magique<\/a><\/li>\n<li><a href=\"http:\/\/www.trg.be\/\">Th\u00e9\u00e2tre royal des Galeries<\/a><\/li>\n<li><a href=\"http:\/\/www.toone.be\/\">Toone: th\u00e9\u00e2tre de marionettes<\/a><\/li>\n<\/ul>\n<\/li>\n<\/ul>\n<\/li>\n<li><a name=\"Musees\"><\/a><b>Arts et mus\u00e9es<\/b>\n<ul>\n<li><a href=\"https:\/\/www.beauxarts.com\/\">BeauxArts<\/a><\/li>\n<li><a href=\"http:\/\/www.brusselsmuseums.be\/\" target=\"_blank\" rel=\"noopener noreferrer\">BrusselsMuseums<\/a><\/li>\n<li><a href=\"http:\/\/www.chateauversailles.fr\/\" target=\"_blank\" rel=\"noopener noreferrer\">Le ch\u00e2teau de Versailles<\/a><\/li>\n<li><a href=\"http:\/\/www.centrepompidou.fr\/\" target=\"_blank\" rel=\"noopener noreferrer\">Centre Pompidou<\/a><\/li>\n<li><a href=\"http:\/\/www.centrepompidou-metz.fr\/\">Centre Pompidou Metz<\/a><\/li>\n<li><a href=\"https:\/\/www.connaissancedesarts.com\/\">Connaissance des arts<\/a><\/li>\n<li><a href=\"http:\/\/fondation.cartier.com\/\">Fondation Cartier pour l&rsquo;art contemporain<\/a><\/li>\n<li><a href=\"https:\/\/artsandculture.google.com\/entity\/france\/m0f8l9c?categoryid=place\">Google Arts &amp; Culture<\/a><\/li>\n<li><a href=\"http:\/\/www.louvre.fr\/\" target=\"_blank\" rel=\"noopener noreferrer\">Le Louvre<\/a><\/li>\n<li><a href=\"https:\/\/www.mac-lyon.com\/\">MAC Lyon<\/a><\/li>\n<li><a href=\"https:\/\/macm.org\/\">MAC Montr\u00e9al<\/a><\/li>\n<li><a href=\"https:\/\/www.mamac-nice.org\/\">MAMAC Nice<\/a><\/li>\n<li><a href=\"https:\/\/www.mamco.ch\/\">MAMCO Gen\u00e8ve<\/a><\/li>\n<li><a href=\"http:\/\/www.culture.gouv.fr\/\" target=\"_blank\" rel=\"noopener noreferrer\">Minist\u00e8re de la Culture<\/a>: mus\u00e9es de France et expositions virtuelles<\/li>\n<li><a href=\"https:\/\/www.mudam.com\/\">MUDAM Luxembourg<\/a><\/li>\n<li><a href=\"https:\/\/mudia.be\/\">Mudia Redu<\/a><\/li>\n<li><a href=\"http:\/\/www.muma-lehavre.fr\">Muma Le Havre<\/a><\/li>\n<li><a href=\"https:\/\/www.mam.paris.fr\/\">Mus\u00e9e d&rsquo;Art Moderne de Paris<\/a><\/li>\n<li><a href=\"https:\/\/mamc.saint-etienne.fr\/\">Mus\u00e9e d&rsquo;Art Moderne et Contemporain (Saint-Etienne M\u00e9tropole)<\/a><\/li>\n<li><a href=\"https:\/\/www.mba-lyon.fr\/\">Mus\u00e9e des Bea<\/a><a href=\"https:\/\/www.mba-lyon.fr\/\">ux-Arts de Lyon<\/a><\/li>\n<li><a href=\"http:\/\/www.musee-orsay.fr\/\" target=\"_blank\" rel=\"noopener noreferrer\">Le mus\u00e9e d&rsquo;Orsay<\/a><\/li>\n<li><a href=\"https:\/\/museedupatrimoine.fr\/\">Mus\u00e9e du Patrimoine de France<\/a><\/li>\n<li><a href=\"http:\/\/www.musee-rodin.fr\/\" target=\"_blank\" rel=\"noopener noreferrer\">Mus\u00e9e Rodin<\/a><\/li>\n<li><a href=\"https:\/\/www.musees.strasbourg.eu\/\">Mus\u00e9es de Strasbourg<\/a><\/li>\n<li><a href=\"http:\/\/museozoom.be\/\">Museozoom<\/a>: d\u00e9couvrir un mus\u00e9e wallon en classe<\/li>\n<li><a href=\"http:\/\/www.pavillon-arsenal.com\/\">Pavillon de l&rsquo;Arsenal<\/a>: urbanisme et architecture<\/li>\n<li><a href=\"http:\/\/www.quaibranly.fr\/\">Quai Branly<\/a><\/li>\n<li><a href=\"http:\/\/www.rmn.fr\/\" target=\"_blank\" rel=\"noopener noreferrer\">R\u00e9union des Mus\u00e9es Nationaux<\/a><\/li>\n<li><a href=\"http:\/\/www.romanes.com\/\">Romanes.com<\/a>: monuments en art roman<\/li>\n<li><a href=\"https:\/\/www.sortir.eu\">Sortir.eu<\/a>: expositions, spectacles, &#8230; en Hauts-de-France<\/li>\n<li><a href=\"https:\/\/www.tiqets.com\/fr\/\">Tiqets<\/a><\/li>\n<li>(BE)<\/li>\n<li><a href=\"https:\/\/agencewallonnedupatrimoine.be\/\">L\u2019AWaP, l\u2019Agence wallonne du Patrimoine<\/a><\/li>\n<li><a href=\"http:\/\/www.bozar.be\/\" target=\"_blank\" rel=\"noopener noreferrer\">Bozar<\/a><\/li>\n<li><a href=\"http:\/\/www.brusselsmuseums.be\/\" target=\"_blank\" rel=\"noopener noreferrer\">BrusselsMuseums<\/a><\/li>\n<li><a href=\"http:\/\/www.demandezleprogramme.be\/\">Demandez le programme<\/a><\/li>\n<li><a href=\"https:\/\/www.musee-magritte-museum.be\/\">Mus\u00e9e Magritte<\/a><\/li>\n<li><a href=\"http:\/\/www.kmkg-mrah.be\/\" target=\"_blank\" rel=\"noopener noreferrer\">Mu\u00e9es Royaux d&rsquo;Arts et d&rsquo;Histoire<\/a> (Brussel)<\/li>\n<\/ul>\n<\/li>\n<li><a name=\"Gastronomie\"><\/a><b>Gastronomie<\/b>\n<ul>\n<li><a href=\"http:\/\/www.frenchwines.com\/\" target=\"_blank\" rel=\"noopener noreferrer\">French wines<\/a>, annuaire des vins de France<\/li>\n<li><a href=\"http:\/\/www.fromages.com\/\" target=\"_blank\" rel=\"noopener noreferrer\">Fromages.com<\/a>, le rendez-vous des amateurs de fromages<\/li>\n<li><a href=\"http:\/\/cuisine.larousse.fr\/\">Larousse Cuisine<\/a><\/li>\n<li><a href=\"http:\/\/www.meilleurduchef.com\/\" target=\"_blank\" rel=\"noopener noreferrer\">Le meilleur du chef<\/a><\/li>\n<li>Recettes\n<ul>\n<li><a href=\"http:\/\/www.marmiton.org\/\">Marmiton<\/a><\/li>\n<\/ul>\n<\/li>\n<li><a href=\"http:\/\/www.rungisinternational.com\/\">Rungis<\/a><\/li>\n<li><a href=\"http:\/\/www.bordeaux.com\/\" target=\"_blank\" rel=\"noopener noreferrer\">Vins de Bordeaux<\/a><\/li>\n<li><a href=\"http:\/\/www.vinternet.fr\/\" target=\"_blank\" rel=\"noopener noreferrer\">Vinternet<\/a><\/li>\n<\/ul>\n<\/li>\n<li><a name=\"Mode\"><\/a><b>Mode<\/b>\n<ul>\n<li><a href=\"http:\/\/bloc-mode.com\/\">Bloc-Mode<\/a><\/li>\n<li><a href=\"http:\/\/culture-mode.blogspot.com\/\">Culture-mode<\/a><\/li>\n<\/ul>\n<\/li>\n<\/ul>\n<span class=\"last-modified-timestamp\">Mar 20, 2026 @ 7:11 pm<\/span>\n","protected":false},"excerpt":{"rendered":"<p>G\u00e9n\u00e9ralit\u00e9s Bruxelles-J CHER: culture et histoire dans l&rsquo;espace roman (universit\u00e9 de Strasbourg) Dcouvr Diacritik\u2014 Le magazine qui met l&rsquo;accent sur la culture \u2014 Europeana: patrimoine culturel num\u00e9rique europ\u00e9en Evene: toute la culture HYBRIDA. Revue scientifique sur les hybridations culturelles et les identit\u00e9s migrantes Ligeia: dossiers sur l&rsquo;art Nonfiction: le quotidien<\/p>\n","protected":false},"author":1,"featured_media":0,"parent":0,"menu_order":0,"comment_status":"closed","ping_status":"closed","template":"","meta":{"footnotes":"","_wp_rev_ctl_limit":""},"class_list":["post-2656","page","type-page","status-publish","hentry"],"publishpress_future_action":{"enabled":false,"date":"2026-05-01 12:16:34","action":"change-status","newStatus":"draft","terms":[],"taxonomy":"","extraData":[]},"publishpress_future_workflow_manual_trigger":{"enabledWorkflows":[]},"_links":{"self":[{"href":"https:\/\/hlrnet.com\/sites\/alt128\/wp-json\/wp\/v2\/pages\/2656","targetHints":{"allow":["GET"]}}],"collection":[{"href":"https:\/\/hlrnet.com\/sites\/alt128\/wp-json\/wp\/v2\/pages"}],"about":[{"href":"https:\/\/hlrnet.com\/sites\/alt128\/wp-json\/wp\/v2\/types\/page"}],"author":[{"embeddable":true,"href":"https:\/\/hlrnet.com\/sites\/alt128\/wp-json\/wp\/v2\/users\/1"}],"replies":[{"embeddable":true,"href":"https:\/\/hlrnet.com\/sites\/alt128\/wp-json\/wp\/v2\/comments?post=2656"}],"version-history":[{"count":88,"href":"https:\/\/hlrnet.com\/sites\/alt128\/wp-json\/wp\/v2\/pages\/2656\/revisions"}],"predecessor-version":[{"id":6729,"href":"https:\/\/hlrnet.com\/sites\/alt128\/wp-json\/wp\/v2\/pages\/2656\/revisions\/6729"}],"wp:attachment":[{"href":"https:\/\/hlrnet.com\/sites\/alt128\/wp-json\/wp\/v2\/media?parent=2656"}],"curies":[{"name":"wp","href":"https:\/\/api.w.org\/{rel}","templated":true}]}}