{"id":2654,"date":"2018-04-25T13:30:34","date_gmt":"2018-04-25T13:30:34","guid":{"rendered":"http:\/\/hlrnet.com\/sites\/alt128\/?page_id=2654"},"modified":"2025-12-24T16:48:33","modified_gmt":"2025-12-24T16:48:33","slug":"le-cinema","status":"publish","type":"page","link":"https:\/\/hlrnet.com\/sites\/alt128\/le-cinema\/","title":{"rendered":"Le cin\u00e9ma"},"content":{"rendered":"<ul>\n<li><a href=\"http:\/\/www.actustar.com\/\" target=\"_blank\" rel=\"noopener\">ActuStar: le quotidien des stars<\/a><\/li>\n<li><a href=\"http:\/\/www.allocine.fr\/\" target=\"_blank\" rel=\"noopener\">AlloCin\u00e9<\/a><\/li>\n<li><a href=\"https:\/\/afrhc.fr\/\">Association fran\u00e7aise de recherche sur l&rsquo;histoire du cin\u00e9ma (AFRHC)<\/a><\/li>\n<li><a href=\"http:\/\/www.cinebel.be\/fr\/\">Cin\u00e9bel<\/a> (BE)<\/li>\n<li><a href=\"https:\/\/www.cinefil.com\/\" target=\"_blank\" rel=\"noopener\">Cinefil<\/a><\/li>\n<li><a href=\"http:\/\/www.cinekritik.com\/\" target=\"_blank\" rel=\"noopener\">CineKritik (CH)<\/a><\/li>\n<li><a href=\"http:\/\/www.cinenews.be\/\">Cin\u00e9news<\/a> (BE)<\/li>\n<li><a href=\"http:\/\/www.cinergie.be\/\" target=\"_blank\" rel=\"noopener\">Cinergie<\/a><\/li>\n<li><a href=\"http:\/\/www.cinopsis.com\/\" target=\"_blank\" rel=\"noopener\">Cinopsis<\/a><\/li>\n<li><a href=\"http:\/\/www.cnc.fr\/\" target=\"_blank\" rel=\"noopener\">CNC &#8211; Centre national de la cin\u00e9matographie<\/a><\/li>\n<li><a href=\"http:\/\/www.commeaucinema.com\/\" target=\"_blank\" rel=\"noopener\">Commeaucin\u00e9ma.com<\/a><\/li>\n<li><a href=\"http:\/\/www.dvdtoile.com\/\" target=\"_blank\" rel=\"noopener\">DVDtoile<\/a><\/li>\n<li><a href=\"http:\/\/www.ecrannoir.fr\/\" target=\"_blank\" rel=\"noopener\">Ecran Noir<\/a><\/li>\n<li><a href=\"http:\/\/www.erreursdefilms.com\/\" target=\"_blank\" rel=\"noopener\">Erreurs de films<\/a><\/li>\n<li><a href=\"http:\/\/www.filmdeculte.com\/\">Film de culte<\/a>: le cin\u00e9ma \u00e0 travers les films les plus marquants<\/li>\n<li><a href=\"http:\/\/www.mrtroove.com\/\">MrTroove.com<\/a>:\u00a0jeu en ligne pour les amateurs de cin\u00e9ma<\/li>\n<li><a href=\"http:\/\/www.playvod.com\/\">Playvod<\/a>: films et s\u00e9ries au choix en streaming<\/li>\n<li><a href=\"https:\/\/www.ugc.fr\/\" target=\"_blank\" rel=\"noopener\">UGC France<\/a><\/li>\n<li><a href=\"http:\/\/www.universcine.com\/\">Univers cin\u00e9<\/a>: le cin\u00e9ma ind\u00e9pendant<\/li>\n<li><a href=\"http:\/\/www.weekvandefransefilm.org\/\">Week van de Franse film &#8211; Semaine du cin\u00e9ma fran\u00e7ais<\/a><\/li>\n<\/ul>\n<span class=\"last-modified-timestamp\">D\u00e9c 24, 2025 @ 4:48 pm<\/span>\n","protected":false},"excerpt":{"rendered":"<p>ActuStar: le quotidien des stars AlloCin\u00e9 Association fran\u00e7aise de recherche sur l&rsquo;histoire du cin\u00e9ma (AFRHC) Cin\u00e9bel (BE) Cinefil CineKritik (CH) Cin\u00e9news (BE) Cinergie Cinopsis CNC &#8211; Centre national de la cin\u00e9matographie Commeaucin\u00e9ma.com DVDtoile Ecran Noir Erreurs de films Film de culte: le cin\u00e9ma \u00e0 travers les films les plus marquants<\/p>\n","protected":false},"author":1,"featured_media":0,"parent":0,"menu_order":0,"comment_status":"closed","ping_status":"closed","template":"","meta":{"footnotes":"","_wp_rev_ctl_limit":""},"class_list":["post-2654","page","type-page","status-publish","hentry"],"publishpress_future_action":{"enabled":false,"date":"2026-05-01 21:07:55","action":"change-status","newStatus":"draft","terms":[],"taxonomy":"","extraData":[]},"publishpress_future_workflow_manual_trigger":{"enabledWorkflows":[]},"_links":{"self":[{"href":"https:\/\/hlrnet.com\/sites\/alt128\/wp-json\/wp\/v2\/pages\/2654","targetHints":{"allow":["GET"]}}],"collection":[{"href":"https:\/\/hlrnet.com\/sites\/alt128\/wp-json\/wp\/v2\/pages"}],"about":[{"href":"https:\/\/hlrnet.com\/sites\/alt128\/wp-json\/wp\/v2\/types\/page"}],"author":[{"embeddable":true,"href":"https:\/\/hlrnet.com\/sites\/alt128\/wp-json\/wp\/v2\/users\/1"}],"replies":[{"embeddable":true,"href":"https:\/\/hlrnet.com\/sites\/alt128\/wp-json\/wp\/v2\/comments?post=2654"}],"version-history":[{"count":19,"href":"https:\/\/hlrnet.com\/sites\/alt128\/wp-json\/wp\/v2\/pages\/2654\/revisions"}],"predecessor-version":[{"id":6673,"href":"https:\/\/hlrnet.com\/sites\/alt128\/wp-json\/wp\/v2\/pages\/2654\/revisions\/6673"}],"wp:attachment":[{"href":"https:\/\/hlrnet.com\/sites\/alt128\/wp-json\/wp\/v2\/media?parent=2654"}],"curies":[{"name":"wp","href":"https:\/\/api.w.org\/{rel}","templated":true}]}}