{"id":2647,"date":"2018-04-25T13:29:01","date_gmt":"2018-04-25T13:29:01","guid":{"rendered":"http:\/\/hlrnet.com\/sites\/alt128\/?page_id=2647"},"modified":"2024-05-08T13:53:37","modified_gmt":"2024-05-08T13:53:37","slug":"lafrique","status":"publish","type":"page","link":"https:\/\/hlrnet.com\/sites\/alt128\/lafrique\/","title":{"rendered":"L&rsquo;Afrique"},"content":{"rendered":"<p>Presse et actualit\u00e9<\/p>\n<ul>\n<li><a href=\"http:\/\/7sur7.cd\/\">7 sur 7<\/a> (RDC)<\/li>\n<li><a href=\"http:\/\/www.africatime.com\/\" target=\"_blank\" rel=\"noopener\">Africatime<\/a><\/li>\n<li><a href=\"http:\/\/www.cameroon-tribune.cm\/\">Cameroon Tribune<\/a><\/li>\n<li><a href=\"https:\/\/www.jeuneafrique.com\/\">Jeune Afrique<\/a><\/li>\n<li><a href=\"http:\/\/journalducameroun.com\/\">Journal du Cameroun<\/a><\/li>\n<li><a href=\"http:\/\/www.lequotidien.sn\/\">Le quotidien (S\u00e9n\u00e9gal)<\/a><\/li>\n<li><a href=\"http:\/\/senego.com\/\">Senego<\/a><\/li>\n<\/ul>\n<p>Moteurs de recherche<\/p>\n<ul>\n<li><a href=\"http:\/\/megafrica.com\/\">Megafrica<\/a><\/li>\n<\/ul>\n<p>Sources d&rsquo;information<\/p>\n<ul>\n<li><a href=\"https:\/\/www.afrique-francophone.com\/\">Afrique francophone<\/a><\/li>\n<li><a href=\"http:\/\/www.chez.com\/afroweb\/\" target=\"_blank\" rel=\"noopener\">Afroweb: le site africain<\/a><\/li>\n<li>Jeune Afrique<\/li>\n<li><a href=\"http:\/\/observatoire.francophonie.org\/qui-parle-francais-dans-le-monde\/la-langue-francaise-en-afrique\/\">La langue fran\u00e7aise en Afrique \u2013 Organisation internationale de la Francophonie \u2013 Langue fran\u00e7aise et diversit\u00e9 linguistique<\/a><\/li>\n<li><a href=\"http:\/\/www.seneweb.com\/\">Seneweb<\/a><\/li>\n<\/ul>\n<p>Institutions et organisations<\/p>\n<ul>\n<li><a href=\"http:\/\/www.afrique-gouvernance.net\/\">Gouvernance d&rsquo;Afrique<\/a><\/li>\n<\/ul>\n<p>Culture<\/p>\n<ul>\n<li><a href=\"http:\/\/www.afromix.org\/index.fr.html\" target=\"_blank\" rel=\"noopener\">Afromix: la culture afro-carib\u00e9enne \u00e0 travers sa musique<\/a><\/li>\n<\/ul>\n<p>Situation linguistique<\/p>\n<ul>\n<li><a href=\"http:\/\/www.aodl.org\/\" target=\"_blank\" rel=\"noopener\">African Online Digital Library<\/a><\/li>\n<\/ul>\n<p>Autres<\/p>\n<ul>\n<li><a href=\"http:\/\/www.afrique-annuaire.com\/\">Afrique annuaire<\/a><\/li>\n<\/ul>\n<span class=\"last-modified-timestamp\">Mai 8, 2024 @ 1:53 pm<\/span>\n","protected":false},"excerpt":{"rendered":"<p>Presse et actualit\u00e9 7 sur 7 (RDC) Africatime Cameroon Tribune Jeune Afrique Journal du Cameroun Le quotidien (S\u00e9n\u00e9gal) Senego Moteurs de recherche Megafrica Sources d&rsquo;information Afrique francophone Afroweb: le site africain Jeune Afrique La langue fran\u00e7aise en Afrique \u2013 Organisation internationale de la Francophonie \u2013 Langue fran\u00e7aise et diversit\u00e9 linguistique<\/p>\n","protected":false},"author":1,"featured_media":0,"parent":0,"menu_order":0,"comment_status":"closed","ping_status":"closed","template":"","meta":{"footnotes":"","_wp_rev_ctl_limit":""},"class_list":["post-2647","page","type-page","status-publish","hentry"],"publishpress_future_action":{"enabled":false,"date":"2026-05-01 03:36:26","action":"change-status","newStatus":"draft","terms":[],"taxonomy":"","extraData":[]},"publishpress_future_workflow_manual_trigger":{"enabledWorkflows":[]},"_links":{"self":[{"href":"https:\/\/hlrnet.com\/sites\/alt128\/wp-json\/wp\/v2\/pages\/2647","targetHints":{"allow":["GET"]}}],"collection":[{"href":"https:\/\/hlrnet.com\/sites\/alt128\/wp-json\/wp\/v2\/pages"}],"about":[{"href":"https:\/\/hlrnet.com\/sites\/alt128\/wp-json\/wp\/v2\/types\/page"}],"author":[{"embeddable":true,"href":"https:\/\/hlrnet.com\/sites\/alt128\/wp-json\/wp\/v2\/users\/1"}],"replies":[{"embeddable":true,"href":"https:\/\/hlrnet.com\/sites\/alt128\/wp-json\/wp\/v2\/comments?post=2647"}],"version-history":[{"count":21,"href":"https:\/\/hlrnet.com\/sites\/alt128\/wp-json\/wp\/v2\/pages\/2647\/revisions"}],"predecessor-version":[{"id":6094,"href":"https:\/\/hlrnet.com\/sites\/alt128\/wp-json\/wp\/v2\/pages\/2647\/revisions\/6094"}],"wp:attachment":[{"href":"https:\/\/hlrnet.com\/sites\/alt128\/wp-json\/wp\/v2\/media?parent=2647"}],"curies":[{"name":"wp","href":"https:\/\/api.w.org\/{rel}","templated":true}]}}