{"id":2645,"date":"2018-04-25T13:01:35","date_gmt":"2018-04-25T13:01:35","guid":{"rendered":"http:\/\/hlrnet.com\/sites\/alt128\/?page_id=2645"},"modified":"2025-04-28T18:44:58","modified_gmt":"2025-04-28T18:44:58","slug":"le-logement","status":"publish","type":"page","link":"https:\/\/hlrnet.com\/sites\/alt128\/le-logement\/","title":{"rendered":"Le logement"},"content":{"rendered":"<ul>\n<li><a href=\"http:\/\/www.acheter-louer.fr\/\" target=\"_blank\" rel=\"noopener\">Acheter-louer.fr<\/a><\/li>\n<li><a href=\"http:\/\/www.adomos.com\/\" target=\"_blank\" rel=\"noopener\">Adomos<\/a><\/li>\n<li><a href=\"http:\/\/www.colocation.fr\/\" target=\"_blank\" rel=\"noopener\">Colocation.fr<\/a><\/li>\n<li><a href=\"http:\/\/www.dossierfamilial.com\/\" target=\"_blank\" rel=\"noopener\">DossierFamilial<\/a><\/li>\n<li><a href=\"http:\/\/www.entreparticuliers.com\/\">Entreparticuliers.com<\/a><\/li>\n<li><a href=\"http:\/\/www.foncia.fr\/\" target=\"_blank\" rel=\"noopener\">Foncia<\/a>: annonces immobili\u00e8res<\/li>\n<li><a href=\"http:\/\/www.fnaim.fr\/\" target=\"_blank\" rel=\"noopener\">FNAIM<\/a><\/li>\n<li><a href=\"https:\/\/www.pap.fr\/\" target=\"_blank\" rel=\"noopener\">PAP<\/a>: immobilier de particulier \u00e0 particulier<\/li>\n<li><a href=\"https:\/\/proprietes.lefigaro.fr\/\" target=\"_blank\" rel=\"noopener\">Propri\u00e9t\u00e9s de France<\/a>: immobilier de prestige<\/li>\n<li><a href=\"https:\/\/www.seloger.com\/\">SeLoger.com<\/a><\/li>\n<li><a href=\"https:\/\/www.leboncoin.fr\/ventes_immobilieres\/offres\">Le Bon Coin: immobilier<\/a><\/li>\n<\/ul>\n<span class=\"last-modified-timestamp\">Avr 28, 2025 @ 6:44 pm<\/span>\n","protected":false},"excerpt":{"rendered":"<p>Acheter-louer.fr Adomos Colocation.fr DossierFamilial <a href=\"http:\/\/Entreparticuliers.com\" class=\"autohyperlink\">Entreparticuliers.com<\/a> Foncia: annonces immobili\u00e8res FNAIM PAP: immobilier de particulier \u00e0 particulier Propri\u00e9t\u00e9s de France: immobilier de prestige <a href=\"http:\/\/SeLoger.com\" class=\"autohyperlink\">SeLoger.com<\/a> Le Bon Coin: immobilier<\/p>\n","protected":false},"author":1,"featured_media":0,"parent":0,"menu_order":0,"comment_status":"closed","ping_status":"closed","template":"","meta":{"footnotes":"","_wp_rev_ctl_limit":""},"class_list":["post-2645","page","type-page","status-publish","hentry"],"publishpress_future_action":{"enabled":false,"date":"2026-04-30 17:09:19","action":"change-status","newStatus":"draft","terms":[],"taxonomy":"","extraData":[]},"publishpress_future_workflow_manual_trigger":{"enabledWorkflows":[]},"_links":{"self":[{"href":"https:\/\/hlrnet.com\/sites\/alt128\/wp-json\/wp\/v2\/pages\/2645","targetHints":{"allow":["GET"]}}],"collection":[{"href":"https:\/\/hlrnet.com\/sites\/alt128\/wp-json\/wp\/v2\/pages"}],"about":[{"href":"https:\/\/hlrnet.com\/sites\/alt128\/wp-json\/wp\/v2\/types\/page"}],"author":[{"embeddable":true,"href":"https:\/\/hlrnet.com\/sites\/alt128\/wp-json\/wp\/v2\/users\/1"}],"replies":[{"embeddable":true,"href":"https:\/\/hlrnet.com\/sites\/alt128\/wp-json\/wp\/v2\/comments?post=2645"}],"version-history":[{"count":11,"href":"https:\/\/hlrnet.com\/sites\/alt128\/wp-json\/wp\/v2\/pages\/2645\/revisions"}],"predecessor-version":[{"id":6421,"href":"https:\/\/hlrnet.com\/sites\/alt128\/wp-json\/wp\/v2\/pages\/2645\/revisions\/6421"}],"wp:attachment":[{"href":"https:\/\/hlrnet.com\/sites\/alt128\/wp-json\/wp\/v2\/media?parent=2645"}],"curies":[{"name":"wp","href":"https:\/\/api.w.org\/{rel}","templated":true}]}}