{"id":2639,"date":"2018-04-25T13:00:21","date_gmt":"2018-04-25T13:00:21","guid":{"rendered":"http:\/\/hlrnet.com\/sites\/alt128\/?page_id=2639"},"modified":"2025-12-24T16:48:47","modified_gmt":"2025-12-24T16:48:47","slug":"divers","status":"publish","type":"page","link":"https:\/\/hlrnet.com\/sites\/alt128\/divers\/","title":{"rendered":"Divers"},"content":{"rendered":"<ul>\n<li><a href=\"http:\/\/www.academieroyale.be\/\">Acad\u00e9mie royale des Sciences, des Lettres et des Beaux-Arts de Belgique<\/a><\/li>\n<li><a href=\"http:\/\/www.cnb.avocat.fr\/\" target=\"_blank\" rel=\"noopener noreferrer\">Avocats de France &#8211; Conseil national des Barreaux<\/a><\/li>\n<li><a href=\"http:\/\/bief.org\/\" target=\"_blank\" rel=\"noopener noreferrer\">BIEF &#8211; Bureau International de l&rsquo;\u00c9dition Fran\u00e7aise<\/a><\/li>\n<li><a href=\"http:\/\/www.bison-fute.equipement.gouv.fr\/\" target=\"_blank\" rel=\"noopener noreferrer\">Bison fut\u00e9<\/a><\/li>\n<li>Le bricolage\n<ul>\n<li><a href=\"https:\/\/www.leroymerlin.fr\/\">Aidaubricolage<\/a><\/li>\n<li><a href=\"http:\/\/www.brico.be\/\">Brico.be<\/a><\/li>\n<li><a href=\"http:\/\/www.bricorama.fr\/\">Bricorama<\/a><\/li>\n<li><a href=\"http:\/\/www.castorama.fr\/\">Castorama<\/a><\/li>\n<li><a href=\"http:\/\/www.entreprendre-bricolage.com\/\">Entreprendre, magasins de bricolage<\/a><\/li>\n<li><a href=\"http:\/\/www.ideesmaison.com\/\">Id\u00e9esMaison<\/a><\/li>\n<li><a href=\"https:\/\/www.leroymerlin.fr\/\">Leroy-Merlin<\/a><\/li>\n<li><a href=\"http:\/\/www.maxoutil.com\/\">Maxoutil<\/a><\/li>\n<li><a href=\"https:\/\/www.mr-bricolage.fr\/\">Monsieur Bricolage<\/a><\/li>\n<\/ul>\n<\/li>\n<li><a href=\"http:\/\/www.cite-sciences.fr\/\" target=\"_blank\" rel=\"noopener noreferrer\">Cit\u00e9 des Sciences et de l&rsquo;Industrie<\/a><\/li>\n<li><a href=\"http:\/\/www.cite-sciences.fr\/\" target=\"_blank\" rel=\"noopener noreferrer\">Cit\u00e9 des Sciences et de l&rsquo;Industrie<\/a><\/li>\n<li><a href=\"http:\/\/soshg.free.fr\/\" target=\"_blank\" rel=\"noopener noreferrer\">CNDP &#8211; Centre national de documentation p\u00e9dagogique<\/a><\/li>\n<li><a href=\"http:\/\/www.cultureco.com\/\">CultureCo<\/a>: portail des BTS &#8211; toutes les informations pour bien r\u00e9ussir son BTS<\/li>\n<li><a href=\"http:\/\/www.developpez.com\/\" target=\"_blank\" rel=\"noopener noreferrer\">Developpez.com<\/a>: club d&rsquo;entraide des programmeurs francophones<\/li>\n<li><a href=\"http:\/\/www.droit.org\/\" target=\"_blank\" rel=\"noopener noreferrer\">Droit.org<\/a>: portail du droit fran\u00e7ais<\/li>\n<li><a href=\"http:\/\/www.pratique.fr\/\" target=\"_blank\" rel=\"noopener noreferrer\">France Pratique<\/a><\/li>\n<li><a href=\"http:\/\/www.fccf.ca\/\" target=\"_blank\" rel=\"noopener noreferrer\">F\u00e9d\u00e9ration culturelle canadienne-fran\u00e7aise<\/a><\/li>\n<li><a href=\"https:\/\/pro.guidesocial.be\/\">Guide social<\/a>: site de r\u00e9f\u00e9rence du secteur psycho-m\u00e9dico-social (BE)<\/li>\n<li><a href=\"https:\/\/www.halteobsolescence.org\/\">Halte \u00e0 l&rsquo;obscolence programm\u00e9e<\/a><\/li>\n<li><a href=\"https:\/\/hlrnet.com\/sites\/alt128\/lhumour-en-francais\/\">Humour en ligne<\/a><\/li>\n<li>Histoire\n<ul>\n<li><a href=\"http:\/\/www.cartesfrance.fr\/histoire\/\">Cartes de France: histoire<\/a><\/li>\n<li><a href=\"https:\/\/www.espacefrancais.com\/chronologie-abregee-de-lhistoire-de-france\/\">Chronologie abr\u00e9g\u00e9e de l&rsquo;histoire de France<\/a><\/li>\n<li><a href=\"https:\/\/www.lhistoire.fr\/\">L&rsquo;Histoire<\/a><\/li>\n<li><a href=\"https:\/\/fr.wikipedia.org\/wiki\/Histoire_de_France\">Histoire de France<\/a> (Wikipedia)<\/li>\n<li><a href=\"http:\/\/www.histoire-france.net\/\">L&rsquo;histoire de France<\/a><\/li>\n<li><a href=\"http:\/\/www.histoiredumonde.net\/\">HistoireduMonde<\/a><\/li>\n<li><a href=\"https:\/\/www.histoire-pour-tous.fr\/\">Histoire pour tous<\/a>\n<ul>\n<li><a href=\"https:\/\/www.histoire-pour-tous.fr\/chronologies\/5590-chronologie-de-l-histoire-de-france-des-origines-a-nos-jours.html\">Chronologie de l&rsquo;histoire de France<\/a><\/li>\n<\/ul>\n<\/li>\n<li><a href=\"https:\/\/www.youtube.com\/c\/NotreHistoiredoc\">Notre histoire<\/a> (YT)<\/li>\n<\/ul>\n<\/li>\n<li><a href=\"http:\/\/www.ign.fr\/\" target=\"_blank\" rel=\"noopener noreferrer\">IGN<\/a>: information g\u00e9ographique<\/li>\n<li><a href=\"file:\/\/\/H:\/notities\/rs%20-%20OneDrive-2018-04-24\/rstechno.htm\">Informatique<\/a> (hlrnet)<\/li>\n<li><a href=\"http:\/\/www.iddweb.be\/\" target=\"_blank\" rel=\"noopener noreferrer\">Institut pour un D\u00e9veloppement Durable<\/a> (BE)<\/li>\n<li><a href=\"http:\/\/www.legicite.com\/\" target=\"_blank\" rel=\"noopener noreferrer\">L\u00e9gicit\u00e9.com<\/a>: moteur de recherche pour le droit et le monde juridique<\/li>\n<li>Le logement\n<ul>\n<li><a href=\"http:\/\/www.acheter-louer.fr\/\" target=\"_blank\" rel=\"noopener noreferrer\">Acheter-louer.fr<\/a><\/li>\n<li><a href=\"http:\/\/www.adomos.com\/\" target=\"_blank\" rel=\"noopener noreferrer\">Adomos<\/a><\/li>\n<li><a href=\"http:\/\/www.colocation.fr\/\" target=\"_blank\" rel=\"noopener noreferrer\">Colocation.fr<\/a><\/li>\n<li><a href=\"http:\/\/www.dossierfamilial.com\/\" target=\"_blank\" rel=\"noopener noreferrer\">DossierFamilial<\/a><\/li>\n<li><a href=\"http:\/\/www.entreparticuliers.com\/\">Entreparticuliers.com<\/a><\/li>\n<li><a href=\"http:\/\/www.foncia.fr\/\" target=\"_blank\" rel=\"noopener noreferrer\">Foncia<\/a>: annonces immobili\u00e8res<\/li>\n<li><a href=\"http:\/\/www.fnaim.fr\/\" target=\"_blank\" rel=\"noopener noreferrer\">FNAIM<\/a><\/li>\n<li><a href=\"https:\/\/www.pap.fr\/\" target=\"_blank\" rel=\"noopener noreferrer\">PAP<\/a>: immobilier de particulier \u00e0 particulier<\/li>\n<li><a href=\"https:\/\/proprietes.lefigaro.fr\/\" target=\"_blank\" rel=\"noopener noreferrer\">Propri\u00e9t\u00e9s de France<\/a>: immobilier de prestige<\/li>\n<li><a href=\"https:\/\/www.seloger.com\/\">SeLoger.com<\/a><\/li>\n<li><a href=\"https:\/\/www.leboncoin.fr\/ventes_immobilieres\/offres\">Le Bon Coin: immobilier<\/a><\/li>\n<\/ul>\n<\/li>\n<li><a href=\"http:\/\/www.le-mariage.com\/\" target=\"_blank\" rel=\"noopener noreferrer\">Le mariage<\/a><\/li>\n<li><a href=\"http:\/\/www.marieetfred.be\/\">Marie et Fred<\/a>: contre la violence conjugale<\/li>\n<li><a href=\"http:\/\/www.marmiton.com\/general\/home.cfm\" target=\"_blank\" rel=\"noopener noreferrer\">Marmiton<\/a> (recettes)<\/li>\n<li><a href=\"http:\/\/www.muskadia.com\/\" target=\"_blank\" rel=\"noopener noreferrer\">Muskadia, le site portail de vos vacances<\/a><\/li>\n<li><a href=\"http:\/\/www.orientation.fr\/\" target=\"_blank\" rel=\"noopener noreferrer\">Orientation.fr: sur l&rsquo;orientation scolaire<\/a><\/li>\n<li><a href=\"http:\/\/www.padreblog.fr\/\">Padreblog.fr<\/a>: connect\u00e9 \u00e0 l&rsquo;essentiel<\/li>\n<li><a href=\"http:\/\/www.pedagonet.com\/other\/franciweb.htm\" target=\"_blank\" rel=\"noopener noreferrer\">P\u00e9dagoNet<\/a><\/li>\n<li><a href=\"http:\/\/www.netj.fr\/\" target=\"_blank\" rel=\"noopener noreferrer\">NetJ\u00a0 -journal des 15-25 ans<\/a><\/li>\n<li><a href=\"https:\/\/because.eu\/fr\">Because it matters<\/a>: informations sur les associations et fondations<\/li>\n<li><a href=\"http:\/\/www.servicevie.com\/\" target=\"_blank\" rel=\"noopener noreferrer\">Service vie<\/a><\/li>\n<li><a href=\"http:\/\/fr.structurae.de\/\" target=\"_blank\" rel=\"noopener noreferrer\">Structurae<\/a>: des informations sur les ouvrages d&rsquo;art et d&rsquo;autres \u0153uvres de la construction, du g\u00e9nie civil ou de l&rsquo;architecture dans le monde entier et au fils du temps<\/li>\n<li><a href=\"http:\/\/www.terre-net.fr\/\" target=\"_blank\" rel=\"noopener noreferrer\">Terre-net: portail du monde agricole fran\u00e7ais<\/a><\/li>\n<li><a href=\"http:\/\/www.topannonces.fr\/\" target=\"_blank\" rel=\"noopener noreferrer\">TopAnnonces<\/a><\/li>\n<li><a href=\"http:\/\/vlex.be\/\">vLex<\/a>: toute l&rsquo;information juridique<\/li>\n<li><a href=\"http:\/\/fr.wikihow.com\/\">Wikihow<\/a><\/li>\n<\/ul>\n<span class=\"last-modified-timestamp\">D\u00e9c 24, 2025 @ 4:48 pm<\/span>\n","protected":false},"excerpt":{"rendered":"<p>Acad\u00e9mie royale des Sciences, des Lettres et des Beaux-Arts de Belgique Avocats de France &#8211; Conseil national des Barreaux BIEF &#8211; Bureau International de l&rsquo;\u00c9dition Fran\u00e7aise Bison fut\u00e9 Le bricolage Aidaubricolage Brico.be Bricorama Castorama Entreprendre, magasins de bricolage Id\u00e9esMaison Leroy-Merlin Maxoutil Monsieur Bricolage Cit\u00e9 des Sciences et de l&rsquo;Industrie Cit\u00e9<\/p>\n","protected":false},"author":1,"featured_media":0,"parent":0,"menu_order":0,"comment_status":"closed","ping_status":"closed","template":"","meta":{"footnotes":"","_wp_rev_ctl_limit":""},"class_list":["post-2639","page","type-page","status-publish","hentry"],"publishpress_future_action":{"enabled":false,"date":"2026-04-30 23:11:45","action":"change-status","newStatus":"draft","terms":[],"taxonomy":"","extraData":[]},"publishpress_future_workflow_manual_trigger":{"enabledWorkflows":[]},"_links":{"self":[{"href":"https:\/\/hlrnet.com\/sites\/alt128\/wp-json\/wp\/v2\/pages\/2639","targetHints":{"allow":["GET"]}}],"collection":[{"href":"https:\/\/hlrnet.com\/sites\/alt128\/wp-json\/wp\/v2\/pages"}],"about":[{"href":"https:\/\/hlrnet.com\/sites\/alt128\/wp-json\/wp\/v2\/types\/page"}],"author":[{"embeddable":true,"href":"https:\/\/hlrnet.com\/sites\/alt128\/wp-json\/wp\/v2\/users\/1"}],"replies":[{"embeddable":true,"href":"https:\/\/hlrnet.com\/sites\/alt128\/wp-json\/wp\/v2\/comments?post=2639"}],"version-history":[{"count":63,"href":"https:\/\/hlrnet.com\/sites\/alt128\/wp-json\/wp\/v2\/pages\/2639\/revisions"}],"predecessor-version":[{"id":6674,"href":"https:\/\/hlrnet.com\/sites\/alt128\/wp-json\/wp\/v2\/pages\/2639\/revisions\/6674"}],"wp:attachment":[{"href":"https:\/\/hlrnet.com\/sites\/alt128\/wp-json\/wp\/v2\/media?parent=2639"}],"curies":[{"name":"wp","href":"https:\/\/api.w.org\/{rel}","templated":true}]}}