{"id":2637,"date":"2018-04-25T12:59:14","date_gmt":"2018-04-25T12:59:14","guid":{"rendered":"http:\/\/hlrnet.com\/sites\/alt128\/?page_id=2637"},"modified":"2026-02-14T15:17:04","modified_gmt":"2026-02-14T15:17:04","slug":"journaux-et-actualite","status":"publish","type":"page","link":"https:\/\/hlrnet.com\/sites\/alt128\/journaux-et-actualite\/","title":{"rendered":"Journaux et actualit\u00e9"},"content":{"rendered":"<ul>\n<li><a href=\"http:\/\/www.afp.com\/\" target=\"_blank\" rel=\"noopener noreferrer\">AFP<\/a><\/li>\n<li><a href=\"http:\/\/www.courrierinternational.com\/\" target=\"_blank\" rel=\"noopener noreferrer\">Courrier International<\/a>: guide mondial de la presse en ligne<\/li>\n<li><a href=\"http:\/\/www.m6actu.fr\/\">M6actu<\/a><\/li>\n<li><a href=\"https:\/\/www.mediapart.fr\/\">Mediapart<\/a>: le site d&rsquo;information ind\u00e9pendant<\/li>\n<li><a href=\"https:\/\/www.mediaterre.org\/\">M\u00e9diaterre<\/a> &#8211; toute l&rsquo;actualit\u00e9 du d\u00e9veloppement durable en langue fran\u00e7aise<\/li>\n<li><a href=\"http:\/\/www.netj.fr\/\" target=\"_blank\" rel=\"noopener noreferrer\">NetJ\u00a0 -journal des 15-25 ans<\/a><\/li>\n<li><a href=\"http:\/\/outremers360.com\/\">Outremers360<\/a><\/li>\n<li><a href=\"http:\/\/positivr.fr\/\">Positivr<\/a>: votre dose d&rsquo;inspiration positive<\/li>\n<li><a href=\"http:\/\/www.presse-francophone.org\/\" target=\"_blank\" rel=\"noopener noreferrer\">Presse Francophone.org<\/a> &#8211; Union internationale des journalistes de la Presse francophone (UIJPLF)<\/li>\n<li><a href=\"http:\/\/www.sur-la-toile.com\/\" target=\"_blank\" rel=\"noopener noreferrer\">Sur la toile<\/a>: blog et forum<\/li>\n<li><a href=\"file:\/\/\/H:\/notities\/rs%20-%20OneDrive-2018-04-24\/actufr.htm\">Notre s\u00e9lection<\/a> (hlrnet)<\/li>\n<\/ul>\n<p>Journaux et revues<\/p>\n<ul>\n<li>(FR)<\/li>\n<li><a href=\"http:\/\/www.20minutes.fr\/\" target=\"_blank\" rel=\"noopener noreferrer\">20 minutes.fr<\/a> : un bref aper\u00e7u de l&rsquo;actualit\u00e9<\/li>\n<li><a href=\"http:\/\/www.bienpublic.com\/\" target=\"_blank\" rel=\"noopener noreferrer\">Le Bien Public<\/a><\/li>\n<li><a href=\"http:\/\/www.charentelibre.fr\/\" target=\"_blank\" rel=\"noopener noreferrer\">Charente libre<\/a><\/li>\n<li><a href=\"http:\/\/www.corsematin.com\/\" target=\"_blank\" rel=\"noopener noreferrer\">Corse Matin<\/a><\/li>\n<li><a href=\"http:\/\/www.la-croix.com\/\" target=\"_blank\" rel=\"noopener noreferrer\">La Croix<\/a><\/li>\n<li><a href=\"https:\/\/www.courrier-picard.fr\/\" target=\"_blank\" rel=\"noopener noreferrer\">Le Courrier Picard<\/a><\/li>\n<li><a href=\"http:\/\/www.ladepeche.fr\/\" target=\"_blank\" rel=\"noopener noreferrer\">La D\u00e9p\u00eache du Midi<\/a><\/li>\n<li><a href=\"http:\/\/www.dna.fr\/\" target=\"_blank\" rel=\"noopener noreferrer\">Derni\u00e8res Nouvelles d&rsquo;Alsace<\/a><\/li>\n<li><a href=\"http:\/\/www.lesechos.fr\/\" target=\"_blank\" rel=\"noopener noreferrer\">Les \u00e9chos<\/a><\/li>\n<li><a href=\"http:\/\/www.estrepublicain.fr\/\" target=\"_blank\" rel=\"noopener noreferrer\">L&rsquo;Est r\u00e9publicain<\/a><\/li>\n<li><a href=\"http:\/\/www.lefigaro.fr\/\" target=\"_blank\" rel=\"noopener noreferrer\">Le Figaro<\/a><\/li>\n<li><a href=\"https:\/\/legrandcontinent.eu\/fr\/\">Le Grand Continent<\/a><\/li>\n<li><a href=\"http:\/\/www.humanite.fr\/\" target=\"_blank\" rel=\"noopener noreferrer\">L&rsquo;Humanit\u00e9<\/a><\/li>\n<li><a href=\"http:\/\/www.lejdd.fr\/\">Le journal du dimanche<\/a><\/li>\n<li><a href=\"http:\/\/www.liberation.fr\/\" target=\"_blank\" rel=\"noopener noreferrer\">Lib\u00e9ration<\/a><\/li>\n<li><a href=\"http:\/\/www.midilibre.fr\/\">Midi Libre<\/a><\/li>\n<li><a href=\"http:\/\/www.lemonde.fr\/\" target=\"_blank\" rel=\"noopener noreferrer\">Le Monde<\/a><\/li>\n<li><a href=\"http:\/\/www.monde-diplomatique.fr\/\" target=\"_blank\" rel=\"noopener noreferrer\">Le Monde diplomatique<\/a><\/li>\n<li><a href=\"https:\/\/www.mediapart.fr\/\">Mediapart<\/a><\/li>\n<li><a href=\"http:\/\/nouvelobs.com\/\" target=\"_blank\" rel=\"noopener noreferrer\">Nouvel Obs<\/a><\/li>\n<li><a href=\"https:\/\/www.lopinion.fr\">L&rsquo;Opinion<\/a><\/li>\n<li><a href=\"http:\/\/www.ouest-france.fr\/\" target=\"_blank\" rel=\"noopener noreferrer\">Ouest France<\/a><\/li>\n<li><a href=\"http:\/\/www.leparisien.fr\/\" target=\"_blank\" rel=\"noopener noreferrer\">Le Parisien<\/a><\/li>\n<li><a href=\"http:\/\/www.laprovence.com\/\" target=\"_blank\" rel=\"noopener noreferrer\">La Provence<\/a><\/li>\n<li><a href=\"http:\/\/www.sudouest.com\/\" target=\"_blank\" rel=\"noopener noreferrer\">Sud-Ouest<\/a><\/li>\n<li><a href=\"http:\/\/www.letelegramme.com\/\">Le T\u00e9l\u00e9gramme<\/a><\/li>\n<\/ul>\n<p>BE<\/p>\n<ul>\n<li>La liste de <a href=\"http:\/\/kiosko.net\/fr\/\">Kiosko<\/a><\/li>\n<\/ul>\n<ul>\n<li><a href=\"http:\/\/www.7sur7.be\/\" target=\"_blank\" rel=\"noopener noreferrer\">7 sur 7<\/a><\/li>\n<li><a href=\"https:\/\/www.sudinfo.be\/\">Sudinfo<\/a><\/li>\n<li><a href=\"http:\/\/www.dhnet.be\/\" target=\"_blank\" rel=\"noopener noreferrer\">La Derni\u00e8re Heure \/ Les Sports<\/a><\/li>\n<li><a href=\"http:\/\/www.lecho.be\/\" target=\"_blank\" rel=\"noopener noreferrer\">L&rsquo;\u00c9cho<\/a><\/li>\n<li><a href=\"http:\/\/www.lalibre.be\/\" target=\"_blank\" rel=\"noopener noreferrer\">La Libre Belgique<\/a><\/li>\n<li><a href=\"http:\/\/www.levif.be\/\" target=\"_blank\" rel=\"noopener noreferrer\">Le Vif<\/a><\/li>\n<li><a href=\"http:\/\/www.lesoir.be\/\" target=\"_blank\" rel=\"noopener noreferrer\">Le Soir<\/a><\/li>\n<li><a href=\"http:\/\/www.metrotime.be\/\" target=\"_blank\" rel=\"noopener noreferrer\">Metro<\/a><\/li>\n<\/ul>\n<p>CH<\/p>\n<ul>\n<li><a href=\"http:\/\/www.lematin.ch\/\" target=\"_blank\" rel=\"noopener noreferrer\">Le Matin<\/a><\/li>\n<li><a href=\"http:\/\/www.letemps.ch\/\" target=\"_blank\" rel=\"noopener noreferrer\">Le Temps<\/a><\/li>\n<\/ul>\n<p>CA<\/p>\n<ul>\n<li><a href=\"http:\/\/www.canadafrancais.com\/\" target=\"_blank\" rel=\"noopener noreferrer\">Le Canada fran\u00e7ais (hebdomadaire)<\/a><\/li>\n<li><a href=\"http:\/\/www.newswire.ca\/fr\/\" target=\"_blank\" rel=\"noopener noreferrer\">CNW<\/a> (Newswire)<\/li>\n<li><a href=\"http:\/\/www.ledevoir.com\/\">Le devoir<\/a><\/li>\n<li><a href=\"http:\/\/www.lapresse.ca\/\" target=\"_blank\" rel=\"noopener noreferrer\">La\u00a0presse<\/a><\/li>\n<\/ul>\n<p>LU<\/p>\n<ul>\n<li><a href=\"http:\/\/www.lessentiel.lu\/\">L&rsquo;essentiel<\/a><\/li>\n<\/ul>\n<ul>\n<li>Listes\n<ul>\n<li><a href=\"http:\/\/kiosko.net\/\">Kiosko<\/a>: <a href=\"http:\/\/kiosko.net\/be\/\">BE<\/a> &#8211; <a href=\"http:\/\/kiosko.net\/fr\">FR<\/a><\/li>\n<li><a href=\"http:\/\/www.newspaperdirect.com\/\">NewsPaperDirect<\/a><\/li>\n<\/ul>\n<\/li>\n<li>Actualit\u00e9\n<ul>\n<li><a href=\"http:\/\/www.afp.com\/\" target=\"_blank\" rel=\"noopener noreferrer\">Agence France Press<\/a><\/li>\n<\/ul>\n<\/li>\n<li>Forums, discussions et \u00e9changes\n<ul>\n<li><a href=\"http:\/\/www.larecherche.fr\/\" target=\"_blank\" rel=\"noopener noreferrer\">La Recherche<\/a><\/li>\n<li><a href=\"http:\/\/www.place-publique.fr\/\" target=\"_blank\" rel=\"noopener noreferrer\">Place Publique<\/a>: le site des initiatives citoyennes<\/li>\n<\/ul>\n<\/li>\n<li>Divers\n<ul>\n<li><a href=\"http:\/\/www.atlantico.fr\/\">Atlantico<\/a><\/li>\n<li><a href=\"https:\/\/reporterre.net\/\">Reporterre<\/a>: le m\u00e9dia de l&rsquo;\u00e9cologie<\/li>\n<\/ul>\n<\/li>\n<\/ul>\n<p>Nouvelles positives<\/p>\n<ul>\n<li><a href=\"https:\/\/www.20minutes.fr\/societe\/actualite-positive\/\">Actualit\u00e9 positive : des informations qui donnent le sourire (20 Minutes)<\/a><\/li>\n<li><a href=\"https:\/\/pepsnews.com\/\">Pepsnews<\/a><\/li>\n<\/ul>\n<span class=\"last-modified-timestamp\">F\u00e9v 14, 2026 @ 3:17 pm<\/span>\n","protected":false},"excerpt":{"rendered":"<p>AFP Courrier International: guide mondial de la presse en ligne M6actu Mediapart: le site d&rsquo;information ind\u00e9pendant M\u00e9diaterre &#8211; toute l&rsquo;actualit\u00e9 du d\u00e9veloppement durable en langue fran\u00e7aise NetJ\u00a0 -journal des 15-25 ans Outremers360 Positivr: votre dose d&rsquo;inspiration positive Presse <a href=\"http:\/\/Francophone.org\" class=\"autohyperlink\">Francophone.org<\/a> &#8211; Union internationale des journalistes de la Presse francophone (UIJPLF) Sur<\/p>\n","protected":false},"author":1,"featured_media":0,"parent":0,"menu_order":0,"comment_status":"closed","ping_status":"closed","template":"","meta":{"footnotes":"","_wp_rev_ctl_limit":""},"class_list":["post-2637","page","type-page","status-publish","hentry"],"publishpress_future_action":{"enabled":false,"date":"2026-05-01 10:55:50","action":"change-status","newStatus":"draft","terms":[],"taxonomy":"","extraData":[]},"publishpress_future_workflow_manual_trigger":{"enabledWorkflows":[]},"_links":{"self":[{"href":"https:\/\/hlrnet.com\/sites\/alt128\/wp-json\/wp\/v2\/pages\/2637","targetHints":{"allow":["GET"]}}],"collection":[{"href":"https:\/\/hlrnet.com\/sites\/alt128\/wp-json\/wp\/v2\/pages"}],"about":[{"href":"https:\/\/hlrnet.com\/sites\/alt128\/wp-json\/wp\/v2\/types\/page"}],"author":[{"embeddable":true,"href":"https:\/\/hlrnet.com\/sites\/alt128\/wp-json\/wp\/v2\/users\/1"}],"replies":[{"embeddable":true,"href":"https:\/\/hlrnet.com\/sites\/alt128\/wp-json\/wp\/v2\/comments?post=2637"}],"version-history":[{"count":33,"href":"https:\/\/hlrnet.com\/sites\/alt128\/wp-json\/wp\/v2\/pages\/2637\/revisions"}],"predecessor-version":[{"id":6712,"href":"https:\/\/hlrnet.com\/sites\/alt128\/wp-json\/wp\/v2\/pages\/2637\/revisions\/6712"}],"wp:attachment":[{"href":"https:\/\/hlrnet.com\/sites\/alt128\/wp-json\/wp\/v2\/media?parent=2637"}],"curies":[{"name":"wp","href":"https:\/\/api.w.org\/{rel}","templated":true}]}}