{"id":2625,"date":"2018-04-25T12:54:37","date_gmt":"2018-04-25T12:54:37","guid":{"rendered":"http:\/\/hlrnet.com\/sites\/alt128\/?page_id=2625"},"modified":"2025-12-24T16:49:26","modified_gmt":"2025-12-24T16:49:26","slug":"politique","status":"publish","type":"page","link":"https:\/\/hlrnet.com\/sites\/alt128\/politique\/","title":{"rendered":"Politique"},"content":{"rendered":"<ul>\n<li>France\n<ul>\n<li><a href=\"http:\/\/www.mouvementdemocrate.fr\/\">Modem<\/a><\/li>\n<li><a href=\"http:\/\/www.parti-socialiste.fr\/\">PS<\/a><\/li>\n<li><a href=\"http:\/\/www.pcf.fr\/\">PCF<\/a><\/li>\n<li><a href=\"http:\/\/www.republicains.fr\/\">Les R\u00e9publicains<\/a><\/li>\n<li><a href=\"http:\/\/www.lcp.fr\/\">LCP: la cha\u00eene parlementaire Assembl\u00e9e Nationale<\/a><\/li>\n<li><a href=\"http:\/\/www.vie-publique.fr\/\" target=\"_blank\" rel=\"noopener\">Vie publique.fr<\/a><\/li>\n<\/ul>\n<\/li>\n<li>Belgique\n<ul>\n<li><a href=\"https:\/\/www.lesengages.be\/\">Les engag\u00e9s<\/a><\/li>\n<li><a href=\"https:\/\/defi.eu\/\">D\u00e9fi<\/a><\/li>\n<\/ul>\n<ul>\n<li><a href=\"http:\/\/www.ecolo.be\/\">Ecolo<\/a><\/li>\n<li><a href=\"http:\/\/www.mr.be\/\">MR<\/a><\/li>\n<li><a href=\"http:\/\/www.lemcc.be\/\">MCC<\/a><\/li>\n<li><a href=\"http:\/\/www.ps.be\/\">PS<\/a><\/li>\n<\/ul>\n<\/li>\n<li>Opinions\n<ul>\n<li><a href=\"http:\/\/www.insee.fr\/\" target=\"_blank\" rel=\"noopener\">INSEE<\/a><\/li>\n<\/ul>\n<\/li>\n<\/ul>\n<span class=\"last-modified-timestamp\">D\u00e9c 24, 2025 @ 4:49 pm<\/span>\n","protected":false},"excerpt":{"rendered":"<p>France Modem PS PCF Les R\u00e9publicains LCP: la cha\u00eene parlementaire Assembl\u00e9e Nationale Vie publique.fr Belgique Les engag\u00e9s D\u00e9fi Ecolo MR MCC PS Opinions INSEE<\/p>\n","protected":false},"author":1,"featured_media":0,"parent":0,"menu_order":0,"comment_status":"closed","ping_status":"closed","template":"","meta":{"footnotes":"","_wp_rev_ctl_limit":""},"class_list":["post-2625","page","type-page","status-publish","hentry"],"publishpress_future_action":{"enabled":false,"date":"2026-05-01 01:58:53","action":"change-status","newStatus":"draft","terms":[],"taxonomy":"","extraData":[]},"publishpress_future_workflow_manual_trigger":{"enabledWorkflows":[]},"_links":{"self":[{"href":"https:\/\/hlrnet.com\/sites\/alt128\/wp-json\/wp\/v2\/pages\/2625","targetHints":{"allow":["GET"]}}],"collection":[{"href":"https:\/\/hlrnet.com\/sites\/alt128\/wp-json\/wp\/v2\/pages"}],"about":[{"href":"https:\/\/hlrnet.com\/sites\/alt128\/wp-json\/wp\/v2\/types\/page"}],"author":[{"embeddable":true,"href":"https:\/\/hlrnet.com\/sites\/alt128\/wp-json\/wp\/v2\/users\/1"}],"replies":[{"embeddable":true,"href":"https:\/\/hlrnet.com\/sites\/alt128\/wp-json\/wp\/v2\/comments?post=2625"}],"version-history":[{"count":10,"href":"https:\/\/hlrnet.com\/sites\/alt128\/wp-json\/wp\/v2\/pages\/2625\/revisions"}],"predecessor-version":[{"id":6678,"href":"https:\/\/hlrnet.com\/sites\/alt128\/wp-json\/wp\/v2\/pages\/2625\/revisions\/6678"}],"wp:attachment":[{"href":"https:\/\/hlrnet.com\/sites\/alt128\/wp-json\/wp\/v2\/media?parent=2625"}],"curies":[{"name":"wp","href":"https:\/\/api.w.org\/{rel}","templated":true}]}}