{"id":2621,"date":"2018-04-25T12:53:43","date_gmt":"2018-04-25T12:53:43","guid":{"rendered":"http:\/\/hlrnet.com\/sites\/alt128\/?page_id=2621"},"modified":"2026-04-23T08:51:57","modified_gmt":"2026-04-23T08:51:57","slug":"regions-et-pays","status":"publish","type":"page","link":"https:\/\/hlrnet.com\/sites\/alt128\/regions-et-pays\/","title":{"rendered":"R\u00e9gions et pays"},"content":{"rendered":"<ul>\n<li><a name=\"be\"><\/a><b>Belgique<\/b>\n<ul>\n<li><a href=\"https:\/\/www.iweps.be\/\">Institut wallon de l&rsquo;\u00e9valuation, de la prospective et de la statistique<\/a><\/li>\n<li><a href=\"http:\/\/www.wallonie.be\/\" target=\"_blank\" rel=\"noopener noreferrer\">Wallonie.be<\/a><\/li>\n<li><a href=\"http:\/\/www.wallonie.org\/\" target=\"_blank\" rel=\"noopener noreferrer\">Wallonie.org<\/a><\/li>\n<li><a href=\"http:\/\/walloniebelgiquetourisme.be\/\">Wallonie Belgique Tourisme<\/a><\/li>\n<li><a href=\"http:\/\/www.cfwb.be\/\" target=\"_blank\" rel=\"noopener noreferrer\">Communaut\u00e9 fran\u00e7aise<\/a><\/li>\n<li><a href=\"http:\/\/www.beauxvillages.be\/\" target=\"_blank\" rel=\"noopener noreferrer\">Les plus beaux villages de Wallonie<\/a><\/li>\n<li><a href=\"http:\/\/www.brabantwallon.be\/\" target=\"_blank\" rel=\"noopener noreferrer\">Brabant Wallon<\/a><\/li>\n<li><a href=\"http:\/\/www.hainaut.be\/\" target=\"_blank\" rel=\"noopener noreferrer\">Hainaut<\/a><\/li>\n<li><a href=\"http:\/\/www.visithainaut.be\/\" target=\"_blank\" rel=\"noopener noreferrer\">Hainaut Visite <\/a><\/li>\n<li><a href=\"http:\/\/www.provincedeliege.be\/\" target=\"_blank\" rel=\"noopener noreferrer\">Province de Li\u00e8ge<\/a>\n<ul>\n<li><a href=\"https:\/\/www.visitezliege.be\/\">Visitez Li\u00e8ge<\/a><\/li>\n<\/ul>\n<\/li>\n<li><a href=\"http:\/\/www.ftpl.be\/\" target=\"_blank\" rel=\"noopener noreferrer\">F\u00e9d\u00e9ration du Tourisme de la province de Li\u00e8ge<\/a><\/li>\n<li><a href=\"http:\/\/www.province.namur.be\/\" target=\"_blank\" rel=\"noopener noreferrer\">Province de Namur<\/a><\/li>\n<li><a href=\"https:\/\/www.ardennebelge.be\/\" target=\"_blank\" rel=\"noopener noreferrer\">Site officiel d&rsquo;Ardenne Belge Tourisme<\/a><\/li>\n<li><a href=\"http:\/\/www.gaumetourisme.be\/\" target=\"_blank\" rel=\"noopener noreferrer\">Gaume tourisme<\/a><\/li>\n<li><a href=\"https:\/\/ovatourisme.be\">Ourte-Vesdre-Ambl\u00e8ve<\/a><\/li>\n<li><a href=\"http:\/\/uvcw.be\/\">Union des Villes et Communes de Wallonie<\/a><\/li>\n<li><a href=\"https:\/\/ravel.wallonie.be\/\">RaVeL<\/a><\/li>\n<li><a href=\"https:\/\/be.brussels\/fr\" target=\"_blank\" rel=\"noopener noreferrer\">R\u00e9gion Bruxelles Capitale<\/a><\/li>\n<li><a href=\"https:\/\/www.visitwallonia.be\/fr\/\">Visit Wallonia<\/a><\/li>\n<li><a href=\"https:\/\/www.visitonsbruxelles.com\/\">Visitons Bruxelles<\/a><\/li>\n<li><a href=\"https:\/\/walloniebelgiquetourisme.be\/\">Wallonie Belgique Tourisme<\/a><\/li>\n<\/ul>\n<\/li>\n<li><a name=\"ca\"><\/a><b>Canada\u00a0<\/b>\n<ul>\n<li><a href=\"http:\/\/atlas.gc.ca\/\" target=\"_blank\" rel=\"noopener noreferrer\">Atlas du Canada<\/a><\/li>\n<li><a href=\"https:\/\/colin.ex-situ.info\/s\/colin\/page\/accueil\">Catalogue des \u0153uvres litt\u00e9raires num\u00e9riques (COLiN)<\/a> &#8211; Construire le corpus du Qu\u00e9bec<\/li>\n<li><a href=\"https:\/\/www.canada.ca\/\" target=\"_blank\" rel=\"noopener noreferrer\">Gouvernement du Canada<\/a><\/li>\n<li><a href=\"http:\/\/www.meteomedia.com\/\" target=\"_blank\" rel=\"noopener noreferrer\">M\u00e9t\u00e9oM\u00e9dia<\/a><\/li>\n<li><a href=\"http:\/\/www.mcq.org\/\" target=\"_blank\" rel=\"noopener noreferrer\">Mus\u00e9e de la civilisation<\/a><\/li>\n<li><a href=\"http:\/\/radio-canada.ca\/\" target=\"_blank\" rel=\"noopener noreferrer\">Radio Canada<\/a><\/li>\n<li><a href=\"http:\/\/www.statcan.gc.ca\/\" target=\"_blank\" rel=\"noopener noreferrer\">Statistique Canada<\/a><\/li>\n<li>Presse\n<ul>\n<li><a href=\"http:\/\/www.canadafrancais.com\/\" target=\"_blank\" rel=\"noopener noreferrer\">Le Canada fran\u00e7ais (hebdomadaire)<\/a><\/li>\n<li><a href=\"http:\/\/www.cyberpresse.ca\/\" target=\"_blank\" rel=\"noopener noreferrer\">Cyberpresse<\/a><\/li>\n<\/ul>\n<\/li>\n<\/ul>\n<\/li>\n<li><a name=\"fr\"><\/a><b>France<\/b>\n<ul>\n<li>G\u00e9n\u00e9ral\n<ul>\n<li><a href=\"http:\/\/www.annuaire-du-tourisme.net\/\" target=\"_blank\" rel=\"noopener noreferrer\">Annuaire du tourisme<\/a><\/li>\n<li><a href=\"http:\/\/www.l-internet-facile.com\/\" target=\"_blank\" rel=\"noopener noreferrer\">Annuaire r\u00e9gional de France<\/a><\/li>\n<li><a href=\"https:\/\/www.gralon.net\/\">Gralon<\/a><\/li>\n<li><a href=\"http:\/\/www.villagesdefrance.free.fr\/\" target=\"_blank\" rel=\"noopener noreferrer\">Les plus beaux villages de France<\/a><\/li>\n<li><a href=\"http:\/\/www.pour-les-vacances.com\/regions.htm\" target=\"_blank\" rel=\"noopener noreferrer\">Pour-les-vacances.com<\/a><\/li>\n<li><a href=\"http:\/\/www.meteofrance.com\/\" target=\"_blank\" rel=\"noopener noreferrer\">M\u00e9t\u00e9oFrance<\/a><\/li>\n<li><a href=\"http:\/\/www.villorama.com\/\" target=\"_blank\" rel=\"noopener noreferrer\">Villorama<\/a>: les 36.568 villes, villages et communes de France<\/li>\n<li><a href=\"http:\/\/www.vttfrance.com\/\">VTTFrance<\/a><\/li>\n<li><a href=\"https:\/\/fr.wikivoyage.org\/\">Wikifrance<\/a><\/li>\n<\/ul>\n<\/li>\n<li>Alsace\n<ul>\n<li><a href=\"http:\/\/www.alsace-passion.com\/\" target=\"_blank\" rel=\"noopener noreferrer\">Alsace Passion<\/a><\/li>\n<li><a href=\"http:\/\/www.alsannuaire.com\/\" target=\"_blank\" rel=\"noopener noreferrer\">Alsannuaire: moteur de recherche<\/a><\/li>\n<li><a href=\"http:\/\/www.photo-alsace.com\/\" target=\"_blank\" rel=\"noopener noreferrer\">PhotoAlsace<\/a><\/li>\n<li><a href=\"http:\/\/www.ville-mulhouse.fr\/\" target=\"_blank\" rel=\"noopener noreferrer\">Ville de Mulhouse<\/a><\/li>\n<li><a href=\"http:\/\/www.alsace-vosges-rando.com\/\" target=\"_blank\" rel=\"noopener noreferrer\">Vosges Alsace: randonn\u00e9es en montagne<\/a><\/li>\n<\/ul>\n<\/li>\n<li>Aquitaine\n<ul>\n<li><a href=\"http:\/\/www.ot-agen.org\/\" target=\"_blank\" rel=\"noopener noreferrer\">Agen: Office de Tourisme<\/a><\/li>\n<li><a href=\"http:\/\/www.bordeaux-tourisme.com\/\" target=\"_blank\" rel=\"noopener noreferrer\">Bordeaux Tourisme<\/a><\/li>\n<li><a href=\"http:\/\/www.clairac.com\/\" target=\"_blank\" rel=\"noopener noreferrer\">Clairac, porte du Lot<\/a><\/li>\n<li><a href=\"http:\/\/www.chateau-de-duras.com\/\" target=\"_blank\" rel=\"noopener noreferrer\">Ch\u00e2teau de Duras<\/a> (Lot et Garonne)<\/li>\n<li><a href=\"http:\/\/www.francesudouest.com\/\" target=\"_blank\" rel=\"noopener noreferrer\">FranceSudOuest<\/a>: Sud-Ouest, Aquitaine, Midi-Pyr\u00e9n\u00e9es<\/li>\n<li><a href=\"https:\/\/www.hominides.com\/\" target=\"_blank\" rel=\"noopener noreferrer\">Hominides<\/a> (<a href=\"http:\/\/hominides.com\" class=\"autohyperlink\">hominides.com<\/a>)<\/li>\n<\/ul>\n<\/li>\n<li>Nouvelle Aquitaine\n<ul>\n<li><a href=\"https:\/\/actu.fr\/nouvelle-aquitaine\/\">Actu.fr<\/a><\/li>\n<li><a href=\"https:\/\/fr.wikivoyage.org\/wiki\/Nouvelle-Aquitaine\">Wikivoyage<\/a><\/li>\n<\/ul>\n<\/li>\n<li>\u00a0Auvergne\n<ul>\n<li><a href=\"http:\/\/www.auvergne-tourisme.info\/\" target=\"_blank\" rel=\"noopener noreferrer\">Auvergne Tourisme<\/a><\/li>\n<li><a href=\"http:\/\/www.pays-bourbon.com\/\" target=\"_blank\" rel=\"noopener noreferrer\">Pays Bourbon<\/a><\/li>\n<li><a href=\"http:\/\/www.puy-de-dome.fr\/\" target=\"_blank\" rel=\"noopener noreferrer\">Conseil G\u00e9n\u00e9ral du Puy-de-D\u00f4me<\/a><\/li>\n<\/ul>\n<\/li>\n<li>Bourgogne\n<ul>\n<li><a href=\"http:\/\/www.bourgogne-tourisme.com\/\" target=\"_blank\" rel=\"noopener noreferrer\">Bourgogne Tourisme<\/a><\/li>\n<li><a href=\"http:\/\/www.abbayedefontenay.com\/\" target=\"_blank\" rel=\"noopener noreferrer\">Abbaye de Fontenay<\/a><\/li>\n<li><a href=\"http:\/\/www.cotedor-tourisme.com\/\" target=\"_blank\" rel=\"noopener noreferrer\">C\u00f4te d&rsquo;Or Tourisme<\/a><\/li>\n<li><a href=\"http:\/\/www.ot-montbard.fr\/\" target=\"_blank\" rel=\"noopener noreferrer\">Montbard<\/a><\/li>\n<li><a href=\"https:\/\/www.tourismecharolaisbrionnais.fr\/\">Pays Charolais Brionnais<\/a><\/li>\n<li><a href=\"http:\/\/www.ville-semur-en-auxois.fr\/\" target=\"_blank\" rel=\"noopener noreferrer\">Semur en Auxois<\/a><\/li>\n<li><a href=\"http:\/\/www.bourgogne-tourisme.com\/\" target=\"_blank\" rel=\"noopener noreferrer\">Tourisme en Bourgogne<\/a><\/li>\n<li><a href=\"http:\/\/www.yonne-89.net\/\" target=\"_blank\" rel=\"noopener noreferrer\">Yonne-89<\/a><\/li>\n<li><a href=\"https:\/\/fr.wikivoyage.org\/wiki\/Bourgogne-Franche-Comt%C3%A9\">Wikivoyage<\/a><\/li>\n<\/ul>\n<\/li>\n<li>Bretagne\n<ul>\n<li><a href=\"https:\/\/actu.fr\/bretagne\/\">Actu.fr<\/a><\/li>\n<li><a href=\"http:\/\/www.bretagne.com\/\" target=\"_blank\" rel=\"noopener noreferrer\">Bretagne.com<\/a><\/li>\n<li><a href=\"http:\/\/www.broceliande-pays.com\/\">Broc\u00e9liande<\/a><\/li>\n<li><a href=\"http:\/\/www.terresceltes.net\/\">Terres celtes<\/a><\/li>\n<li><a href=\"http:\/\/www.tourismebretagne.com\/\" target=\"_blank\" rel=\"noopener noreferrer\">Tourisme en Bretagne<\/a><\/li>\n<\/ul>\n<\/li>\n<li>Centre\n<ul>\n<li><a href=\"http:\/\/www.chartres.com\/\" target=\"_blank\" rel=\"noopener noreferrer\">Chartres<\/a><\/li>\n<li><a href=\"https:\/\/fr.wikivoyage.org\/wiki\/Centre-Val_de_Loire\">Wikivoyage<\/a><\/li>\n<\/ul>\n<\/li>\n<li>Champagne-Ardenne\n<ul>\n<li><a href=\"https:\/\/www.aube-champagne.com\/\">Aube-champagne<\/a><\/li>\n<li><a href=\"http:\/\/www.tourisme-champagne-ardenne.com\/\" target=\"_blank\" rel=\"noopener noreferrer\">CRT Champagne-Ardenne<\/a><\/li>\n<li><a href=\"http:\/\/www.tourisme-en-champagne.com\/\" target=\"_blank\" rel=\"noopener noreferrer\">Tourisme en Champagne<\/a> (comit\u00e9 d\u00e9partemental du tourisme de la Marne)<\/li>\n<li><a href=\"http:\/\/www.ville-troyes.fr\/\" target=\"_blank\" rel=\"noopener noreferrer\">Ville de Troyes<\/a><\/li>\n<\/ul>\n<\/li>\n<li>Franche-Comt\u00e9\n<ul>\n<li><a href=\"http:\/\/annuairefranchecomte.free.fr\/\" target=\"_blank\" rel=\"noopener noreferrer\">Annuaire touristique des communes de Franche-Comt\u00e9<\/a><\/li>\n<li><a href=\"http:\/\/www.franche-comte.com\/\" target=\"_blank\" rel=\"noopener noreferrer\">Franche-Comt\u00e9.com<\/a><\/li>\n<\/ul>\n<\/li>\n<li>Grand-Est\n<ul>\n<li><a href=\"https:\/\/actu.fr\/lorraine\/\">Actu.fr<\/a><\/li>\n<li><a href=\"https:\/\/www.grandest.fr\/\">Grandest<\/a><\/li>\n<li><a href=\"https:\/\/fr.wikivoyage.org\/wiki\/Grand_Est\">Wikivoyage<\/a><\/li>\n<\/ul>\n<\/li>\n<li>Hauts-de-France\n<ul>\n<li><a href=\"https:\/\/actu.fr\/hauts-de-france\/\">Actu.fr<\/a><\/li>\n<li><a href=\"https:\/\/www.france.fr\/fr\/hauts-de-france\">France.fr<\/a><\/li>\n<li><a href=\"http:\/\/www.hautsdefrance.fr\/\">Hautsdefrance<\/a><\/li>\n<li><a href=\"https:\/\/www.weo.fr\/\">Weo<\/a><\/li>\n<li><a href=\"https:\/\/fr.wikivoyage.org\/wiki\/Hauts-de-France\">Wikivoyage<\/a><\/li>\n<\/ul>\n<\/li>\n<li>\u00a0Languedoc-Roussillon\n<ul>\n<li><a href=\"http:\/\/www.lozere.fr\/\" target=\"_blank\" rel=\"noopener noreferrer\">Conseil g\u00e9n\u00e9ral de la Loz\u00e8re<\/a><\/li>\n<li><a href=\"http:\/\/www.lozere-tourisme.com\/\" target=\"_blank\" rel=\"noopener noreferrer\">Tourisme en Loz\u00e8re<\/a><\/li>\n<\/ul>\n<\/li>\n<li>Limousin\n<ul>\n<li><a href=\"https:\/\/www.creuse.fr\/\" target=\"_blank\" rel=\"noopener noreferrer\">Conseil g\u00e9n\u00e9ral de la Creuse<\/a><\/li>\n<\/ul>\n<\/li>\n<li>Lorraine\n<ul>\n<li><a href=\"http:\/\/www.tourismevosges.fr\/\">Tourisme Vosges<\/a><\/li>\n<li><a href=\"http:\/\/www.vosges.fr\/\">Vosges<\/a><\/li>\n<\/ul>\n<\/li>\n<li>Midi-Pyr\u00e9n\u00e9es\n<ul>\n<li><a href=\"http:\/\/www.canalmidi.com\/\" target=\"_blank\" rel=\"noopener noreferrer\">Canal du Midi<\/a><\/li>\n<li><a href=\"http:\/\/www.francesudouest.com\/\" target=\"_blank\" rel=\"noopener noreferrer\">FranceSudOuest<\/a>: Sud-Ouest, Aquitaine, Midi-Pyr\u00e9n\u00e9es<\/li>\n<li><a href=\"http:\/\/www.rocamadour.com\/\" target=\"_blank\" rel=\"noopener noreferrer\">Rocamadour<\/a><\/li>\n<li><a href=\"http:\/\/www.sudouest.com\/\" target=\"_blank\" rel=\"noopener noreferrer\">SudOuest<\/a><\/li>\n<li><a href=\"http:\/\/www.vallee-dordogne.com\/\">Vall\u00e9e de la Dordogne<\/a><\/li>\n<\/ul>\n<\/li>\n<li>Nord &#8211; Pas de Calais\n<ul>\n<li><a href=\"http:\/\/www.pas-de-calais.com\/\" target=\"_blank\" rel=\"noopener noreferrer\">Pas-de-Calais.com<\/a><\/li>\n<li><a href=\"http:\/\/www.weo.fr\/\">W\u00e9o<\/a>: la TNT Nord-Pas-de-Calais<\/li>\n<\/ul>\n<\/li>\n<li>Normandie\n<ul>\n<li><a href=\"http:\/\/www.manchetourisme.com\/\" target=\"_blank\" rel=\"noopener noreferrer\">Comit\u00e9 D\u00e9partemental de Tourisme de la Manche<\/a><\/li>\n<li><a href=\"http:\/\/www.normandieweb.org\/\" target=\"_blank\" rel=\"noopener noreferrer\">Normandieweb<\/a><\/li>\n<li><a href=\"https:\/\/fr.wikivoyage.org\/wiki\/Normandie\">Wikivoyage<\/a><\/li>\n<\/ul>\n<\/li>\n<li>Occitanie\n<ul>\n<li><a href=\"https:\/\/actu.fr\/occitanie\/\">Actu.fr<\/a><\/li>\n<li><a href=\"https:\/\/www.laregion.fr\/\">Laregion<\/a><\/li>\n<li><a href=\"https:\/\/www.oc-citanie.fr\/\">Oc-citanie.fr<\/a><\/li>\n<li><a href=\"https:\/\/www.provenceoccitane.com\/\">Provence occitan<\/a><a href=\"https:\/\/www.provenceoccitane.com\/\">e<\/a><\/li>\n<li><a href=\"https:\/\/qualite-tourisme-occitanie.fr\/\">Qualit\u00e9 Tourisme Occitanie<\/a><\/li>\n<li><a href=\"https:\/\/www.tourisme-occitanie.com\">Tourisme Occitanie<\/a><\/li>\n<\/ul>\n<\/li>\n<li>Paris &#8211; Ile-de-France\n<ul>\n<li><a href=\"http:\/\/www.paris.org\/\" target=\"_blank\" rel=\"noopener noreferrer\">Les pages de Paris<\/a><\/li>\n<li><a href=\"https:\/\/parisjetaime.com\/\" target=\"_blank\" rel=\"noopener noreferrer\">Paris je t&rsquo;aime: Office de tourisme<\/a><\/li>\n<li><a href=\"http:\/\/www.paris-france.org\/\" target=\"_blank\" rel=\"noopener noreferrer\">Serveur officiel de la ville de Paris<\/a><\/li>\n<li><a href=\"http:\/\/www.tour-eiffel.fr\/\" target=\"_blank\" rel=\"noopener noreferrer\">Site de la Tour Eiffel<\/a><\/li>\n<li><a href=\"http:\/\/www.paris.org\/\" target=\"_blank\" rel=\"noopener noreferrer\">Paris.org<\/a><\/li>\n<li><a href=\"https:\/\/www.parisbouge.com\/\">Paris Bouge<\/a><\/li>\n<li><a href=\"http:\/\/www.paris-france.org\/\" target=\"_blank\" rel=\"noopener noreferrer\">Paris-France<\/a><\/li>\n<li><a href=\"http:\/\/www.ardeche-guide.com\/\">Paris Rando V\u00e9lo<\/a><\/li>\n<li><a href=\"https:\/\/fr.wikivoyage.org\/wiki\/%C3%8Ele-de-France\">Wikivoyage<\/a><\/li>\n<\/ul>\n<\/li>\n<li>Pays de la Loire\n<ul>\n<li><a href=\"http:\/\/www.anjou-tourisme.com\/\" target=\"_blank\" rel=\"noopener noreferrer\">Anjou Tourisme<\/a><\/li>\n<li><a href=\"http:\/\/www.jardins-de-france.com\/\" target=\"_blank\" rel=\"noopener noreferrer\">Jardins de France<\/a><\/li>\n<li><a href=\"http:\/\/www.paysdelaloire.fr\/\" target=\"_blank\" rel=\"noopener noreferrer\">R\u00e9gion Pays de la Loire<\/a><\/li>\n<li><a href=\"http:\/\/www.ligeris.com\/\" target=\"_blank\" rel=\"noopener noreferrer\">Tours<\/a><\/li>\n<li><a href=\"https:\/\/fr.wikivoyage.org\/wiki\/Pays_de_la_Loire\">Wikivoyage<\/a><\/li>\n<\/ul>\n<\/li>\n<li>Picardie\n<ul>\n<li><a href=\"http:\/\/www.oisetourisme.com\/\" target=\"_blank\" rel=\"noopener noreferrer\">Oise Tourisme<\/a><\/li>\n<li><a href=\"http:\/\/www.picardietourisme.com\/\" target=\"_blank\" rel=\"noopener noreferrer\">Picardie Tourisme<\/a><\/li>\n<\/ul>\n<\/li>\n<li>Poitou-Charentes\n<ul>\n<li><a href=\"http:\/\/www.alienor.org\/\" target=\"_blank\" rel=\"noopener noreferrer\">Ali\u00e9nor: conseil des mus\u00e9es de Poutou-Charentes<\/a><\/li>\n<li><a href=\"http:\/\/www.bernezac.com\/\" target=\"_blank\" rel=\"noopener noreferrer\">Bernezac.com<\/a><\/li>\n<li><a href=\"http:\/\/www.en-charente-maritime.com\/\">En Charente-Maritime<\/a><\/li>\n<li><a href=\"http:\/\/www.cg16.fr\/\" target=\"_blank\" rel=\"noopener noreferrer\">Conseil g\u00e9n\u00e9ral de la Charente<\/a><\/li>\n<li><a href=\"http:\/\/www.gitescharente.com\/\" target=\"_blank\" rel=\"noopener noreferrer\">G\u00eetes ruraux en Charente<\/a><\/li>\n<\/ul>\n<\/li>\n<li>Provence-Alpes-C\u00f4te d&rsquo;Azur\n<ul>\n<li><a href=\"http:\/\/www.provenceweb.fr\/\" target=\"_blank\" rel=\"noopener noreferrer\">Provence Web<\/a><\/li>\n<li><a href=\"https:\/\/www.maregionsud.fr\/\" target=\"_blank\" rel=\"noopener noreferrer\">Ma R\u00e9gion Sud<\/a><\/li>\n<li><a href=\"https:\/\/fr.wikivoyage.org\/wiki\/Provence-Alpes-C%C3%B4te_d%27Azur\">Wikivoyage<\/a><\/li>\n<\/ul>\n<\/li>\n<li>Rh\u00f4ne-Alpes\n<ul>\n<li><a href=\"http:\/\/www.ardeche-evasion.com\/\">Ard\u00e8che \u00e9vasion<\/a><\/li>\n<li><a href=\"http:\/\/www.ardeche-guide.com\/\">Ard\u00e8che tourisme<\/a><\/li>\n<li><a href=\"http:\/\/annuairerhonealpes.free.fr\/\" target=\"_blank\" rel=\"noopener noreferrer\">Annuaire Rh\u00f4ne-Alpes<\/a>\n<ul>\n<li><a href=\"http:\/\/www.cg38.fr\/\" target=\"_blank\" rel=\"noopener noreferrer\">Is\u00e8re<\/a><\/li>\n<\/ul>\n<\/li>\n<li><a href=\"http:\/\/www.tourisme-haute-savoie.com\/\" target=\"_blank\" rel=\"noopener noreferrer\">Tourisme en Haute-Savoie<\/a><\/li>\n<\/ul>\n<\/li>\n<li>Outre-Mer<\/li>\n<li><a href=\"http:\/\/outremers360.com\/\">Outremers360<\/a><\/li>\n<li><a href=\"https:\/\/taaf.fr\/\">Les Terres australes et antarctiques fran\u00e7aises &#8211; TAAF<\/a><\/li>\n<li>Outre Mer: Antilles\n<ul>\n<li><a href=\"http:\/\/www.info.lnc.nc\/\" target=\"_blank\" rel=\"noopener noreferrer\">Les Nouvelles Cal\u00e9doniennes<\/a><\/li>\n<\/ul>\n<\/li>\n<\/ul>\n<ul>\n<li>Outre Mer: R\u00e9union\n<ul>\n<li><a href=\"http:\/\/www.lequotidien.re\/\">Le Quotidien<\/a><\/li>\n<li><a href=\"http:\/\/www.regionreunion.com\/\">R\u00e9gion R\u00e9union<\/a><\/li>\n<\/ul>\n<\/li>\n<\/ul>\n<\/li>\n<li><a name=\"lu\"><\/a><strong>Luxembourg<\/strong>\n<ul>\n<li><a href=\"http:\/\/www.etat.lu\/\" target=\"_blank\" rel=\"noopener noreferrer\">Annuaire des sites publics<\/a><\/li>\n<li><a href=\"http:\/\/www.chd.lu\/\" target=\"_blank\" rel=\"noopener noreferrer\">Chambres des D\u00e9put\u00e9s<\/a><\/li>\n<li><a href=\"http:\/\/www.gouvernement.lu\/\" target=\"_blank\" rel=\"noopener noreferrer\">Gouvernement du Grand-Duch\u00e9 <\/a><\/li>\n<li><a href=\"http:\/\/www.legilux.public.lu\/\" target=\"_blank\" rel=\"noopener noreferrer\">L\u00e9gilux: portail juridique<\/a><\/li>\n<li><a href=\"http:\/\/www.ont.lu\/\" target=\"_blank\" rel=\"noopener noreferrer\">Office National de Tourisme<\/a><\/li>\n<li><a href=\"http:\/\/www.environnement.public.lu\/\" target=\"_blank\" rel=\"noopener noreferrer\">Portail de l&rsquo;environnement<\/a><\/li>\n<li><a href=\"http:\/\/www.statistiques.public.lu\/fr\/\" target=\"_blank\" rel=\"noopener noreferrer\">Portail des statistiques<\/a><\/li>\n<li><a href=\"http:\/\/www.resto.lu\/\" target=\"_blank\" rel=\"noopener noreferrer\">Resto.lu<\/a>: restaurants au Grand-Duch\u00e9<\/li>\n<\/ul>\n<\/li>\n<li><a name=\"ch\"><\/a><b>Suisse<\/b>\n<ul>\n<li><a href=\"http:\/\/www.juratourisme.ch\/\" target=\"_blank\" rel=\"noopener noreferrer\">Jura Tourisme<\/a><\/li>\n<li><a href=\"http:\/\/www.lausanne-tourisme.ch\/\" target=\"_blank\" rel=\"noopener noreferrer\">Lausanne<\/a><\/li>\n<\/ul>\n<\/li>\n<li><b>Et plus<\/b>\n<ul>\n<li><a href=\"http:\/\/www.afrik.com\/\">Afrik.com: portail de l&rsquo;Afrique et du Maghreb<\/a><\/li>\n<li><a href=\"https:\/\/www.gouv.mc\/\">Gouvernement Princier (Monaco)<\/a><\/li>\n<li><a href=\"https:\/\/mappuzzle.xyz\/\">MapPuzzle<\/a>: puzzles g\u00e9ographiques &#8211; pays et r\u00e9gions<\/li>\n<\/ul>\n<\/li>\n<li><strong><a name=\"liban\"><\/a>Liban<\/strong>\n<ul>\n<li><a href=\"http:\/\/le-liban.com\/\" target=\"_blank\" rel=\"noopener noreferrer\">Le-liban.com<\/a><\/li>\n<li><a href=\"http:\/\/www.libanvision.com\/\" target=\"_blank\" rel=\"noopener noreferrer\">Libanvision<\/a><\/li>\n<\/ul>\n<\/li>\n<\/ul>\n<span class=\"last-modified-timestamp\">Avr 23, 2026 @ 8:51 am<\/span>\n","protected":false},"excerpt":{"rendered":"<p>Belgique Institut wallon de l&rsquo;\u00e9valuation, de la prospective et de la statistique Wallonie.be <a href=\"http:\/\/Wallonie.org\" class=\"autohyperlink\">Wallonie.org<\/a> Wallonie Belgique Tourisme Communaut\u00e9 fran\u00e7aise Les plus beaux villages de Wallonie Brabant Wallon Hainaut Hainaut Visite Province de Li\u00e8ge Visitez Li\u00e8ge F\u00e9d\u00e9ration du Tourisme de la province de Li\u00e8ge Province de Namur Site officiel d&rsquo;Ardenne Belge<\/p>\n","protected":false},"author":1,"featured_media":0,"parent":0,"menu_order":0,"comment_status":"closed","ping_status":"closed","template":"","meta":{"footnotes":"","_wp_rev_ctl_limit":""},"class_list":["post-2621","page","type-page","status-publish","hentry"],"publishpress_future_action":{"enabled":false,"date":"2026-05-01 02:06:00","action":"change-status","newStatus":"draft","terms":[],"taxonomy":"","extraData":[]},"publishpress_future_workflow_manual_trigger":{"enabledWorkflows":[]},"_links":{"self":[{"href":"https:\/\/hlrnet.com\/sites\/alt128\/wp-json\/wp\/v2\/pages\/2621","targetHints":{"allow":["GET"]}}],"collection":[{"href":"https:\/\/hlrnet.com\/sites\/alt128\/wp-json\/wp\/v2\/pages"}],"about":[{"href":"https:\/\/hlrnet.com\/sites\/alt128\/wp-json\/wp\/v2\/types\/page"}],"author":[{"embeddable":true,"href":"https:\/\/hlrnet.com\/sites\/alt128\/wp-json\/wp\/v2\/users\/1"}],"replies":[{"embeddable":true,"href":"https:\/\/hlrnet.com\/sites\/alt128\/wp-json\/wp\/v2\/comments?post=2621"}],"version-history":[{"count":204,"href":"https:\/\/hlrnet.com\/sites\/alt128\/wp-json\/wp\/v2\/pages\/2621\/revisions"}],"predecessor-version":[{"id":6742,"href":"https:\/\/hlrnet.com\/sites\/alt128\/wp-json\/wp\/v2\/pages\/2621\/revisions\/6742"}],"wp:attachment":[{"href":"https:\/\/hlrnet.com\/sites\/alt128\/wp-json\/wp\/v2\/media?parent=2621"}],"curies":[{"name":"wp","href":"https:\/\/api.w.org\/{rel}","templated":true}]}}