{"id":2613,"date":"2018-04-25T12:51:15","date_gmt":"2018-04-25T12:51:15","guid":{"rendered":"http:\/\/hlrnet.com\/sites\/alt128\/?page_id=2613"},"modified":"2023-06-12T19:34:32","modified_gmt":"2023-06-12T19:34:32","slug":"services-officiels","status":"publish","type":"page","link":"https:\/\/hlrnet.com\/sites\/alt128\/services-officiels\/","title":{"rendered":"Services officiels"},"content":{"rendered":"<ul>\n<li><b>Supranational<\/b>\n<ul>\n<li><a href=\"https:\/\/www.francophonie.org\/\" target=\"_blank\" rel=\"noopener\">Agence de la Francophonie<\/a><\/li>\n<li><a href=\"http:\/\/www.diploweb.com\/\" target=\"_blank\" rel=\"noopener\">Diploweb<\/a> &#8211; diplomatie<\/li>\n<li><a href=\"https:\/\/www.francophonie.org\/\" target=\"_blank\" rel=\"noopener\">OIF &#8211; Organisation Internationale de la Francophonie<\/a><\/li>\n<\/ul>\n<\/li>\n<li>FR\n<ul>\n<li><a href=\"http:\/\/www.auf.org\/\" target=\"_blank\" rel=\"noopener\">Agence universitaire de la francophonie<\/a><\/li>\n<li><a href=\"http:\/\/www.assemblee-nationale.fr\/\" target=\"_blank\" rel=\"noopener\">L&rsquo;Assembl\u00e9e nationale<\/a><\/li>\n<li><a href=\"http:\/\/www.afnor.org\/\" target=\"_blank\" rel=\"noopener\">Association Fran\u00e7aise de Normalisation<\/a><\/li>\n<li><a href=\"http:\/\/www.ccip.fr\/\" target=\"_blank\" rel=\"noopener\">Chambre de Commerce et d&rsquo;Industrie de Paris<\/a><\/li>\n<li><a href=\"http:\/\/www.journal-officiel.gouv.fr\/\" target=\"_blank\" rel=\"noopener\">Journal Officiel<\/a><\/li>\n<li><a href=\"http:\/\/www.legifrance.gouv.fr\/\" target=\"_blank\" rel=\"noopener\">L\u00e9gifrance<\/a>: la l\u00e9gislation fran\u00e7aise<\/li>\n<li><a href=\"http:\/\/www.education.gouv.fr\/\" target=\"_blank\" rel=\"noopener\">Minist\u00e8re de l&rsquo;Education nationale<\/a><\/li>\n<li><a href=\"http:\/\/www.education.gouv.fr\/\" target=\"_blank\" rel=\"noopener\">Minist\u00e8re de l&rsquo;Education Nationale<\/a><\/li>\n<li><a href=\"https:\/\/www.diplomatie.gouv.fr\/\" target=\"_blank\" rel=\"noopener\">Minist\u00e8re des Affaires \u00c9trang\u00e8res &#8211; France Diplomatie<\/a><\/li>\n<li><a href=\"http:\/\/www.culture.fr\/\" target=\"_blank\" rel=\"noopener\">Minist\u00e8re de la Culture et de la Francophonie<\/a><\/li>\n<li><a href=\"http:\/\/www.gouvernement.fr\/\" target=\"_blank\" rel=\"noopener\">Portail du Gouvernement<\/a><\/li>\n<li><a href=\"http:\/\/www.senat.fr\/\" target=\"_blank\" rel=\"noopener\">S\u00e9nat<\/a><\/li>\n<li><a href=\"https:\/\/www.service-public.fr\/\" target=\"_blank\" rel=\"noopener\">Service-Public: portail de l&rsquo;administration<\/a><\/li>\n<\/ul>\n<\/li>\n<li>BE\n<ul>\n<li><a href=\"http:\/\/www.cfwb.be\/\" target=\"_blank&quot;\" rel=\"noopener\">Communaut\u00e9 fran\u00e7aise de Belgique<\/a><\/li>\n<li><a href=\"http:\/\/belgium.fgov.be\/\" target=\"_blank\" rel=\"noopener\">Le gouvernement f\u00e9d\u00e9ral belge<\/a><\/li>\n<li><a href=\"http:\/\/www.wallonie.org\/\" target=\"_blank\" rel=\"noopener\">Gouvernement wallon<\/a><\/li>\n<li><a href=\"http:\/\/www.spfb.brussels\/\">Service public francophone bruxelles (COCOF)<\/a><\/li>\n<li><a href=\"http:\/\/www.web.be\/\" target=\"_blank\" rel=\"noopener\">Wallonie et Bruxelles<\/a><\/li>\n<\/ul>\n<\/li>\n<li>CA\n<ul>\n<li>&#8211;<\/li>\n<\/ul>\n<\/li>\n<li>CH\n<ul>\n<li><a href=\"http:\/\/www.admin.ch\/\" target=\"_blank\" rel=\"noopener\">Les Autorit\u00e9s f\u00e9d\u00e9rales suisses<\/a><\/li>\n<\/ul>\n<\/li>\n<\/ul>\n<span class=\"last-modified-timestamp\">Juin 12, 2023 @ 7:34 pm<\/span>\n","protected":false},"excerpt":{"rendered":"<p>Supranational Agence de la Francophonie Diploweb &#8211; diplomatie OIF &#8211; Organisation Internationale de la Francophonie FR Agence universitaire de la francophonie L&rsquo;Assembl\u00e9e nationale Association Fran\u00e7aise de Normalisation Chambre de Commerce et d&rsquo;Industrie de Paris Journal Officiel L\u00e9gifrance: la l\u00e9gislation fran\u00e7aise Minist\u00e8re de l&rsquo;Education nationale Minist\u00e8re de l&rsquo;Education Nationale Minist\u00e8re des<\/p>\n","protected":false},"author":1,"featured_media":0,"parent":0,"menu_order":0,"comment_status":"closed","ping_status":"closed","template":"","meta":{"footnotes":"","_wp_rev_ctl_limit":""},"class_list":["post-2613","page","type-page","status-publish","hentry"],"publishpress_future_action":{"enabled":false,"date":"2026-05-01 01:58:23","action":"change-status","newStatus":"draft","terms":[],"taxonomy":"","extraData":[]},"publishpress_future_workflow_manual_trigger":{"enabledWorkflows":[]},"_links":{"self":[{"href":"https:\/\/hlrnet.com\/sites\/alt128\/wp-json\/wp\/v2\/pages\/2613","targetHints":{"allow":["GET"]}}],"collection":[{"href":"https:\/\/hlrnet.com\/sites\/alt128\/wp-json\/wp\/v2\/pages"}],"about":[{"href":"https:\/\/hlrnet.com\/sites\/alt128\/wp-json\/wp\/v2\/types\/page"}],"author":[{"embeddable":true,"href":"https:\/\/hlrnet.com\/sites\/alt128\/wp-json\/wp\/v2\/users\/1"}],"replies":[{"embeddable":true,"href":"https:\/\/hlrnet.com\/sites\/alt128\/wp-json\/wp\/v2\/comments?post=2613"}],"version-history":[{"count":10,"href":"https:\/\/hlrnet.com\/sites\/alt128\/wp-json\/wp\/v2\/pages\/2613\/revisions"}],"predecessor-version":[{"id":5498,"href":"https:\/\/hlrnet.com\/sites\/alt128\/wp-json\/wp\/v2\/pages\/2613\/revisions\/5498"}],"wp:attachment":[{"href":"https:\/\/hlrnet.com\/sites\/alt128\/wp-json\/wp\/v2\/media?parent=2613"}],"curies":[{"name":"wp","href":"https:\/\/api.w.org\/{rel}","templated":true}]}}