{"id":2538,"date":"2018-01-03T19:24:35","date_gmt":"2018-01-03T19:24:35","guid":{"rendered":"http:\/\/hlrnet.com\/sites\/alt128\/?page_id=2538"},"modified":"2018-05-03T16:21:28","modified_gmt":"2018-05-03T16:21:28","slug":"protection-des-donnees-personnelles","status":"publish","type":"page","link":"https:\/\/hlrnet.com\/sites\/alt128\/protection-des-donnees-personnelles\/","title":{"rendered":"Protection des donn\u00e9es personnelles"},"content":{"rendered":"<p>Nous respectons absolument toutes vos donn\u00e9es personnelles: nous n&rsquo;en demandons aucune, donc nous n&rsquo;avons rien \u00e0 sauvegarder.<\/p>\n<p>Nous utilisons les cookies n\u00e9cessaires au fonctionnement de WordPress, et un compteur Google Analytics. Ces cookies et ces donn\u00e9es sont anonymes.<\/p>\n","protected":false},"excerpt":{"rendered":"<p>Nous respectons absolument toutes vos donn\u00e9es personnelles: nous n&rsquo;en demandons aucune, donc nous n&rsquo;avons rien \u00e0 sauvegarder. Nous utilisons les cookies n\u00e9cessaires au fonctionnement de WordPress, et un compteur Google Analytics. Ces cookies et ces donn\u00e9es sont anonymes.<\/p>\n","protected":false},"author":1,"featured_media":0,"parent":0,"menu_order":0,"comment_status":"closed","ping_status":"closed","template":"","meta":{"footnotes":"","_wp_rev_ctl_limit":""},"class_list":["post-2538","page","type-page","status-publish","hentry"],"publishpress_future_action":{"enabled":false,"date":"2026-05-01 07:09:10","action":"change-status","newStatus":"draft","terms":[],"taxonomy":"","extraData":[]},"publishpress_future_workflow_manual_trigger":{"enabledWorkflows":[]},"_links":{"self":[{"href":"https:\/\/hlrnet.com\/sites\/alt128\/wp-json\/wp\/v2\/pages\/2538","targetHints":{"allow":["GET"]}}],"collection":[{"href":"https:\/\/hlrnet.com\/sites\/alt128\/wp-json\/wp\/v2\/pages"}],"about":[{"href":"https:\/\/hlrnet.com\/sites\/alt128\/wp-json\/wp\/v2\/types\/page"}],"author":[{"embeddable":true,"href":"https:\/\/hlrnet.com\/sites\/alt128\/wp-json\/wp\/v2\/users\/1"}],"replies":[{"embeddable":true,"href":"https:\/\/hlrnet.com\/sites\/alt128\/wp-json\/wp\/v2\/comments?post=2538"}],"version-history":[{"count":2,"href":"https:\/\/hlrnet.com\/sites\/alt128\/wp-json\/wp\/v2\/pages\/2538\/revisions"}],"predecessor-version":[{"id":2764,"href":"https:\/\/hlrnet.com\/sites\/alt128\/wp-json\/wp\/v2\/pages\/2538\/revisions\/2764"}],"wp:attachment":[{"href":"https:\/\/hlrnet.com\/sites\/alt128\/wp-json\/wp\/v2\/media?parent=2538"}],"curies":[{"name":"wp","href":"https:\/\/api.w.org\/{rel}","templated":true}]}}