{"id":2,"date":"2009-02-23T04:54:39","date_gmt":"2009-02-23T10:54:39","guid":{"rendered":"http:\/\/hlrnet.com\/alt128\/?page_id=2"},"modified":"2023-02-02T17:33:45","modified_gmt":"2023-02-02T17:33:45","slug":"about","status":"publish","type":"page","link":"https:\/\/hlrnet.com\/sites\/alt128\/","title":{"rendered":"Bienvenue"},"content":{"rendered":"<p>Alt+128 est la combinaison qui permet de produire la majuscule \u00c7.<\/p>\n<p>Ce site recueille les liens en FLE de <a href=\"http:\/\/www.hlrnet.com\">hlrnet.com<\/a>\u00a0et publie des\u00a0<a href=\"http:\/\/hlrnet.com\/sites\/alt128\/?cat=6\">titres de presse<\/a> avec <a href=\"http:\/\/hlrnet.com\/sites\/alt128\/?feed=rss2\">un fil RSS<\/a> pouvant d&rsquo;int\u00e9grer \u00e0 un blog \u00e9ducatif ou dans une plateforme d&rsquo;apprentissage..<\/p>\n<p>Et si vous voulez voir l&rsquo;actualit\u00e9 du moment, <a href=\"http:\/\/hlrnet.com\/sites\/actu-fr\">venez par ici<\/a>.<\/p>\n<div class=\"notranslate\" style=\"all: initial;\"><\/div>\n","protected":false},"excerpt":{"rendered":"<p>Alt+128 est la combinaison qui permet de produire la majuscule \u00c7. Ce site recueille les liens en FLE de <a href=\"http:\/\/hlrnet.com\" class=\"autohyperlink\">hlrnet.com<\/a>\u00a0et publie des\u00a0titres de presse avec un fil RSS pouvant d&rsquo;int\u00e9grer \u00e0 un blog \u00e9ducatif ou dans une plateforme d&rsquo;apprentissage.. Et si vous voulez voir l&rsquo;actualit\u00e9 du moment, venez par ici.<\/p>\n","protected":false},"author":1,"featured_media":0,"parent":0,"menu_order":0,"comment_status":"closed","ping_status":"closed","template":"","meta":{"footnotes":"","_wp_rev_ctl_limit":""},"class_list":["post-2","page","type-page","status-publish","hentry"],"publishpress_future_action":{"enabled":false,"date":"2026-04-30 21:33:14","action":"change-status","newStatus":"draft","terms":[],"taxonomy":"","extraData":[]},"publishpress_future_workflow_manual_trigger":{"enabledWorkflows":[]},"_links":{"self":[{"href":"https:\/\/hlrnet.com\/sites\/alt128\/wp-json\/wp\/v2\/pages\/2","targetHints":{"allow":["GET"]}}],"collection":[{"href":"https:\/\/hlrnet.com\/sites\/alt128\/wp-json\/wp\/v2\/pages"}],"about":[{"href":"https:\/\/hlrnet.com\/sites\/alt128\/wp-json\/wp\/v2\/types\/page"}],"author":[{"embeddable":true,"href":"https:\/\/hlrnet.com\/sites\/alt128\/wp-json\/wp\/v2\/users\/1"}],"replies":[{"embeddable":true,"href":"https:\/\/hlrnet.com\/sites\/alt128\/wp-json\/wp\/v2\/comments?post=2"}],"version-history":[{"count":6,"href":"https:\/\/hlrnet.com\/sites\/alt128\/wp-json\/wp\/v2\/pages\/2\/revisions"}],"predecessor-version":[{"id":5228,"href":"https:\/\/hlrnet.com\/sites\/alt128\/wp-json\/wp\/v2\/pages\/2\/revisions\/5228"}],"wp:attachment":[{"href":"https:\/\/hlrnet.com\/sites\/alt128\/wp-json\/wp\/v2\/media?parent=2"}],"curies":[{"name":"wp","href":"https:\/\/api.w.org\/{rel}","templated":true}]}}